{"id":18239,"date":"2024-08-27T22:12:33","date_gmt":"2024-08-27T13:12:33","guid":{"rendered":"https:\/\/sfashionaccessories.com\/?post_type=product&#038;p=18239"},"modified":"2025-08-02T18:05:21","modified_gmt":"2025-08-02T09:05:21","slug":"shorts-linho-sawary-275440","status":"publish","type":"product","link":"https:\/\/sfashionaccessories.com\/?product=shorts-linho-sawary-275440","title":{"rendered":"Shorts Linho Sawary &#8211; 275440"},"content":{"rendered":"<p>Shorts confeccionada em linho. Modelagem soltinho. Cintura m\u00e9dia Fechamento com bot\u00e3o e z\u00edper Bolsos frontais faca Barra simples Tecido: linho<\/p>\n<p>Tipo de lavagem: Color<\/p>\n<p>Cor: preto<\/p>\n<p>composi\u00e7\u00e3o: 55% linho 45% viscose<\/p>\n","protected":false},"excerpt":{"rendered":"<p>Shorts confeccionada em linho. Modelagem soltinho. Cintura m\u00e9dia Fechamento com bot\u00e3o e z\u00edper Bolsos frontais faca Barra simples Tecido: linho Tipo de lavagem: Color Cor: preto composi\u00e7\u00e3o: 55% linho 45% viscose<\/p>\n","protected":false},"featured_media":18247,"comment_status":"open","ping_status":"closed","template":"","meta":{"_kadence_starter_templates_imported_post":false},"product_brand":[],"product_cat":[293,499,259,45],"product_tag":[395,256,305],"class_list":{"0":"post-18239","1":"product","2":"type-product","3":"status-publish","4":"has-post-thumbnail","6":"product_cat-feminino","7":"product_cat-medidas-calcas-e-shorts-feminino-sawary","8":"product_cat-sawary","9":"product_cat-shorts-femininos","10":"product_tag-feminino","11":"product_tag-sawary","12":"product_tag-shorts","14":"first","15":"instock","16":"shipping-taxable","17":"purchasable","18":"product-type-variable"},"_links":{"self":[{"href":"https:\/\/sfashionaccessories.com\/index.php?rest_route=\/wp\/v2\/product\/18239","targetHints":{"allow":["GET"]}}],"collection":[{"href":"https:\/\/sfashionaccessories.com\/index.php?rest_route=\/wp\/v2\/product"}],"about":[{"href":"https:\/\/sfashionaccessories.com\/index.php?rest_route=\/wp\/v2\/types\/product"}],"replies":[{"embeddable":true,"href":"https:\/\/sfashionaccessories.com\/index.php?rest_route=%2Fwp%2Fv2%2Fcomments&post=18239"}],"wp:featuredmedia":[{"embeddable":true,"href":"https:\/\/sfashionaccessories.com\/index.php?rest_route=\/wp\/v2\/media\/18247"}],"wp:attachment":[{"href":"https:\/\/sfashionaccessories.com\/index.php?rest_route=%2Fwp%2Fv2%2Fmedia&parent=18239"}],"wp:term":[{"taxonomy":"product_brand","embeddable":true,"href":"https:\/\/sfashionaccessories.com\/index.php?rest_route=%2Fwp%2Fv2%2Fproduct_brand&post=18239"},{"taxonomy":"product_cat","embeddable":true,"href":"https:\/\/sfashionaccessories.com\/index.php?rest_route=%2Fwp%2Fv2%2Fproduct_cat&post=18239"},{"taxonomy":"product_tag","embeddable":true,"href":"https:\/\/sfashionaccessories.com\/index.php?rest_route=%2Fwp%2Fv2%2Fproduct_tag&post=18239"}],"curies":[{"name":"wp","href":"https:\/\/api.w.org\/{rel}","templated":true}]}}