{"id":18270,"date":"2024-08-27T22:15:24","date_gmt":"2024-08-27T13:15:24","guid":{"rendered":"https:\/\/sfashionaccessories.com\/?post_type=product&#038;p=18270"},"modified":"2025-07-10T12:45:09","modified_gmt":"2025-07-10T03:45:09","slug":"vestido-jeans-premium-collection-v423-02","status":"publish","type":"product","link":"https:\/\/sfashionaccessories.com\/?product=vestido-jeans-premium-collection-v423-02","title":{"rendered":"VESTIDO Models JEANS PREMIUM COLLECTION- V423-02"},"content":{"rendered":"<p>Vestido jeans, pe\u00e7a \u00fanica e moderna. Um toque de eleg\u00e2ncia ao look casual. Este vestido e perfeito para ocasi\u00f5es especiais ou mesmo para um dia casual com um toque sofisticado. Experimente combinar com acess\u00f3rios neutros.<\/p>\n<p>COMPOSI\u00c7\u00c3O<\/p>\n<p>ALGOD\u00c3O 96% \/ ELASTANO 4%<\/p>\n","protected":false},"excerpt":{"rendered":"<p>Vestido jeans, pe\u00e7a \u00fanica e moderna. Um toque de eleg\u00e2ncia ao look casual. Este vestido e perfeito para ocasi\u00f5es especiais ou mesmo para um dia casual com um toque sofisticado. Experimente combinar com acess\u00f3rios neutros. COMPOSI\u00c7\u00c3O ALGOD\u00c3O 96% \/ ELASTANO 4%<\/p>\n","protected":false},"featured_media":18290,"comment_status":"open","ping_status":"closed","template":"","meta":{"_kadence_starter_templates_imported_post":false},"product_brand":[],"product_cat":[293,527,883,525,196],"product_tag":[395,134,526,262],"class_list":{"0":"post-18270","1":"product","2":"type-product","3":"status-publish","4":"has-post-thumbnail","6":"product_cat-feminino","7":"product_cat-jeans","8":"product_cat-medidas-calcas-e-shorts-feminino-models","9":"product_cat-models-jeans","10":"product_cat-vestidos","11":"product_tag-feminino","12":"product_tag-jeans","13":"product_tag-models","14":"product_tag-vestidos","16":"first","17":"instock","18":"sale","19":"shipping-taxable","20":"purchasable","21":"product-type-variable"},"_links":{"self":[{"href":"https:\/\/sfashionaccessories.com\/index.php?rest_route=\/wp\/v2\/product\/18270","targetHints":{"allow":["GET"]}}],"collection":[{"href":"https:\/\/sfashionaccessories.com\/index.php?rest_route=\/wp\/v2\/product"}],"about":[{"href":"https:\/\/sfashionaccessories.com\/index.php?rest_route=\/wp\/v2\/types\/product"}],"replies":[{"embeddable":true,"href":"https:\/\/sfashionaccessories.com\/index.php?rest_route=%2Fwp%2Fv2%2Fcomments&post=18270"}],"wp:featuredmedia":[{"embeddable":true,"href":"https:\/\/sfashionaccessories.com\/index.php?rest_route=\/wp\/v2\/media\/18290"}],"wp:attachment":[{"href":"https:\/\/sfashionaccessories.com\/index.php?rest_route=%2Fwp%2Fv2%2Fmedia&parent=18270"}],"wp:term":[{"taxonomy":"product_brand","embeddable":true,"href":"https:\/\/sfashionaccessories.com\/index.php?rest_route=%2Fwp%2Fv2%2Fproduct_brand&post=18270"},{"taxonomy":"product_cat","embeddable":true,"href":"https:\/\/sfashionaccessories.com\/index.php?rest_route=%2Fwp%2Fv2%2Fproduct_cat&post=18270"},{"taxonomy":"product_tag","embeddable":true,"href":"https:\/\/sfashionaccessories.com\/index.php?rest_route=%2Fwp%2Fv2%2Fproduct_tag&post=18270"}],"curies":[{"name":"wp","href":"https:\/\/api.w.org\/{rel}","templated":true}]}}