{"id":18278,"date":"2025-04-08T22:15:59","date_gmt":"2025-04-08T13:15:59","guid":{"rendered":"https:\/\/sfashionaccessories.com\/?post_type=product&#038;p=18278"},"modified":"2025-09-07T17:47:04","modified_gmt":"2025-09-07T08:47:04","slug":"short-saia-jeans-feminino-premium-collection-ss445-02","status":"publish","type":"product","link":"https:\/\/sfashionaccessories.com\/?product=short-saia-jeans-feminino-premium-collection-ss445-02","title":{"rendered":"Short Saia Jeans Feminino Premium Collection &#8211; SS445-02"},"content":{"rendered":"<p>Este incr\u00edvel Short Saia Jeans Feminino \u00e9 confeccionado com materiais de excelente qualidade que garante ao produto alta durabilidade e um incr\u00edvel caimento no seu corpo. O\u00a0short saia\u00a0\u00e9 uma das tend\u00eancias que vieram para ficar, o corte \u00e9 perfeito para proporcionar muito estilo e autenticidade.<\/p>\n<p>O detalhe frontal presente nos bolsos \u00e9 um dos grandes diferenciais da pe\u00e7a, que proporciona muita sofistica\u00e7\u00e3o e torna o produto ideal para os momentos casuais.<\/p>\n<p>Essa pe\u00e7a foi desenvolvida com materiais de excelente qualidade, garantindo autenticidade e conforto no vestir.<\/p>\n<p>VEJA AS ESPECIFICA\u00c7\u00d5ES ABAIXO<\/p>\n<p>&#8211; 98% Algod\u00e3o<\/p>\n<p>&#8211; 02% Elastano<\/p>\n","protected":false},"excerpt":{"rendered":"<p>Este incr\u00edvel Short Saia Jeans Feminino \u00e9 confeccionado com materiais de excelente qualidade que garante ao produto alta durabilidade e um incr\u00edvel caimento no seu corpo. O\u00a0short saia\u00a0\u00e9 uma das tend\u00eancias que vieram para ficar, o corte \u00e9 perfeito para proporcionar muito estilo e autenticidade. O detalhe frontal presente nos bolsos \u00e9 um dos grandes [&hellip;]<\/p>\n","protected":false},"featured_media":18281,"comment_status":"open","ping_status":"closed","template":"","meta":{"_kadence_starter_templates_imported_post":false},"product_brand":[],"product_cat":[293,527,883,525,880],"product_tag":[395,134,526,881],"class_list":{"0":"post-18278","1":"product","2":"type-product","3":"status-publish","4":"has-post-thumbnail","6":"product_cat-feminino","7":"product_cat-jeans","8":"product_cat-medidas-calcas-e-shorts-feminino-models","9":"product_cat-models-jeans","10":"product_cat-shortsaia","11":"product_tag-feminino","12":"product_tag-jeans","13":"product_tag-models","14":"product_tag-shortsaia","16":"first","17":"instock","18":"shipping-taxable","19":"purchasable","20":"product-type-variable"},"_links":{"self":[{"href":"https:\/\/sfashionaccessories.com\/index.php?rest_route=\/wp\/v2\/product\/18278","targetHints":{"allow":["GET"]}}],"collection":[{"href":"https:\/\/sfashionaccessories.com\/index.php?rest_route=\/wp\/v2\/product"}],"about":[{"href":"https:\/\/sfashionaccessories.com\/index.php?rest_route=\/wp\/v2\/types\/product"}],"replies":[{"embeddable":true,"href":"https:\/\/sfashionaccessories.com\/index.php?rest_route=%2Fwp%2Fv2%2Fcomments&post=18278"}],"wp:featuredmedia":[{"embeddable":true,"href":"https:\/\/sfashionaccessories.com\/index.php?rest_route=\/wp\/v2\/media\/18281"}],"wp:attachment":[{"href":"https:\/\/sfashionaccessories.com\/index.php?rest_route=%2Fwp%2Fv2%2Fmedia&parent=18278"}],"wp:term":[{"taxonomy":"product_brand","embeddable":true,"href":"https:\/\/sfashionaccessories.com\/index.php?rest_route=%2Fwp%2Fv2%2Fproduct_brand&post=18278"},{"taxonomy":"product_cat","embeddable":true,"href":"https:\/\/sfashionaccessories.com\/index.php?rest_route=%2Fwp%2Fv2%2Fproduct_cat&post=18278"},{"taxonomy":"product_tag","embeddable":true,"href":"https:\/\/sfashionaccessories.com\/index.php?rest_route=%2Fwp%2Fv2%2Fproduct_tag&post=18278"}],"curies":[{"name":"wp","href":"https:\/\/api.w.org\/{rel}","templated":true}]}}