{"id":18418,"date":"2025-12-14T10:41:07","date_gmt":"2025-12-14T01:41:07","guid":{"rendered":"https:\/\/sfashionaccessories.com\/?post_type=product&#038;p=18418"},"modified":"2026-04-12T12:57:48","modified_gmt":"2026-04-12T03:57:48","slug":"sutia-olimpo-demillus-cotton","status":"publish","type":"product","link":"https:\/\/sfashionaccessories.com\/?product=sutia-olimpo-demillus-cotton","title":{"rendered":"Suti\u00e3 Olimpo DeMillus Cotton"},"content":{"rendered":"<p>Confeccionado em algod\u00e3o com elastano el\u00e1stico, leve e confort\u00e1vel.<br \/>\nSuti\u00e3 sem aro e com busto anat\u00f4mico, que acomoda os seios na medida ideal.<br \/>\n\u00d3timo para pr\u00e1ticas esportivas.<br \/>\nFrente dupla com fecho frontal em colchetes, que oferece mais comodidade ao vestir.<br \/>\nLaterais e al\u00e7as regul\u00e1veis largas.<br \/>\nEsse suti\u00e3 \u00e9 \u00f3timo para a pr\u00e1tica de esportes, assim como tamb\u00e9m pode ser utilizado no dia a dia por pessoas com seios maiores, pois as al\u00e7as, c\u00f3s e laterais largas sustentam bem o peso e n\u00e3o machucam os ombros, garantindo conforto e sustenta\u00e7\u00e3o.<br \/>\nComposi\u00e7\u00e3o: 89% algod\u00e3o e 11% elastano.<\/p>\n","protected":false},"excerpt":{"rendered":"<p>Confeccionado em algod\u00e3o com elastano el\u00e1stico, leve e confort\u00e1vel. Suti\u00e3 sem aro e com busto anat\u00f4mico, que acomoda os seios na medida ideal. \u00d3timo para pr\u00e1ticas esportivas. Frente dupla com fecho frontal em colchetes, que oferece mais comodidade ao vestir. Laterais e al\u00e7as regul\u00e1veis largas. Esse suti\u00e3 \u00e9 \u00f3timo para a pr\u00e1tica de esportes, assim [&hellip;]<\/p>\n","protected":false},"featured_media":24683,"comment_status":"open","ping_status":"closed","template":"","meta":{"_kadence_starter_templates_imported_post":false},"product_brand":[],"product_cat":[268,293,29,221],"product_tag":[266,395,267,265],"class_list":{"0":"post-18418","1":"product","2":"type-product","3":"status-publish","4":"has-post-thumbnail","6":"product_cat-demillus","7":"product_cat-feminino","8":"product_cat-lingeries","9":"product_cat-sutias","10":"product_tag-demillus","11":"product_tag-feminino","12":"product_tag-lingerie","13":"product_tag-sutia","15":"first","16":"instock","17":"shipping-taxable","18":"purchasable","19":"product-type-variable"},"_links":{"self":[{"href":"https:\/\/sfashionaccessories.com\/index.php?rest_route=\/wp\/v2\/product\/18418","targetHints":{"allow":["GET"]}}],"collection":[{"href":"https:\/\/sfashionaccessories.com\/index.php?rest_route=\/wp\/v2\/product"}],"about":[{"href":"https:\/\/sfashionaccessories.com\/index.php?rest_route=\/wp\/v2\/types\/product"}],"replies":[{"embeddable":true,"href":"https:\/\/sfashionaccessories.com\/index.php?rest_route=%2Fwp%2Fv2%2Fcomments&post=18418"}],"wp:featuredmedia":[{"embeddable":true,"href":"https:\/\/sfashionaccessories.com\/index.php?rest_route=\/wp\/v2\/media\/24683"}],"wp:attachment":[{"href":"https:\/\/sfashionaccessories.com\/index.php?rest_route=%2Fwp%2Fv2%2Fmedia&parent=18418"}],"wp:term":[{"taxonomy":"product_brand","embeddable":true,"href":"https:\/\/sfashionaccessories.com\/index.php?rest_route=%2Fwp%2Fv2%2Fproduct_brand&post=18418"},{"taxonomy":"product_cat","embeddable":true,"href":"https:\/\/sfashionaccessories.com\/index.php?rest_route=%2Fwp%2Fv2%2Fproduct_cat&post=18418"},{"taxonomy":"product_tag","embeddable":true,"href":"https:\/\/sfashionaccessories.com\/index.php?rest_route=%2Fwp%2Fv2%2Fproduct_tag&post=18418"}],"curies":[{"name":"wp","href":"https:\/\/api.w.org\/{rel}","templated":true}]}}