{"id":18448,"date":"2026-03-15T15:10:17","date_gmt":"2026-03-15T06:10:17","guid":{"rendered":"https:\/\/sfashionaccessories.com\/?post_type=product&#038;p=18448"},"modified":"2026-03-17T14:18:14","modified_gmt":"2026-03-17T05:18:14","slug":"sutia-lousane-demillus","status":"publish","type":"product","link":"https:\/\/sfashionaccessories.com\/?product=sutia-lousane-demillus","title":{"rendered":"SUTI\u00c3 LOUSANE DEMILLUS"},"content":{"rendered":"<p>Ta\u00e7as sem espuma, com aro.<\/p>\n<p>Decote em renda el\u00e1stica e parte inferior das ta\u00e7as em elastano power para melhor sustenta\u00e7\u00e3o.<\/p>\n<p>Al\u00e7as revestidas e presilha que permite unir as al\u00e7as nas costas.<\/p>\n<p>Barbatanas nas laterais.<\/p>\n<p>&nbsp;<\/p>\n","protected":false},"excerpt":{"rendered":"<p>Ta\u00e7as sem espuma, com aro. Decote em renda el\u00e1stica e parte inferior das ta\u00e7as em elastano power para melhor sustenta\u00e7\u00e3o. Al\u00e7as revestidas e presilha que permite unir as al\u00e7as nas costas. Barbatanas nas laterais. &nbsp;<\/p>\n","protected":false},"featured_media":21680,"comment_status":"open","ping_status":"closed","template":"","meta":{"_kadence_starter_templates_imported_post":false},"product_brand":[],"product_cat":[465,268,293,29,221],"product_tag":[266,395,267,265],"class_list":{"0":"post-18448","1":"product","2":"type-product","3":"status-publish","4":"has-post-thumbnail","6":"product_cat-anuncios","7":"product_cat-demillus","8":"product_cat-feminino","9":"product_cat-lingeries","10":"product_cat-sutias","11":"product_tag-demillus","12":"product_tag-feminino","13":"product_tag-lingerie","14":"product_tag-sutia","16":"first","17":"instock","18":"shipping-taxable","19":"purchasable","20":"product-type-variable"},"_links":{"self":[{"href":"https:\/\/sfashionaccessories.com\/index.php?rest_route=\/wp\/v2\/product\/18448","targetHints":{"allow":["GET"]}}],"collection":[{"href":"https:\/\/sfashionaccessories.com\/index.php?rest_route=\/wp\/v2\/product"}],"about":[{"href":"https:\/\/sfashionaccessories.com\/index.php?rest_route=\/wp\/v2\/types\/product"}],"replies":[{"embeddable":true,"href":"https:\/\/sfashionaccessories.com\/index.php?rest_route=%2Fwp%2Fv2%2Fcomments&post=18448"}],"wp:featuredmedia":[{"embeddable":true,"href":"https:\/\/sfashionaccessories.com\/index.php?rest_route=\/wp\/v2\/media\/21680"}],"wp:attachment":[{"href":"https:\/\/sfashionaccessories.com\/index.php?rest_route=%2Fwp%2Fv2%2Fmedia&parent=18448"}],"wp:term":[{"taxonomy":"product_brand","embeddable":true,"href":"https:\/\/sfashionaccessories.com\/index.php?rest_route=%2Fwp%2Fv2%2Fproduct_brand&post=18448"},{"taxonomy":"product_cat","embeddable":true,"href":"https:\/\/sfashionaccessories.com\/index.php?rest_route=%2Fwp%2Fv2%2Fproduct_cat&post=18448"},{"taxonomy":"product_tag","embeddable":true,"href":"https:\/\/sfashionaccessories.com\/index.php?rest_route=%2Fwp%2Fv2%2Fproduct_tag&post=18448"}],"curies":[{"name":"wp","href":"https:\/\/api.w.org\/{rel}","templated":true}]}}