{"id":18461,"date":"2024-09-07T20:38:38","date_gmt":"2024-09-07T11:38:38","guid":{"rendered":"https:\/\/sfashionaccessories.com\/?post_type=product&#038;p=18461"},"modified":"2025-05-16T16:45:16","modified_gmt":"2025-05-16T07:45:16","slug":"sutia-top-tomara-que-caia-duloren-em-renda","status":"publish","type":"product","link":"https:\/\/sfashionaccessories.com\/?product=sutia-top-tomara-que-caia-duloren-em-renda","title":{"rendered":"Suti\u00e3 Top Tomara que Caia Duloren em Renda"},"content":{"rendered":"<p>A proposta vem com a modelagem Top, diferenciada pelo bojo<br \/>\nestruturado de profundidade ideal e o arco na base do bojo, dando<br \/>\nsustenta\u00e7\u00e3o aos seios. Na lateral com barbatana flex\u00edvel que auxilia<br \/>\nsustentar \u00e0 pe\u00e7a ao corpo. O colchete de 70mm graduado, nas costas,<br \/>\npossibilita atender medidas maiores. La\u00e7o no centro da pe\u00e7a.<br \/>\n89% Poliamida 11% Elastano<br \/>\nBojo &#8211; 100% Poliester<\/p>\n<p>Suti\u00e3 com bojo e aro<\/p>\n","protected":false},"excerpt":{"rendered":"<p>A proposta vem com a modelagem Top, diferenciada pelo bojo estruturado de profundidade ideal e o arco na base do bojo, dando sustenta\u00e7\u00e3o aos seios. Na lateral com barbatana flex\u00edvel que auxilia sustentar \u00e0 pe\u00e7a ao corpo. O colchete de 70mm graduado, nas costas, possibilita atender medidas maiores. La\u00e7o no centro da pe\u00e7a. 89% Poliamida [&hellip;]<\/p>\n","protected":false},"featured_media":18466,"comment_status":"open","ping_status":"closed","template":"","meta":{"_kadence_starter_templates_imported_post":false},"product_brand":[],"product_cat":[794,293,29,221],"product_tag":[795,395,267,265],"class_list":{"0":"post-18461","1":"product","2":"type-product","3":"status-publish","4":"has-post-thumbnail","6":"product_cat-duloren","7":"product_cat-feminino","8":"product_cat-lingeries","9":"product_cat-sutias","10":"product_tag-duloren","11":"product_tag-feminino","12":"product_tag-lingerie","13":"product_tag-sutia","15":"first","16":"instock","17":"shipping-taxable","18":"purchasable","19":"product-type-variable"},"_links":{"self":[{"href":"https:\/\/sfashionaccessories.com\/index.php?rest_route=\/wp\/v2\/product\/18461","targetHints":{"allow":["GET"]}}],"collection":[{"href":"https:\/\/sfashionaccessories.com\/index.php?rest_route=\/wp\/v2\/product"}],"about":[{"href":"https:\/\/sfashionaccessories.com\/index.php?rest_route=\/wp\/v2\/types\/product"}],"replies":[{"embeddable":true,"href":"https:\/\/sfashionaccessories.com\/index.php?rest_route=%2Fwp%2Fv2%2Fcomments&post=18461"}],"wp:featuredmedia":[{"embeddable":true,"href":"https:\/\/sfashionaccessories.com\/index.php?rest_route=\/wp\/v2\/media\/18466"}],"wp:attachment":[{"href":"https:\/\/sfashionaccessories.com\/index.php?rest_route=%2Fwp%2Fv2%2Fmedia&parent=18461"}],"wp:term":[{"taxonomy":"product_brand","embeddable":true,"href":"https:\/\/sfashionaccessories.com\/index.php?rest_route=%2Fwp%2Fv2%2Fproduct_brand&post=18461"},{"taxonomy":"product_cat","embeddable":true,"href":"https:\/\/sfashionaccessories.com\/index.php?rest_route=%2Fwp%2Fv2%2Fproduct_cat&post=18461"},{"taxonomy":"product_tag","embeddable":true,"href":"https:\/\/sfashionaccessories.com\/index.php?rest_route=%2Fwp%2Fv2%2Fproduct_tag&post=18461"}],"curies":[{"name":"wp","href":"https:\/\/api.w.org\/{rel}","templated":true}]}}