{"id":18468,"date":"2026-02-15T16:52:54","date_gmt":"2026-02-15T07:52:54","guid":{"rendered":"https:\/\/sfashionaccessories.com\/?post_type=product&#038;p=18468"},"modified":"2026-04-10T20:40:14","modified_gmt":"2026-04-10T11:40:14","slug":"sutia-promenade-demillus","status":"publish","type":"product","link":"https:\/\/sfashionaccessories.com\/?product=sutia-promenade-demillus","title":{"rendered":"Suti\u00e3 Promenade Demillus"},"content":{"rendered":"<p>Confeccionado em microfibra macia e confort\u00e1vel.<\/p>\n<p>Suti\u00e3 Sustenta\u00e7\u00e3o sem bojo, com aro, que modela e sustenta os seios, sem aumentar.<\/p>\n<p>Renda el\u00e1stica nobre que confere eleg\u00e2ncia \u00e0 pe\u00e7a.<\/p>\n<p>Detalhes de lacinhos no centro do decote e nas al\u00e7as.<\/p>\n<p>Al\u00e7as regul\u00e1veis e costas com fecho em colchetes para ajuste perfeito.<\/p>\n<p>\u00c9 cl\u00e1ssico e requintado! Composi\u00e7\u00e3o: 81% Poliamida, 19% Elastano.<\/p>\n","protected":false},"excerpt":{"rendered":"<p>Confeccionado em microfibra macia e confort\u00e1vel. Suti\u00e3 Sustenta\u00e7\u00e3o sem bojo, com aro, que modela e sustenta os seios, sem aumentar. Renda el\u00e1stica nobre que confere eleg\u00e2ncia \u00e0 pe\u00e7a. Detalhes de lacinhos no centro do decote e nas al\u00e7as. Al\u00e7as regul\u00e1veis e costas com fecho em colchetes para ajuste perfeito. \u00c9 cl\u00e1ssico e requintado! Composi\u00e7\u00e3o: 81% [&hellip;]<\/p>\n","protected":false},"featured_media":25316,"comment_status":"open","ping_status":"closed","template":"","meta":{"_kadence_starter_templates_imported_post":false},"product_brand":[],"product_cat":[15,268,293,29,221],"product_tag":[266,395,267,265],"class_list":{"0":"post-18468","1":"product","2":"type-product","3":"status-publish","4":"has-post-thumbnail","6":"product_cat-padrao","7":"product_cat-demillus","8":"product_cat-feminino","9":"product_cat-lingeries","10":"product_cat-sutias","11":"product_tag-demillus","12":"product_tag-feminino","13":"product_tag-lingerie","14":"product_tag-sutia","16":"first","17":"instock","18":"shipping-taxable","19":"purchasable","20":"product-type-variable"},"_links":{"self":[{"href":"https:\/\/sfashionaccessories.com\/index.php?rest_route=\/wp\/v2\/product\/18468","targetHints":{"allow":["GET"]}}],"collection":[{"href":"https:\/\/sfashionaccessories.com\/index.php?rest_route=\/wp\/v2\/product"}],"about":[{"href":"https:\/\/sfashionaccessories.com\/index.php?rest_route=\/wp\/v2\/types\/product"}],"replies":[{"embeddable":true,"href":"https:\/\/sfashionaccessories.com\/index.php?rest_route=%2Fwp%2Fv2%2Fcomments&post=18468"}],"wp:featuredmedia":[{"embeddable":true,"href":"https:\/\/sfashionaccessories.com\/index.php?rest_route=\/wp\/v2\/media\/25316"}],"wp:attachment":[{"href":"https:\/\/sfashionaccessories.com\/index.php?rest_route=%2Fwp%2Fv2%2Fmedia&parent=18468"}],"wp:term":[{"taxonomy":"product_brand","embeddable":true,"href":"https:\/\/sfashionaccessories.com\/index.php?rest_route=%2Fwp%2Fv2%2Fproduct_brand&post=18468"},{"taxonomy":"product_cat","embeddable":true,"href":"https:\/\/sfashionaccessories.com\/index.php?rest_route=%2Fwp%2Fv2%2Fproduct_cat&post=18468"},{"taxonomy":"product_tag","embeddable":true,"href":"https:\/\/sfashionaccessories.com\/index.php?rest_route=%2Fwp%2Fv2%2Fproduct_tag&post=18468"}],"curies":[{"name":"wp","href":"https:\/\/api.w.org\/{rel}","templated":true}]}}