{"id":18527,"date":"2024-09-10T18:03:05","date_gmt":"2024-09-10T09:03:05","guid":{"rendered":"https:\/\/sfashionaccessories.com\/?post_type=product&#038;p=18527"},"modified":"2025-03-09T19:50:21","modified_gmt":"2025-03-09T10:50:21","slug":"natura-tododia-ameixa-e-flor-de-baunilha-creme-nutritivo-para-as-maos-50ml","status":"publish","type":"product","link":"https:\/\/sfashionaccessories.com\/?product=natura-tododia-ameixa-e-flor-de-baunilha-creme-nutritivo-para-as-maos-50ml","title":{"rendered":"Natura &#8211; Tododia &#8211; Ameixa e Flor de Baunilha &#8211; Creme Nutritivo para as Maos 50Ml"},"content":{"rendered":"<p>Sinta a delicadeza do novo Creme Desodorante Nutritivo para m\u00e3os Tododia Ameixa e Flor de Baunilha. Sua f\u00f3rmula promove nutri\u00e7\u00e3o profunda para as m\u00e3os, com a poderosa a\u00e7\u00e3o prebi\u00f3tica que mant\u00e9m o equil\u00edbrio natural da flora da pele&#8230;.<\/p>\n","protected":false},"excerpt":{"rendered":"<p>Sinta a delicadeza do novo Creme Desodorante Nutritivo para m\u00e3os Tododia Ameixa e Flor de Baunilha. Sua f\u00f3rmula promove nutri\u00e7\u00e3o profunda para as m\u00e3os, com a poderosa a\u00e7\u00e3o prebi\u00f3tica que mant\u00e9m o equil\u00edbrio natural da flora da pele&#8230;.<\/p>\n","protected":false},"featured_media":18530,"comment_status":"open","ping_status":"closed","template":"","meta":{"_kadence_starter_templates_imported_post":false},"product_brand":[],"product_cat":[223,214,203],"product_tag":[272,234],"class_list":{"0":"post-18527","1":"product","2":"type-product","3":"status-publish","4":"has-post-thumbnail","6":"product_cat-cremes-para-maos-e-pes","7":"product_cat-hidratantes-cremes-corporal","8":"product_cat-natura-creme-oleo-sabonete-perfume","9":"product_tag-cosmeticos","10":"product_tag-natura","12":"first","13":"outofstock","14":"shipping-taxable","15":"purchasable","16":"product-type-simple"},"_links":{"self":[{"href":"https:\/\/sfashionaccessories.com\/index.php?rest_route=\/wp\/v2\/product\/18527","targetHints":{"allow":["GET"]}}],"collection":[{"href":"https:\/\/sfashionaccessories.com\/index.php?rest_route=\/wp\/v2\/product"}],"about":[{"href":"https:\/\/sfashionaccessories.com\/index.php?rest_route=\/wp\/v2\/types\/product"}],"replies":[{"embeddable":true,"href":"https:\/\/sfashionaccessories.com\/index.php?rest_route=%2Fwp%2Fv2%2Fcomments&post=18527"}],"wp:featuredmedia":[{"embeddable":true,"href":"https:\/\/sfashionaccessories.com\/index.php?rest_route=\/wp\/v2\/media\/18530"}],"wp:attachment":[{"href":"https:\/\/sfashionaccessories.com\/index.php?rest_route=%2Fwp%2Fv2%2Fmedia&parent=18527"}],"wp:term":[{"taxonomy":"product_brand","embeddable":true,"href":"https:\/\/sfashionaccessories.com\/index.php?rest_route=%2Fwp%2Fv2%2Fproduct_brand&post=18527"},{"taxonomy":"product_cat","embeddable":true,"href":"https:\/\/sfashionaccessories.com\/index.php?rest_route=%2Fwp%2Fv2%2Fproduct_cat&post=18527"},{"taxonomy":"product_tag","embeddable":true,"href":"https:\/\/sfashionaccessories.com\/index.php?rest_route=%2Fwp%2Fv2%2Fproduct_tag&post=18527"}],"curies":[{"name":"wp","href":"https:\/\/api.w.org\/{rel}","templated":true}]}}