{"id":18531,"date":"2024-09-10T18:23:35","date_gmt":"2024-09-10T09:23:35","guid":{"rendered":"https:\/\/sfashionaccessories.com\/?post_type=product&#038;p=18531"},"modified":"2025-11-05T18:53:53","modified_gmt":"2025-11-05T09:53:53","slug":"natura-tododia-hidratante-refil-ameixa-e-flor-baunilha","status":"publish","type":"product","link":"https:\/\/sfashionaccessories.com\/?product=natura-tododia-hidratante-refil-ameixa-e-flor-baunilha","title":{"rendered":"Natura tododia hidratante  refil ameixa e flor baunilha- 400ml"},"content":{"rendered":"<p>Sinta seu corpo com o\u00a0 \u00a0Hidratante\u00a0 Nutritivo Refil\u00a0 Para o Corpo Tododia Ameixa e Flor de Baunilha.<\/p>\n<p>Uma combina\u00e7\u00e3o balanceada de ingredientes naturais com nutri\u00e7\u00e3o prebi\u00f3tica, que se adapta ao que sua pele precisa a cada dia.<\/p>\n<p>Por isso, esse creme \u00e9 indicado para todos os tipos de pele.<\/p>\n<p>Benef\u00edcios:<br \/>\nPele mais firme e macia: 4x mais hidratada \/ 2x mais firme;<br \/>\nNutri\u00e7\u00e3o prebi\u00f3tica: com prebi\u00f3tico, manteiga de cacau e \u00f3leo de linha\u00e7a;<br \/>\nTextura cremosa: f\u00e1cil de espalhar e absorve rapidinho;<br \/>\nNutri\u00e7\u00e3o profunda: pele saud\u00e1vel em todas as camadas;<br \/>\n94% de origem natural: maior afinidade com a sua pele;<br \/>\nFragr\u00e2ncia que surpreende: aut\u00eantica e atraente com notas adocicadas florais.<\/p>\n","protected":false},"excerpt":{"rendered":"<p>Sinta seu corpo com o\u00a0 \u00a0Hidratante\u00a0 Nutritivo Refil\u00a0 Para o Corpo Tododia Ameixa e Flor de Baunilha. Uma combina\u00e7\u00e3o balanceada de ingredientes naturais com nutri\u00e7\u00e3o prebi\u00f3tica, que se adapta ao que sua pele precisa a cada dia. Por isso, esse creme \u00e9 indicado para todos os tipos de pele. Benef\u00edcios: Pele mais firme e macia: [&hellip;]<\/p>\n","protected":false},"featured_media":18533,"comment_status":"open","ping_status":"closed","template":"","meta":{"_kadence_starter_templates_imported_post":false},"product_brand":[],"product_cat":[206,214,203],"product_tag":[195,234],"class_list":{"0":"post-18531","1":"product","2":"type-product","3":"status-publish","4":"has-post-thumbnail","6":"product_cat-cosmeticos-cremes-hidradantesperfumes","7":"product_cat-hidratantes-cremes-corporal","8":"product_cat-natura-creme-oleo-sabonete-perfume","9":"product_tag-creme-hidratante","10":"product_tag-natura","12":"first","13":"instock","14":"sale","15":"shipping-taxable","16":"purchasable","17":"product-type-simple"},"_links":{"self":[{"href":"https:\/\/sfashionaccessories.com\/index.php?rest_route=\/wp\/v2\/product\/18531","targetHints":{"allow":["GET"]}}],"collection":[{"href":"https:\/\/sfashionaccessories.com\/index.php?rest_route=\/wp\/v2\/product"}],"about":[{"href":"https:\/\/sfashionaccessories.com\/index.php?rest_route=\/wp\/v2\/types\/product"}],"replies":[{"embeddable":true,"href":"https:\/\/sfashionaccessories.com\/index.php?rest_route=%2Fwp%2Fv2%2Fcomments&post=18531"}],"wp:featuredmedia":[{"embeddable":true,"href":"https:\/\/sfashionaccessories.com\/index.php?rest_route=\/wp\/v2\/media\/18533"}],"wp:attachment":[{"href":"https:\/\/sfashionaccessories.com\/index.php?rest_route=%2Fwp%2Fv2%2Fmedia&parent=18531"}],"wp:term":[{"taxonomy":"product_brand","embeddable":true,"href":"https:\/\/sfashionaccessories.com\/index.php?rest_route=%2Fwp%2Fv2%2Fproduct_brand&post=18531"},{"taxonomy":"product_cat","embeddable":true,"href":"https:\/\/sfashionaccessories.com\/index.php?rest_route=%2Fwp%2Fv2%2Fproduct_cat&post=18531"},{"taxonomy":"product_tag","embeddable":true,"href":"https:\/\/sfashionaccessories.com\/index.php?rest_route=%2Fwp%2Fv2%2Fproduct_tag&post=18531"}],"curies":[{"name":"wp","href":"https:\/\/api.w.org\/{rel}","templated":true}]}}