{"id":18535,"date":"2024-12-01T00:00:32","date_gmt":"2024-11-30T15:00:32","guid":{"rendered":"https:\/\/sfashionaccessories.com\/?post_type=product&#038;p=18535"},"modified":"2025-06-22T13:12:06","modified_gmt":"2025-06-22T04:12:06","slug":"body-splash-natura-tododia-cha-de-camomila-e-lavanda-200ml","status":"publish","type":"product","link":"https:\/\/sfashionaccessories.com\/?product=body-splash-natura-tododia-cha-de-camomila-e-lavanda-200ml","title":{"rendered":"Body Splash Natura Tododia Ch\u00e1 De Camomila E Lavanda 200ml"},"content":{"rendered":"<p>Durma nas nuvens com Tododia Todanoite.<\/p>\n<p>Uma boa noite de sono \u00e9 a melhor forma de come\u00e7ar o dia. Tododia Todanoite \u00e9 uma linha que te ajuda a dormir melhor enquanto cuida da sua pele. Agora, sua fragr\u00e2ncia relaxante* favorita tamb\u00e9m vem na vers\u00e3o Body Splash, que traz a sensa\u00e7\u00e3o do abra\u00e7o de uma nuvem que conforta e aconchega. Perfuma\u00e7\u00e3o leve perfeita para desacelerar e relaxar para uma noite de sono tranquila.<\/p>\n<p>Benef\u00edcios<\/p>\n<p>\u2022 Perfuma\u00e7\u00e3o leve e refrescante: sensa\u00e7\u00e3o de bem-estar.<\/p>\n<p>\u2022 Fragr\u00e2ncia que surpreende: aconchegante e inusitada com notas florais arom\u00e1ticas inspirada em ch\u00e1 de camomila e lavanda.<\/p>\n<p>\u2022 Hidrata\u00e7\u00e3o leve da pele: mant\u00e9m a hidrata\u00e7\u00e3o da pele o longo do dia.<\/p>\n<p>\u2022 F\u00f3rmula com alta naturalidade: 96% de ingredientes naturais.<\/p>\n<p>Dicas de uso<\/p>\n<p>Aplique borrifadas abundantes do Tododia Ch\u00e1 de Camomila e Lavanda Body Splash Desodorante Col\u00f4nia Feminino nos punhos, pesco\u00e7o, colo, atr\u00e1s da orelha e onde mais desejar, exceto rosto e axila.<\/p>\n","protected":false},"excerpt":{"rendered":"<p>Durma nas nuvens com Tododia Todanoite. Uma boa noite de sono \u00e9 a melhor forma de come\u00e7ar o dia. Tododia Todanoite \u00e9 uma linha que te ajuda a dormir melhor enquanto cuida da sua pele. Agora, sua fragr\u00e2ncia relaxante* favorita tamb\u00e9m vem na vers\u00e3o Body Splash, que traz a sensa\u00e7\u00e3o do abra\u00e7o de uma nuvem [&hellip;]<\/p>\n","protected":false},"featured_media":18538,"comment_status":"open","ping_status":"closed","template":"","meta":{"_kadence_starter_templates_imported_post":false},"product_brand":[],"product_cat":[530,713,206,213,203,231],"product_tag":[412,234],"class_list":{"0":"post-18535","1":"product","2":"type-product","3":"status-publish","4":"has-post-thumbnail","6":"product_cat-body-splash","7":"product_cat-colonia","8":"product_cat-cosmeticos-cremes-hidradantesperfumes","9":"product_cat-desodorantes-anti-transpirantes","10":"product_cat-natura-creme-oleo-sabonete-perfume","11":"product_cat-perfumes-natura","12":"product_tag-body-splash","13":"product_tag-natura","15":"first","16":"outofstock","17":"shipping-taxable","18":"purchasable","19":"product-type-simple"},"_links":{"self":[{"href":"https:\/\/sfashionaccessories.com\/index.php?rest_route=\/wp\/v2\/product\/18535","targetHints":{"allow":["GET"]}}],"collection":[{"href":"https:\/\/sfashionaccessories.com\/index.php?rest_route=\/wp\/v2\/product"}],"about":[{"href":"https:\/\/sfashionaccessories.com\/index.php?rest_route=\/wp\/v2\/types\/product"}],"replies":[{"embeddable":true,"href":"https:\/\/sfashionaccessories.com\/index.php?rest_route=%2Fwp%2Fv2%2Fcomments&post=18535"}],"wp:featuredmedia":[{"embeddable":true,"href":"https:\/\/sfashionaccessories.com\/index.php?rest_route=\/wp\/v2\/media\/18538"}],"wp:attachment":[{"href":"https:\/\/sfashionaccessories.com\/index.php?rest_route=%2Fwp%2Fv2%2Fmedia&parent=18535"}],"wp:term":[{"taxonomy":"product_brand","embeddable":true,"href":"https:\/\/sfashionaccessories.com\/index.php?rest_route=%2Fwp%2Fv2%2Fproduct_brand&post=18535"},{"taxonomy":"product_cat","embeddable":true,"href":"https:\/\/sfashionaccessories.com\/index.php?rest_route=%2Fwp%2Fv2%2Fproduct_cat&post=18535"},{"taxonomy":"product_tag","embeddable":true,"href":"https:\/\/sfashionaccessories.com\/index.php?rest_route=%2Fwp%2Fv2%2Fproduct_tag&post=18535"}],"curies":[{"name":"wp","href":"https:\/\/api.w.org\/{rel}","templated":true}]}}