{"id":18553,"date":"2025-11-26T19:09:47","date_gmt":"2025-11-26T10:09:47","guid":{"rendered":"https:\/\/sfashionaccessories.com\/?post_type=product&#038;p=18553"},"modified":"2026-03-07T19:30:55","modified_gmt":"2026-03-07T10:30:55","slug":"brilho-labial-rollette-glitter","status":"publish","type":"product","link":"https:\/\/sfashionaccessories.com\/?product=brilho-labial-rollette-glitter","title":{"rendered":"BRILHO LABIAL ROLLETTE GLITTER Avon Color Trend"},"content":{"rendered":"<p>O Brilho Rollette Glitter \u00e9 sem d\u00favidas um \u00edcone atemporal! S\u00f3 ele tem esse brilho especial com um toque de glitter que a gente A-MA, e n\u00e3o \u00e9 de hoje, n\u00e9? Nosso queridinho t\u00e1 de cara nova, ainda mais estilo pra compor seus looks no dia a dia. Al\u00e9m de dar um up na produ\u00e7\u00e3o, deixando os l\u00e1bios destacados e com um cheirinho inconfund\u00edvel, agora ele ainda tem \u00f3leo de coco e vitamina E na formula\u00e7\u00e3o, imposs\u00edvel resistir. Agora com frasco e tampa em material recicl\u00e1vel. Ah, e fica a dica, ele est\u00e1 dispon\u00edvel em lindas cores, e para aplicar basta escorregar o roll-on diretamente nos l\u00e1bios, ou at\u00e9 por cima de outro batom, e pronto sua make j\u00e1 est\u00e1 pronta para qualquer ocasi\u00e3o.<\/p>\n","protected":false},"excerpt":{"rendered":"<p>O Brilho Rollette Glitter \u00e9 sem d\u00favidas um \u00edcone atemporal! S\u00f3 ele tem esse brilho especial com um toque de glitter que a gente A-MA, e n\u00e3o \u00e9 de hoje, n\u00e9? Nosso queridinho t\u00e1 de cara nova, ainda mais estilo pra compor seus looks no dia a dia. Al\u00e9m de dar um up na produ\u00e7\u00e3o, [&hellip;]<\/p>\n","protected":false},"featured_media":18569,"comment_status":"open","ping_status":"closed","template":"","meta":{"_kadence_starter_templates_imported_post":false},"product_brand":[],"product_cat":[548,609,206,205],"product_tag":[549,611,272,676],"class_list":{"0":"post-18553","1":"product","2":"type-product","3":"status-publish","4":"has-post-thumbnail","6":"product_cat-avon","7":"product_cat-batom","8":"product_cat-cosmeticos-cremes-hidradantesperfumes","9":"product_cat-baton-po-brush-maquiagem","10":"product_tag-avon","11":"product_tag-batom","12":"product_tag-cosmeticos","13":"product_tag-maquiagem","15":"first","16":"instock","17":"sale","18":"shipping-taxable","19":"purchasable","20":"product-type-variable"},"_links":{"self":[{"href":"https:\/\/sfashionaccessories.com\/index.php?rest_route=\/wp\/v2\/product\/18553","targetHints":{"allow":["GET"]}}],"collection":[{"href":"https:\/\/sfashionaccessories.com\/index.php?rest_route=\/wp\/v2\/product"}],"about":[{"href":"https:\/\/sfashionaccessories.com\/index.php?rest_route=\/wp\/v2\/types\/product"}],"replies":[{"embeddable":true,"href":"https:\/\/sfashionaccessories.com\/index.php?rest_route=%2Fwp%2Fv2%2Fcomments&post=18553"}],"wp:featuredmedia":[{"embeddable":true,"href":"https:\/\/sfashionaccessories.com\/index.php?rest_route=\/wp\/v2\/media\/18569"}],"wp:attachment":[{"href":"https:\/\/sfashionaccessories.com\/index.php?rest_route=%2Fwp%2Fv2%2Fmedia&parent=18553"}],"wp:term":[{"taxonomy":"product_brand","embeddable":true,"href":"https:\/\/sfashionaccessories.com\/index.php?rest_route=%2Fwp%2Fv2%2Fproduct_brand&post=18553"},{"taxonomy":"product_cat","embeddable":true,"href":"https:\/\/sfashionaccessories.com\/index.php?rest_route=%2Fwp%2Fv2%2Fproduct_cat&post=18553"},{"taxonomy":"product_tag","embeddable":true,"href":"https:\/\/sfashionaccessories.com\/index.php?rest_route=%2Fwp%2Fv2%2Fproduct_tag&post=18553"}],"curies":[{"name":"wp","href":"https:\/\/api.w.org\/{rel}","templated":true}]}}