{"id":18615,"date":"2024-11-07T19:21:12","date_gmt":"2024-11-07T10:21:12","guid":{"rendered":"https:\/\/sfashionaccessories.com\/?post_type=product&#038;p=18615"},"modified":"2025-01-18T09:51:00","modified_gmt":"2025-01-18T00:51:00","slug":"como-boti-baby-oboticario","status":"publish","type":"product","link":"https:\/\/sfashionaccessories.com\/?product=como-boti-baby-oboticario","title":{"rendered":"Combo Boti Baby oBoticario"},"content":{"rendered":"<p>Este Combo cont\u00e9m:<\/p>\n<p>1-Boti Baby Sabonete L\u00edquido Glicerina 200ml<\/p>\n<p>1-Boti Baby Condicionador 200ml<\/p>\n<p>1-Brinde Dia das Crian\u00e7as (sem op\u00e7\u00e3o de escolha)<\/p>\n","protected":false},"excerpt":{"rendered":"<p>Este Combo cont\u00e9m: 1-Boti Baby Sabonete L\u00edquido Glicerina 200ml 1-Boti Baby Condicionador 200ml 1-Brinde Dia das Crian\u00e7as (sem op\u00e7\u00e3o de escolha)<\/p>\n","protected":false},"featured_media":18617,"comment_status":"open","ping_status":"closed","template":"","meta":{"_kadence_starter_templates_imported_post":false},"product_brand":[],"product_cat":[206,289],"product_tag":[284],"class_list":{"0":"post-18615","1":"product","2":"type-product","3":"status-publish","4":"has-post-thumbnail","6":"product_cat-cosmeticos-cremes-hidradantesperfumes","7":"product_cat-kit-o-boticario","8":"product_tag-o-boticario","10":"first","11":"outofstock","12":"sale","13":"shipping-taxable","14":"purchasable","15":"product-type-simple"},"_links":{"self":[{"href":"https:\/\/sfashionaccessories.com\/index.php?rest_route=\/wp\/v2\/product\/18615","targetHints":{"allow":["GET"]}}],"collection":[{"href":"https:\/\/sfashionaccessories.com\/index.php?rest_route=\/wp\/v2\/product"}],"about":[{"href":"https:\/\/sfashionaccessories.com\/index.php?rest_route=\/wp\/v2\/types\/product"}],"replies":[{"embeddable":true,"href":"https:\/\/sfashionaccessories.com\/index.php?rest_route=%2Fwp%2Fv2%2Fcomments&post=18615"}],"wp:featuredmedia":[{"embeddable":true,"href":"https:\/\/sfashionaccessories.com\/index.php?rest_route=\/wp\/v2\/media\/18617"}],"wp:attachment":[{"href":"https:\/\/sfashionaccessories.com\/index.php?rest_route=%2Fwp%2Fv2%2Fmedia&parent=18615"}],"wp:term":[{"taxonomy":"product_brand","embeddable":true,"href":"https:\/\/sfashionaccessories.com\/index.php?rest_route=%2Fwp%2Fv2%2Fproduct_brand&post=18615"},{"taxonomy":"product_cat","embeddable":true,"href":"https:\/\/sfashionaccessories.com\/index.php?rest_route=%2Fwp%2Fv2%2Fproduct_cat&post=18615"},{"taxonomy":"product_tag","embeddable":true,"href":"https:\/\/sfashionaccessories.com\/index.php?rest_route=%2Fwp%2Fv2%2Fproduct_tag&post=18615"}],"curies":[{"name":"wp","href":"https:\/\/api.w.org\/{rel}","templated":true}]}}