{"id":18673,"date":"2024-09-18T23:46:53","date_gmt":"2024-09-18T14:46:53","guid":{"rendered":"https:\/\/sfashionaccessories.com\/?post_type=product&#038;p=18673"},"modified":"2025-03-01T20:00:12","modified_gmt":"2025-03-01T11:00:12","slug":"colonia-corre-corre-natura-nature-100ml-colonia-infantil","status":"publish","type":"product","link":"https:\/\/sfashionaccessories.com\/?product=colonia-corre-corre-natura-nature-100ml-colonia-infantil","title":{"rendered":"Col\u00f4nia Corre Corre Natura Natur\u00e9 &#8211; 100ml (Colonia Infantil)"},"content":{"rendered":"<p>Corre Corre na natureza, \u00e9 divers\u00e3o com certeza: Corre Corre \u00e9 a fragr\u00e2ncia de Natur\u00e9 com cheiro de crian\u00e7a feliz!<\/p>\n<p>Ela combina frutas vermelhas, alegria e muita cor.<\/p>\n<p>As col\u00f4nias Natur\u00e9 incentivam a explorar os cheiros da natureza com fragr\u00e2ncias alegres e embalagens Natur\u00e9s, que s\u00e3o um convite para as crian\u00e7as brincarem l\u00e1 fora.<\/p>\n<p>\u25cf Benef\u00edcios:<\/p>\n<p>\u2022 Fragr\u00e2ncia frutal<\/p>\n<p>\u2022 Sem \u00e1lcool<\/p>\n<p>\u2022 Aprovado por pediatras<\/p>\n<p>\u2022 Dermatologicamente testado<\/p>\n<p>\u2022 Com at\u00e9 88% de ingredientes de origem natural e da biodiversidade brasileira \u2022 Sem corantes artificiais<\/p>\n<p>\u25cf Dicas de uso: Aplique a Col\u00f4nia Corre Corre Natura Natur\u00e9 nos punhos, pesco\u00e7o e atr\u00e1s das orelhas.<\/p>\n<p>\u25cf Roda, roda, p\u00e9, p\u00e9. Vem brincar com Natur\u00e9! As novas embalagens com os Natur\u00e9s incentivam a brincar, instigam a imagina\u00e7\u00e3o, a inventividade e a consci\u00eancia sustent\u00e1vel. As fragr\u00e2ncias alegres e divertidas convidam a experimentar os cheiros da natureza.<\/p>\n<p>\u25cf Quem brinca na natureza conhece a beleza<\/p>\n","protected":false},"excerpt":{"rendered":"<p>Corre Corre na natureza, \u00e9 divers\u00e3o com certeza: Corre Corre \u00e9 a fragr\u00e2ncia de Natur\u00e9 com cheiro de crian\u00e7a feliz! Ela combina frutas vermelhas, alegria e muita cor. As col\u00f4nias Natur\u00e9 incentivam a explorar os cheiros da natureza com fragr\u00e2ncias alegres e embalagens Natur\u00e9s, que s\u00e3o um convite para as crian\u00e7as brincarem l\u00e1 fora. \u25cf [&hellip;]<\/p>\n","protected":false},"featured_media":18676,"comment_status":"open","ping_status":"closed","template":"","meta":{"_kadence_starter_templates_imported_post":false},"product_brand":[],"product_cat":[713,206,203,231],"product_tag":[234,233],"class_list":{"0":"post-18673","1":"product","2":"type-product","3":"status-publish","4":"has-post-thumbnail","6":"product_cat-colonia","7":"product_cat-cosmeticos-cremes-hidradantesperfumes","8":"product_cat-natura-creme-oleo-sabonete-perfume","9":"product_cat-perfumes-natura","10":"product_tag-natura","11":"product_tag-perfume","13":"first","14":"outofstock","15":"shipping-taxable","16":"purchasable","17":"product-type-simple"},"_links":{"self":[{"href":"https:\/\/sfashionaccessories.com\/index.php?rest_route=\/wp\/v2\/product\/18673","targetHints":{"allow":["GET"]}}],"collection":[{"href":"https:\/\/sfashionaccessories.com\/index.php?rest_route=\/wp\/v2\/product"}],"about":[{"href":"https:\/\/sfashionaccessories.com\/index.php?rest_route=\/wp\/v2\/types\/product"}],"replies":[{"embeddable":true,"href":"https:\/\/sfashionaccessories.com\/index.php?rest_route=%2Fwp%2Fv2%2Fcomments&post=18673"}],"wp:featuredmedia":[{"embeddable":true,"href":"https:\/\/sfashionaccessories.com\/index.php?rest_route=\/wp\/v2\/media\/18676"}],"wp:attachment":[{"href":"https:\/\/sfashionaccessories.com\/index.php?rest_route=%2Fwp%2Fv2%2Fmedia&parent=18673"}],"wp:term":[{"taxonomy":"product_brand","embeddable":true,"href":"https:\/\/sfashionaccessories.com\/index.php?rest_route=%2Fwp%2Fv2%2Fproduct_brand&post=18673"},{"taxonomy":"product_cat","embeddable":true,"href":"https:\/\/sfashionaccessories.com\/index.php?rest_route=%2Fwp%2Fv2%2Fproduct_cat&post=18673"},{"taxonomy":"product_tag","embeddable":true,"href":"https:\/\/sfashionaccessories.com\/index.php?rest_route=%2Fwp%2Fv2%2Fproduct_tag&post=18673"}],"curies":[{"name":"wp","href":"https:\/\/api.w.org\/{rel}","templated":true}]}}