{"id":18709,"date":"2024-09-25T19:18:53","date_gmt":"2024-09-25T10:18:53","guid":{"rendered":"https:\/\/sfashionaccessories.com\/?post_type=product&#038;p=18709"},"modified":"2025-03-22T16:19:23","modified_gmt":"2025-03-22T07:19:23","slug":"desodorante-creme-sem-perfume-cuide-se-bem-80g-o-boticario","status":"publish","type":"product","link":"https:\/\/sfashionaccessories.com\/?product=desodorante-creme-sem-perfume-cuide-se-bem-80g-o-boticario","title":{"rendered":"Desodorante Creme Sem Perfume Cuide-se Bem 80g, o Boticario"},"content":{"rendered":"<p>Desodorante Creme Sem Perfume Cuide-se Bem 80g \u00e9 o aliado ideal para quem busca efic\u00e1cia contra a transpira\u00e7\u00e3o sem fragr\u00e2ncia. Com uma a\u00e7\u00e3o que impede a prolifera\u00e7\u00e3o de bact\u00e9rias causadoras de odores, este desodorante oferece uma prote\u00e7\u00e3o duradoura. Sua f\u00f3rmula em creme \u00e9 suave com a pele e evita irrita\u00e7\u00f5es.<\/p>\n<p>Caracter\u00edsticas:<\/p>\n<p>&#8211; N\u00e3o cont\u00e9m \u00e1lcool;<br \/>\n&#8211; Prote\u00e7\u00e3o por at\u00e9 48 horas;<br \/>\n&#8211; N\u00e3o testado em animais.<\/p>\n","protected":false},"excerpt":{"rendered":"<p>Desodorante Creme Sem Perfume Cuide-se Bem 80g \u00e9 o aliado ideal para quem busca efic\u00e1cia contra a transpira\u00e7\u00e3o sem fragr\u00e2ncia. Com uma a\u00e7\u00e3o que impede a prolifera\u00e7\u00e3o de bact\u00e9rias causadoras de odores, este desodorante oferece uma prote\u00e7\u00e3o duradoura. Sua f\u00f3rmula em creme \u00e9 suave com a pele e evita irrita\u00e7\u00f5es. Caracter\u00edsticas: &#8211; N\u00e3o cont\u00e9m \u00e1lcool; [&hellip;]<\/p>\n","protected":false},"featured_media":18710,"comment_status":"open","ping_status":"closed","template":"","meta":{"_kadence_starter_templates_imported_post":false},"product_brand":[],"product_cat":[206,278,296,282],"product_tag":[193,284],"class_list":{"0":"post-18709","1":"product","2":"type-product","3":"status-publish","4":"has-post-thumbnail","6":"product_cat-cosmeticos-cremes-hidradantesperfumes","7":"product_cat-desodorante-feminino","8":"product_cat-hidratantes-cremes","9":"product_cat-o-boticario","10":"product_tag-hidratante","11":"product_tag-o-boticario","13":"first","14":"outofstock","15":"sale","16":"shipping-taxable","17":"purchasable","18":"product-type-simple"},"_links":{"self":[{"href":"https:\/\/sfashionaccessories.com\/index.php?rest_route=\/wp\/v2\/product\/18709","targetHints":{"allow":["GET"]}}],"collection":[{"href":"https:\/\/sfashionaccessories.com\/index.php?rest_route=\/wp\/v2\/product"}],"about":[{"href":"https:\/\/sfashionaccessories.com\/index.php?rest_route=\/wp\/v2\/types\/product"}],"replies":[{"embeddable":true,"href":"https:\/\/sfashionaccessories.com\/index.php?rest_route=%2Fwp%2Fv2%2Fcomments&post=18709"}],"wp:featuredmedia":[{"embeddable":true,"href":"https:\/\/sfashionaccessories.com\/index.php?rest_route=\/wp\/v2\/media\/18710"}],"wp:attachment":[{"href":"https:\/\/sfashionaccessories.com\/index.php?rest_route=%2Fwp%2Fv2%2Fmedia&parent=18709"}],"wp:term":[{"taxonomy":"product_brand","embeddable":true,"href":"https:\/\/sfashionaccessories.com\/index.php?rest_route=%2Fwp%2Fv2%2Fproduct_brand&post=18709"},{"taxonomy":"product_cat","embeddable":true,"href":"https:\/\/sfashionaccessories.com\/index.php?rest_route=%2Fwp%2Fv2%2Fproduct_cat&post=18709"},{"taxonomy":"product_tag","embeddable":true,"href":"https:\/\/sfashionaccessories.com\/index.php?rest_route=%2Fwp%2Fv2%2Fproduct_tag&post=18709"}],"curies":[{"name":"wp","href":"https:\/\/api.w.org\/{rel}","templated":true}]}}