{"id":18789,"date":"2024-10-08T13:05:49","date_gmt":"2024-10-08T04:05:49","guid":{"rendered":"https:\/\/sfashionaccessories.com\/?post_type=product&#038;p=18789"},"modified":"2024-11-27T20:47:23","modified_gmt":"2024-11-27T11:47:23","slug":"presente-avon-care-baby-calming","status":"publish","type":"product","link":"https:\/\/sfashionaccessories.com\/?product=presente-avon-care-baby-calming","title":{"rendered":"Presente Avon Care Baby Calming"},"content":{"rendered":"<p>O Kit Contem : Colonia Calming 100ml\/Hidratante Corporal Calming 200ml\/Sabonete Liquido Calming 200ml.<\/p>\n<p>A Col\u00f4nia Avon Care Baby Calming possui fragr\u00e2ncia suave que ajuda a relaxar, gerando uma sensa\u00e7\u00e3o de calma e conforto,<\/p>\n<p>Cheirinho relaxante para um sono tranquilo e um beb\u00ea feliz! Produto sem corantes e livre de parabenos.<\/p>\n<p>A Lo\u00e7\u00e3o Hidratante para o corpo Avon Care Baby Calming para uma massagem relaxante.<\/p>\n<p>O Sabonete L\u00edquido da Cabe\u00e7a aos P\u00e9s Baby Calming \u00e9 f\u00e1cil de aplicar e enxaguar.<\/p>\n<p>F\u00f3rmula suave e sem l\u00e1grimas que limpa delicadamente o corpo e cabelos, sem irritar a delicada pele do seu beb\u00ea.<\/p>\n<p>Formulado de maneira a minimizar poss\u00edvel surgimento de alergia.<\/p>\n<p>\u2022 Fragr\u00e2ncia suave que ajuda a relaxar o beb\u00ea, gerando sensa\u00e7\u00e3o de calma e conforto.<\/p>\n<p>\u2022 F\u00f3rmula suave e sem l\u00e1grimas. \u2022 Limpa o corpo e os cabelos.<\/p>\n<p>\u2022 N\u00e3o irrita a delicada pele do beb\u00ea. \u2022 Sem corantes e livre de parabenos.<\/p>\n<p>&nbsp;<\/p>\n","protected":false},"excerpt":{"rendered":"<p>O Kit Contem : Colonia Calming 100ml\/Hidratante Corporal Calming 200ml\/Sabonete Liquido Calming 200ml. A Col\u00f4nia Avon Care Baby Calming possui fragr\u00e2ncia suave que ajuda a relaxar, gerando uma sensa\u00e7\u00e3o de calma e conforto, Cheirinho relaxante para um sono tranquilo e um beb\u00ea feliz! Produto sem corantes e livre de parabenos. A Lo\u00e7\u00e3o Hidratante para o [&hellip;]<\/p>\n","protected":false},"featured_media":18790,"comment_status":"open","ping_status":"closed","template":"","meta":{"_kadence_starter_templates_imported_post":false},"product_brand":[],"product_cat":[826,548,721,206,788,739],"product_tag":[549,722,444],"class_list":{"0":"post-18789","1":"product","2":"type-product","3":"status-publish","4":"has-post-thumbnail","6":"product_cat-agua-de-colonia","7":"product_cat-avon","8":"product_cat-avon-care-baby","9":"product_cat-cosmeticos-cremes-hidradantesperfumes","10":"product_cat-kit","11":"product_cat-mamae-e-bebe","12":"product_tag-avon","13":"product_tag-avon-care-baby","14":"product_tag-kit","16":"first","17":"outofstock","18":"sale","19":"shipping-taxable","20":"purchasable","21":"product-type-simple"},"_links":{"self":[{"href":"https:\/\/sfashionaccessories.com\/index.php?rest_route=\/wp\/v2\/product\/18789","targetHints":{"allow":["GET"]}}],"collection":[{"href":"https:\/\/sfashionaccessories.com\/index.php?rest_route=\/wp\/v2\/product"}],"about":[{"href":"https:\/\/sfashionaccessories.com\/index.php?rest_route=\/wp\/v2\/types\/product"}],"replies":[{"embeddable":true,"href":"https:\/\/sfashionaccessories.com\/index.php?rest_route=%2Fwp%2Fv2%2Fcomments&post=18789"}],"wp:featuredmedia":[{"embeddable":true,"href":"https:\/\/sfashionaccessories.com\/index.php?rest_route=\/wp\/v2\/media\/18790"}],"wp:attachment":[{"href":"https:\/\/sfashionaccessories.com\/index.php?rest_route=%2Fwp%2Fv2%2Fmedia&parent=18789"}],"wp:term":[{"taxonomy":"product_brand","embeddable":true,"href":"https:\/\/sfashionaccessories.com\/index.php?rest_route=%2Fwp%2Fv2%2Fproduct_brand&post=18789"},{"taxonomy":"product_cat","embeddable":true,"href":"https:\/\/sfashionaccessories.com\/index.php?rest_route=%2Fwp%2Fv2%2Fproduct_cat&post=18789"},{"taxonomy":"product_tag","embeddable":true,"href":"https:\/\/sfashionaccessories.com\/index.php?rest_route=%2Fwp%2Fv2%2Fproduct_tag&post=18789"}],"curies":[{"name":"wp","href":"https:\/\/api.w.org\/{rel}","templated":true}]}}