{"id":18794,"date":"2024-09-27T21:24:41","date_gmt":"2024-09-27T12:24:41","guid":{"rendered":"https:\/\/sfashionaccessories.com\/?post_type=product&#038;p=18794"},"modified":"2025-02-11T19:12:57","modified_gmt":"2025-02-11T10:12:57","slug":"presente-infantil-natura-nature-colonia-shampoo-2-em-1","status":"publish","type":"product","link":"https:\/\/sfashionaccessories.com\/?product=presente-infantil-natura-nature-colonia-shampoo-2-em-1","title":{"rendered":"Presente Infantil  Natura Natur\u00e9 Col\u00f4nia\/Shampoo 2 em 1"},"content":{"rendered":"<p>O Shampoo 2 em 1 de Natur\u00e9 limpa gentilmente e deixa o cabelo mais macio e hidratado. Desembara\u00e7a mais f\u00e1cil, \u00e9 pr\u00e1tico e tem a\u00e7\u00e3o antifrizz por at\u00e9 24 horas. Tem fragr\u00e2ncia com cheirinho de crian\u00e7a feliz e embalagens Natur\u00e9, que convidam para brincar na natureza.<\/p>\n<p>Agua de Colonia, Corre Corre \u00e9 a fragr\u00e2ncia de Natur\u00e9 com cheiro de crian\u00e7a feliz!<\/p>\n<p>Ela combina frutas vermelhas, alegria e muita cor.<\/p>\n<p>As col\u00f4nias Natur\u00e9 incentivam a explorar os cheiros da natureza com fragr\u00e2ncias alegres e embalagens Natur\u00e9s, que s\u00e3o um convite para as crian\u00e7as brincarem l\u00e1 fora.<\/p>\n","protected":false},"excerpt":{"rendered":"<p>O Shampoo 2 em 1 de Natur\u00e9 limpa gentilmente e deixa o cabelo mais macio e hidratado. Desembara\u00e7a mais f\u00e1cil, \u00e9 pr\u00e1tico e tem a\u00e7\u00e3o antifrizz por at\u00e9 24 horas. Tem fragr\u00e2ncia com cheirinho de crian\u00e7a feliz e embalagens Natur\u00e9, que convidam para brincar na natureza. Agua de Colonia, Corre Corre \u00e9 a fragr\u00e2ncia de [&hellip;]<\/p>\n","protected":false},"featured_media":18795,"comment_status":"open","ping_status":"closed","template":"","meta":{"_kadence_starter_templates_imported_post":false},"product_brand":[],"product_cat":[826,206,288,203],"product_tag":[272,444,234],"class_list":{"0":"post-18794","1":"product","2":"type-product","3":"status-publish","4":"has-post-thumbnail","6":"product_cat-agua-de-colonia","7":"product_cat-cosmeticos-cremes-hidradantesperfumes","8":"product_cat-kit-natura","9":"product_cat-natura-creme-oleo-sabonete-perfume","10":"product_tag-cosmeticos","11":"product_tag-kit","12":"product_tag-natura","14":"first","15":"outofstock","16":"sale","17":"shipping-taxable","18":"purchasable","19":"product-type-simple"},"_links":{"self":[{"href":"https:\/\/sfashionaccessories.com\/index.php?rest_route=\/wp\/v2\/product\/18794","targetHints":{"allow":["GET"]}}],"collection":[{"href":"https:\/\/sfashionaccessories.com\/index.php?rest_route=\/wp\/v2\/product"}],"about":[{"href":"https:\/\/sfashionaccessories.com\/index.php?rest_route=\/wp\/v2\/types\/product"}],"replies":[{"embeddable":true,"href":"https:\/\/sfashionaccessories.com\/index.php?rest_route=%2Fwp%2Fv2%2Fcomments&post=18794"}],"wp:featuredmedia":[{"embeddable":true,"href":"https:\/\/sfashionaccessories.com\/index.php?rest_route=\/wp\/v2\/media\/18795"}],"wp:attachment":[{"href":"https:\/\/sfashionaccessories.com\/index.php?rest_route=%2Fwp%2Fv2%2Fmedia&parent=18794"}],"wp:term":[{"taxonomy":"product_brand","embeddable":true,"href":"https:\/\/sfashionaccessories.com\/index.php?rest_route=%2Fwp%2Fv2%2Fproduct_brand&post=18794"},{"taxonomy":"product_cat","embeddable":true,"href":"https:\/\/sfashionaccessories.com\/index.php?rest_route=%2Fwp%2Fv2%2Fproduct_cat&post=18794"},{"taxonomy":"product_tag","embeddable":true,"href":"https:\/\/sfashionaccessories.com\/index.php?rest_route=%2Fwp%2Fv2%2Fproduct_tag&post=18794"}],"curies":[{"name":"wp","href":"https:\/\/api.w.org\/{rel}","templated":true}]}}