{"id":18873,"date":"2025-04-19T16:32:51","date_gmt":"2025-04-19T07:32:51","guid":{"rendered":"https:\/\/sfashionaccessories.com\/?post_type=product&#038;p=18873"},"modified":"2026-04-12T12:37:30","modified_gmt":"2026-04-12T03:37:30","slug":"calcinha-paquera-fio-denta-demillus-51753","status":"publish","type":"product","link":"https:\/\/sfashionaccessories.com\/?product=calcinha-paquera-fio-denta-demillus-51753","title":{"rendered":"Calcinha Paquera Fio Denta Demillus 51753"},"content":{"rendered":"<p>Calcinha fio dental confeccionado em Microfibra el\u00e1stica macia, leve e confort\u00e1vel.<br \/>\nModelagem com faixa em renda el\u00e1stica na cintura.<br \/>\nN\u00e3o marca sob a roupa e proporciona extremo conforto pois n\u00e3o possui costura nas laterais.<br \/>\nCavas com acabamento em el\u00e1stico com detalhe em formato zig-zag.<\/p>\n<p>Tabela de Equival\u00eancia:<\/p>\n<p>Tamanho A: Veste de PP \u00e1 ME.<br \/>\nTamanho B: Veste GR \u00e1 EG.<\/p>\n<p>Composi\u00e7\u00e3o:<\/p>\n<p>Corpo: 86% Poliamida e 14% Elastano.<br \/>\nForro: 100% Algod\u00e3o<\/p>\n","protected":false},"excerpt":{"rendered":"<p>Calcinha fio dental confeccionado em Microfibra el\u00e1stica macia, leve e confort\u00e1vel. Modelagem com faixa em renda el\u00e1stica na cintura. N\u00e3o marca sob a roupa e proporciona extremo conforto pois n\u00e3o possui costura nas laterais. Cavas com acabamento em el\u00e1stico com detalhe em formato zig-zag. Tabela de Equival\u00eancia: Tamanho A: Veste de PP \u00e1 ME. Tamanho [&hellip;]<\/p>\n","protected":false},"featured_media":18874,"comment_status":"open","ping_status":"closed","template":"","meta":{"_kadence_starter_templates_imported_post":false},"product_brand":[],"product_cat":[15,215,268,293,29],"product_tag":[348,266,395,267],"class_list":{"0":"post-18873","1":"product","2":"type-product","3":"status-publish","4":"has-post-thumbnail","6":"product_cat-padrao","7":"product_cat-calcinhas-tangas-fio-dental","8":"product_cat-demillus","9":"product_cat-feminino","10":"product_cat-lingeries","11":"product_tag-calcinha","12":"product_tag-demillus","13":"product_tag-feminino","14":"product_tag-lingerie","16":"first","17":"instock","18":"shipping-taxable","19":"purchasable","20":"product-type-variable"},"_links":{"self":[{"href":"https:\/\/sfashionaccessories.com\/index.php?rest_route=\/wp\/v2\/product\/18873","targetHints":{"allow":["GET"]}}],"collection":[{"href":"https:\/\/sfashionaccessories.com\/index.php?rest_route=\/wp\/v2\/product"}],"about":[{"href":"https:\/\/sfashionaccessories.com\/index.php?rest_route=\/wp\/v2\/types\/product"}],"replies":[{"embeddable":true,"href":"https:\/\/sfashionaccessories.com\/index.php?rest_route=%2Fwp%2Fv2%2Fcomments&post=18873"}],"wp:featuredmedia":[{"embeddable":true,"href":"https:\/\/sfashionaccessories.com\/index.php?rest_route=\/wp\/v2\/media\/18874"}],"wp:attachment":[{"href":"https:\/\/sfashionaccessories.com\/index.php?rest_route=%2Fwp%2Fv2%2Fmedia&parent=18873"}],"wp:term":[{"taxonomy":"product_brand","embeddable":true,"href":"https:\/\/sfashionaccessories.com\/index.php?rest_route=%2Fwp%2Fv2%2Fproduct_brand&post=18873"},{"taxonomy":"product_cat","embeddable":true,"href":"https:\/\/sfashionaccessories.com\/index.php?rest_route=%2Fwp%2Fv2%2Fproduct_cat&post=18873"},{"taxonomy":"product_tag","embeddable":true,"href":"https:\/\/sfashionaccessories.com\/index.php?rest_route=%2Fwp%2Fv2%2Fproduct_tag&post=18873"}],"curies":[{"name":"wp","href":"https:\/\/api.w.org\/{rel}","templated":true}]}}