{"id":18885,"date":"2024-09-29T16:34:04","date_gmt":"2024-09-29T07:34:04","guid":{"rendered":"https:\/\/sfashionaccessories.com\/?post_type=product&#038;p=18885"},"modified":"2026-04-11T16:23:10","modified_gmt":"2026-04-11T07:23:10","slug":"calcinha-fio-dental-de-renda-modelo-mini-calecon","status":"publish","type":"product","link":"https:\/\/sfashionaccessories.com\/?product=calcinha-fio-dental-de-renda-modelo-mini-calecon","title":{"rendered":"Calcinha fio dental de renda, modelo mini cale\u00e7on 2Rios"},"content":{"rendered":"<p>Calcinha fio dental de renda, modelo mini cale\u00e7on, traz sensualidade para a lingerie. Com laterais medianas, a calcinha toda de renda com elastano garante a flexibilidade e movimento da pe\u00e7a. Sem el\u00e1sticos nas pernas, o modelo de calcinha facilita a circula\u00e7\u00e3o, \u00e9 super confort\u00e1vel e n\u00e3o marca na roupa. Por fim, o tecido 100% de algod\u00e3o permanente no forro impede a prolifera\u00e7\u00e3o de fungos e bact\u00e9rias. Sa\u00fade para a intimidade da mulher!<\/p>\n<p>-Laterais medianas<br \/>\n-Pe\u00e7a toda em renda com elastano, toque macio<br \/>\n-El\u00e1sticos de microfibra na cintura, confort\u00e1vel e n\u00e3o marca na roupa<br \/>\n-Sem el\u00e1sticos nas pernas<br \/>\n-Forro 100% algod\u00e3o com Prote\u00e7\u00e3o Permanente<\/p>\n<p>Tamanhos: P\/M\/G\/GG<\/p>\n<p>Composi\u00e7\u00e3o: 90% POLIAMIDA | 10% ELASTANO<br \/>\nForro: 100% ALGOD\u00c3O<\/p>\n","protected":false},"excerpt":{"rendered":"<p>Calcinha fio dental de renda, modelo mini cale\u00e7on, traz sensualidade para a lingerie. Com laterais medianas, a calcinha toda de renda com elastano garante a flexibilidade e movimento da pe\u00e7a. Sem el\u00e1sticos nas pernas, o modelo de calcinha facilita a circula\u00e7\u00e3o, \u00e9 super confort\u00e1vel e n\u00e3o marca na roupa. Por fim, o tecido 100% de [&hellip;]<\/p>\n","protected":false},"featured_media":18895,"comment_status":"open","ping_status":"closed","template":"","meta":{"_kadence_starter_templates_imported_post":false},"product_brand":[],"product_cat":[872,215,293,29],"product_tag":[905,348,395,267],"class_list":{"0":"post-18885","1":"product","2":"type-product","3":"status-publish","4":"has-post-thumbnail","6":"product_cat-2rios","7":"product_cat-calcinhas-tangas-fio-dental","8":"product_cat-feminino","9":"product_cat-lingeries","10":"product_tag-2rios","11":"product_tag-calcinha","12":"product_tag-feminino","13":"product_tag-lingerie","15":"first","16":"instock","17":"shipping-taxable","18":"purchasable","19":"product-type-variable"},"_links":{"self":[{"href":"https:\/\/sfashionaccessories.com\/index.php?rest_route=\/wp\/v2\/product\/18885","targetHints":{"allow":["GET"]}}],"collection":[{"href":"https:\/\/sfashionaccessories.com\/index.php?rest_route=\/wp\/v2\/product"}],"about":[{"href":"https:\/\/sfashionaccessories.com\/index.php?rest_route=\/wp\/v2\/types\/product"}],"replies":[{"embeddable":true,"href":"https:\/\/sfashionaccessories.com\/index.php?rest_route=%2Fwp%2Fv2%2Fcomments&post=18885"}],"wp:featuredmedia":[{"embeddable":true,"href":"https:\/\/sfashionaccessories.com\/index.php?rest_route=\/wp\/v2\/media\/18895"}],"wp:attachment":[{"href":"https:\/\/sfashionaccessories.com\/index.php?rest_route=%2Fwp%2Fv2%2Fmedia&parent=18885"}],"wp:term":[{"taxonomy":"product_brand","embeddable":true,"href":"https:\/\/sfashionaccessories.com\/index.php?rest_route=%2Fwp%2Fv2%2Fproduct_brand&post=18885"},{"taxonomy":"product_cat","embeddable":true,"href":"https:\/\/sfashionaccessories.com\/index.php?rest_route=%2Fwp%2Fv2%2Fproduct_cat&post=18885"},{"taxonomy":"product_tag","embeddable":true,"href":"https:\/\/sfashionaccessories.com\/index.php?rest_route=%2Fwp%2Fv2%2Fproduct_tag&post=18885"}],"curies":[{"name":"wp","href":"https:\/\/api.w.org\/{rel}","templated":true}]}}