{"id":18941,"date":"2026-04-03T20:05:51","date_gmt":"2026-04-03T11:05:51","guid":{"rendered":"https:\/\/sfashionaccessories.com\/?post_type=product&#038;p=18941"},"modified":"2026-04-08T19:07:36","modified_gmt":"2026-04-08T10:07:36","slug":"top-fitness-athletica","status":"publish","type":"product","link":"https:\/\/sfashionaccessories.com\/?product=top-fitness-athletica","title":{"rendered":"Top Fitness Athletica"},"content":{"rendered":"<p>Fuja do pretinho b\u00e1sico com o Top Fitness Athletica. Elaborado em uma Poliamida especial com leve brilho e com recortes texturizados, esse Top de Gin\u00e1stica \u00e9 perfeito pra quem quer dar um up no look all black de treino!<\/p>\n<h3 class=\"descricao-produto_especificacoes-tecnicas--titulo\">Especifica\u00e7\u00f5es t\u00e9cnicas:<\/h3>\n<p>Categoria: Top<\/p>\n<p>Forro: Sim<\/p>\n<p>Composi\u00e7\u00e3o: 87,09% Poliamida &#8211; 12,91% Elastano<\/p>\n<p>Uv Protection+50: Sim<\/p>\n<p>&nbsp;<\/p>\n<p>&nbsp;<\/p>\n<h3><\/h3>\n<p>&nbsp;<\/p>\n","protected":false},"excerpt":{"rendered":"<p>Fuja do pretinho b\u00e1sico com o Top Fitness Athletica. Elaborado em uma Poliamida especial com leve brilho e com recortes texturizados, esse Top de Gin\u00e1stica \u00e9 perfeito pra quem quer dar um up no look all black de treino! Especifica\u00e7\u00f5es t\u00e9cnicas: Categoria: Top Forro: Sim Composi\u00e7\u00e3o: 87,09% Poliamida &#8211; 12,91% Elastano Uv Protection+50: Sim &nbsp; [&hellip;]<\/p>\n","protected":false},"featured_media":18942,"comment_status":"open","ping_status":"closed","template":"","meta":{"_kadence_starter_templates_imported_post":false},"product_brand":[],"product_cat":[65,743,293,201,254],"product_tag":[107,258],"class_list":{"0":"post-18941","1":"product","2":"type-product","3":"status-publish","4":"has-post-thumbnail","6":"product_cat-fitness-blusas-top","7":"product_cat-cropped","8":"product_cat-feminino","9":"product_cat-fitnessacademia-legging-top","10":"product_cat-promocoes-descontos","11":"product_tag-blusa-top","12":"product_tag-fitness","14":"first","15":"instock","16":"sale","17":"shipping-taxable","18":"purchasable","19":"product-type-variable"},"_links":{"self":[{"href":"https:\/\/sfashionaccessories.com\/index.php?rest_route=\/wp\/v2\/product\/18941","targetHints":{"allow":["GET"]}}],"collection":[{"href":"https:\/\/sfashionaccessories.com\/index.php?rest_route=\/wp\/v2\/product"}],"about":[{"href":"https:\/\/sfashionaccessories.com\/index.php?rest_route=\/wp\/v2\/types\/product"}],"replies":[{"embeddable":true,"href":"https:\/\/sfashionaccessories.com\/index.php?rest_route=%2Fwp%2Fv2%2Fcomments&post=18941"}],"wp:featuredmedia":[{"embeddable":true,"href":"https:\/\/sfashionaccessories.com\/index.php?rest_route=\/wp\/v2\/media\/18942"}],"wp:attachment":[{"href":"https:\/\/sfashionaccessories.com\/index.php?rest_route=%2Fwp%2Fv2%2Fmedia&parent=18941"}],"wp:term":[{"taxonomy":"product_brand","embeddable":true,"href":"https:\/\/sfashionaccessories.com\/index.php?rest_route=%2Fwp%2Fv2%2Fproduct_brand&post=18941"},{"taxonomy":"product_cat","embeddable":true,"href":"https:\/\/sfashionaccessories.com\/index.php?rest_route=%2Fwp%2Fv2%2Fproduct_cat&post=18941"},{"taxonomy":"product_tag","embeddable":true,"href":"https:\/\/sfashionaccessories.com\/index.php?rest_route=%2Fwp%2Fv2%2Fproduct_tag&post=18941"}],"curies":[{"name":"wp","href":"https:\/\/api.w.org\/{rel}","templated":true}]}}