{"id":18948,"date":"2024-10-03T20:27:28","date_gmt":"2024-10-03T11:27:28","guid":{"rendered":"https:\/\/sfashionaccessories.com\/?post_type=product&#038;p=18948"},"modified":"2024-10-03T20:27:28","modified_gmt":"2024-10-03T11:27:28","slug":"top-fitness-poa-preto-2","status":"publish","type":"product","link":"https:\/\/sfashionaccessories.com\/?product=top-fitness-poa-preto-2","title":{"rendered":"Top Fitness Po\u00e1 preto"},"content":{"rendered":"<p>Design moderno e tecido de alta qualidade s\u00e3o os diferenciais do Top Fitness Po\u00e1 preto. Al\u00e7as de el\u00e1stico d\u00e3o suporte e distribuem o peso igualmente.<\/p>\n<p>&nbsp;<\/p>\n<h3 class=\"descricao-produto_especificacoes-tecnicas--titulo\">Especifica\u00e7\u00f5es t\u00e9cnicas:<\/h3>\n<p>Categoria: Top<\/p>\n<p>Forro: Sim<\/p>\n<p>Composi\u00e7\u00e3o: 85% Poliamida &#8211; 15% Elastano<\/p>\n<p>Uv Protection+50: Sim<\/p>\n","protected":false},"excerpt":{"rendered":"<p>Design moderno e tecido de alta qualidade s\u00e3o os diferenciais do Top Fitness Po\u00e1 preto. Al\u00e7as de el\u00e1stico d\u00e3o suporte e distribuem o peso igualmente. &nbsp; Especifica\u00e7\u00f5es t\u00e9cnicas: Categoria: Top Forro: Sim Composi\u00e7\u00e3o: 85% Poliamida &#8211; 15% Elastano Uv Protection+50: Sim<\/p>\n","protected":false},"featured_media":18952,"comment_status":"open","ping_status":"closed","template":"","meta":{"_kadence_starter_templates_imported_post":false},"product_brand":[],"product_cat":[172,743,293,201],"product_tag":[107,474,258],"class_list":{"0":"post-18948","1":"product","2":"type-product","3":"status-publish","4":"has-post-thumbnail","6":"product_cat-blusas-tops-e-camisetas","7":"product_cat-cropped","8":"product_cat-feminino","9":"product_cat-fitnessacademia-legging-top","10":"product_tag-blusa-top","11":"product_tag-cropped","12":"product_tag-fitness","14":"first","15":"instock","16":"sale","17":"shipping-taxable","18":"purchasable","19":"product-type-variable"},"_links":{"self":[{"href":"https:\/\/sfashionaccessories.com\/index.php?rest_route=\/wp\/v2\/product\/18948","targetHints":{"allow":["GET"]}}],"collection":[{"href":"https:\/\/sfashionaccessories.com\/index.php?rest_route=\/wp\/v2\/product"}],"about":[{"href":"https:\/\/sfashionaccessories.com\/index.php?rest_route=\/wp\/v2\/types\/product"}],"replies":[{"embeddable":true,"href":"https:\/\/sfashionaccessories.com\/index.php?rest_route=%2Fwp%2Fv2%2Fcomments&post=18948"}],"wp:featuredmedia":[{"embeddable":true,"href":"https:\/\/sfashionaccessories.com\/index.php?rest_route=\/wp\/v2\/media\/18952"}],"wp:attachment":[{"href":"https:\/\/sfashionaccessories.com\/index.php?rest_route=%2Fwp%2Fv2%2Fmedia&parent=18948"}],"wp:term":[{"taxonomy":"product_brand","embeddable":true,"href":"https:\/\/sfashionaccessories.com\/index.php?rest_route=%2Fwp%2Fv2%2Fproduct_brand&post=18948"},{"taxonomy":"product_cat","embeddable":true,"href":"https:\/\/sfashionaccessories.com\/index.php?rest_route=%2Fwp%2Fv2%2Fproduct_cat&post=18948"},{"taxonomy":"product_tag","embeddable":true,"href":"https:\/\/sfashionaccessories.com\/index.php?rest_route=%2Fwp%2Fv2%2Fproduct_tag&post=18948"}],"curies":[{"name":"wp","href":"https:\/\/api.w.org\/{rel}","templated":true}]}}