{"id":18956,"date":"2026-04-03T20:47:26","date_gmt":"2026-04-03T11:47:26","guid":{"rendered":"https:\/\/sfashionaccessories.com\/?post_type=product&#038;p=18956"},"modified":"2026-04-08T19:08:53","modified_gmt":"2026-04-08T10:08:53","slug":"top-fitness-avenger","status":"publish","type":"product","link":"https:\/\/sfashionaccessories.com\/?product=top-fitness-avenger","title":{"rendered":"Top Fitness Avenger"},"content":{"rendered":"<p>O Top Fitness Avenger \u00e9 aquele Top preto nada b\u00e1sico pra voc\u00ea mostrar que tem estilo! O shape diferenciado sai do \u00f3bvio pra virar desejo imediato. Desenvolvido em Poliamida com uma tela especial sobreposta, esse Top de Gin\u00e1stica \u00e9 escolha certa pra quem procura um Look Fitness cheio de atitude.<\/p>\n<p>Categoria: Top<\/p>\n<p>Forro: Sim<\/p>\n<p>Composi\u00e7\u00e3o: 87,09% Poliamida &#8211; 12,91% Elastano \/ (tela) 84% Poli\u00e9ster &#8211; 16% Elastano<\/p>\n<p>Uv Protection+50: Sim<\/p>\n","protected":false},"excerpt":{"rendered":"<p>O Top Fitness Avenger \u00e9 aquele Top preto nada b\u00e1sico pra voc\u00ea mostrar que tem estilo! O shape diferenciado sai do \u00f3bvio pra virar desejo imediato. Desenvolvido em Poliamida com uma tela especial sobreposta, esse Top de Gin\u00e1stica \u00e9 escolha certa pra quem procura um Look Fitness cheio de atitude. Categoria: Top Forro: Sim Composi\u00e7\u00e3o: [&hellip;]<\/p>\n","protected":false},"featured_media":18957,"comment_status":"open","ping_status":"closed","template":"","meta":{"_kadence_starter_templates_imported_post":false},"product_brand":[],"product_cat":[172,65,743,293,201],"product_tag":[107,258],"class_list":{"0":"post-18956","1":"product","2":"type-product","3":"status-publish","4":"has-post-thumbnail","6":"product_cat-blusas-tops-e-camisetas","7":"product_cat-fitness-blusas-top","8":"product_cat-cropped","9":"product_cat-feminino","10":"product_cat-fitnessacademia-legging-top","11":"product_tag-blusa-top","12":"product_tag-fitness","14":"first","15":"instock","16":"sale","17":"shipping-taxable","18":"purchasable","19":"product-type-variable"},"_links":{"self":[{"href":"https:\/\/sfashionaccessories.com\/index.php?rest_route=\/wp\/v2\/product\/18956","targetHints":{"allow":["GET"]}}],"collection":[{"href":"https:\/\/sfashionaccessories.com\/index.php?rest_route=\/wp\/v2\/product"}],"about":[{"href":"https:\/\/sfashionaccessories.com\/index.php?rest_route=\/wp\/v2\/types\/product"}],"replies":[{"embeddable":true,"href":"https:\/\/sfashionaccessories.com\/index.php?rest_route=%2Fwp%2Fv2%2Fcomments&post=18956"}],"wp:featuredmedia":[{"embeddable":true,"href":"https:\/\/sfashionaccessories.com\/index.php?rest_route=\/wp\/v2\/media\/18957"}],"wp:attachment":[{"href":"https:\/\/sfashionaccessories.com\/index.php?rest_route=%2Fwp%2Fv2%2Fmedia&parent=18956"}],"wp:term":[{"taxonomy":"product_brand","embeddable":true,"href":"https:\/\/sfashionaccessories.com\/index.php?rest_route=%2Fwp%2Fv2%2Fproduct_brand&post=18956"},{"taxonomy":"product_cat","embeddable":true,"href":"https:\/\/sfashionaccessories.com\/index.php?rest_route=%2Fwp%2Fv2%2Fproduct_cat&post=18956"},{"taxonomy":"product_tag","embeddable":true,"href":"https:\/\/sfashionaccessories.com\/index.php?rest_route=%2Fwp%2Fv2%2Fproduct_tag&post=18956"}],"curies":[{"name":"wp","href":"https:\/\/api.w.org\/{rel}","templated":true}]}}