{"id":18963,"date":"2026-04-03T21:03:20","date_gmt":"2026-04-03T12:03:20","guid":{"rendered":"https:\/\/sfashionaccessories.com\/?post_type=product&#038;p=18963"},"modified":"2026-04-08T19:13:46","modified_gmt":"2026-04-08T10:13:46","slug":"regata-preta-florescer","status":"publish","type":"product","link":"https:\/\/sfashionaccessories.com\/?product=regata-preta-florescer","title":{"rendered":"Regata Preta Florescer"},"content":{"rendered":"<p>A Regata Preta Florescer \u00e9 aquela pe\u00e7a que voc\u00ea tem que ter no arm\u00e1rio. Coringa, essa Blusa d\u00e1 um up imediato em qualquer produ\u00e7\u00e3o. El\u00e1stico personalizado desenvolvido exclusivamente pra Cole\u00e7\u00e3o Nativa, \u00e9 o foco dessa Regata Fitness.<\/p>\n<p>&nbsp;<\/p>\n<p>Categoria: Blusa<\/p>\n<p>Composi\u00e7\u00e3o: 96% Viscose &#8211; 04% Elastano<\/p>\n<h3 class=\"descricao-produto_especificacoes-tecnicas--titulo\"><\/h3>\n<p>&nbsp;<\/p>\n","protected":false},"excerpt":{"rendered":"<p>A Regata Preta Florescer \u00e9 aquela pe\u00e7a que voc\u00ea tem que ter no arm\u00e1rio. Coringa, essa Blusa d\u00e1 um up imediato em qualquer produ\u00e7\u00e3o. El\u00e1stico personalizado desenvolvido exclusivamente pra Cole\u00e7\u00e3o Nativa, \u00e9 o foco dessa Regata Fitness. &nbsp; Categoria: Blusa Composi\u00e7\u00e3o: 96% Viscose &#8211; 04% Elastano &nbsp;<\/p>\n","protected":false},"featured_media":18964,"comment_status":"open","ping_status":"closed","template":"","meta":{"_kadence_starter_templates_imported_post":false},"product_brand":[],"product_cat":[172,65,743,293,201],"product_tag":[107,474,258],"class_list":{"0":"post-18963","1":"product","2":"type-product","3":"status-publish","4":"has-post-thumbnail","6":"product_cat-blusas-tops-e-camisetas","7":"product_cat-fitness-blusas-top","8":"product_cat-cropped","9":"product_cat-feminino","10":"product_cat-fitnessacademia-legging-top","11":"product_tag-blusa-top","12":"product_tag-cropped","13":"product_tag-fitness","15":"first","16":"instock","17":"sale","18":"shipping-taxable","19":"purchasable","20":"product-type-variable"},"_links":{"self":[{"href":"https:\/\/sfashionaccessories.com\/index.php?rest_route=\/wp\/v2\/product\/18963","targetHints":{"allow":["GET"]}}],"collection":[{"href":"https:\/\/sfashionaccessories.com\/index.php?rest_route=\/wp\/v2\/product"}],"about":[{"href":"https:\/\/sfashionaccessories.com\/index.php?rest_route=\/wp\/v2\/types\/product"}],"replies":[{"embeddable":true,"href":"https:\/\/sfashionaccessories.com\/index.php?rest_route=%2Fwp%2Fv2%2Fcomments&post=18963"}],"wp:featuredmedia":[{"embeddable":true,"href":"https:\/\/sfashionaccessories.com\/index.php?rest_route=\/wp\/v2\/media\/18964"}],"wp:attachment":[{"href":"https:\/\/sfashionaccessories.com\/index.php?rest_route=%2Fwp%2Fv2%2Fmedia&parent=18963"}],"wp:term":[{"taxonomy":"product_brand","embeddable":true,"href":"https:\/\/sfashionaccessories.com\/index.php?rest_route=%2Fwp%2Fv2%2Fproduct_brand&post=18963"},{"taxonomy":"product_cat","embeddable":true,"href":"https:\/\/sfashionaccessories.com\/index.php?rest_route=%2Fwp%2Fv2%2Fproduct_cat&post=18963"},{"taxonomy":"product_tag","embeddable":true,"href":"https:\/\/sfashionaccessories.com\/index.php?rest_route=%2Fwp%2Fv2%2Fproduct_tag&post=18963"}],"curies":[{"name":"wp","href":"https:\/\/api.w.org\/{rel}","templated":true}]}}