{"id":19047,"date":"2026-02-10T17:32:00","date_gmt":"2026-02-10T08:32:00","guid":{"rendered":"https:\/\/sfashionaccessories.com\/?post_type=product&#038;p=19047"},"modified":"2026-02-12T17:01:13","modified_gmt":"2026-02-12T08:01:13","slug":"bota-coturno-vizzano-tratorado-feminino-3087-202","status":"publish","type":"product","link":"https:\/\/sfashionaccessories.com\/?product=bota-coturno-vizzano-tratorado-feminino-3087-202","title":{"rendered":"Bota Coturno Vizzano Tratorado Feminino 3087.202"},"content":{"rendered":"<p>.\u00a0 Cabedal em sint\u00e9tico<\/p>\n<p>. Forro em tecido poli\u00e9ster<\/p>\n<p>. Palmilha fixa e tecido<\/p>\n<p>. Fechamento por cadar\u00e7o<\/p>\n<p>. Bico redondo<\/p>\n<p>.\u00a0 Detalhe com pelos no cano<\/p>\n<p>.\u00a0 Solado tratorado possui alta leveza \u00e9 emborrachado e cont\u00e9m frisos antiderrapantes<\/p>\n<p>. Salto mede 6cm, circunfer\u00eancia do cano 34cm e altura do cano 14cm<\/p>\n","protected":false},"excerpt":{"rendered":"<p>.\u00a0 Cabedal em sint\u00e9tico . Forro em tecido poli\u00e9ster . Palmilha fixa e tecido . Fechamento por cadar\u00e7o . Bico redondo .\u00a0 Detalhe com pelos no cano .\u00a0 Solado tratorado possui alta leveza \u00e9 emborrachado e cont\u00e9m frisos antiderrapantes . Salto mede 6cm, circunfer\u00eancia do cano 34cm e altura do cano 14cm<\/p>\n","protected":false},"featured_media":19048,"comment_status":"open","ping_status":"closed","template":"","meta":{"_kadence_starter_templates_imported_post":false},"product_brand":[],"product_cat":[465,46,536],"product_tag":[435,431,311],"class_list":{"0":"post-19047","1":"product","2":"type-product","3":"status-publish","4":"has-post-thumbnail","6":"product_cat-anuncios","7":"product_cat-calcados","8":"product_cat-vizzano","9":"product_tag-bolsa-vizzano","10":"product_tag-bota","11":"product_tag-calcados","13":"first","14":"instock","15":"sale","16":"shipping-taxable","17":"purchasable","18":"product-type-variable"},"_links":{"self":[{"href":"https:\/\/sfashionaccessories.com\/index.php?rest_route=\/wp\/v2\/product\/19047","targetHints":{"allow":["GET"]}}],"collection":[{"href":"https:\/\/sfashionaccessories.com\/index.php?rest_route=\/wp\/v2\/product"}],"about":[{"href":"https:\/\/sfashionaccessories.com\/index.php?rest_route=\/wp\/v2\/types\/product"}],"replies":[{"embeddable":true,"href":"https:\/\/sfashionaccessories.com\/index.php?rest_route=%2Fwp%2Fv2%2Fcomments&post=19047"}],"wp:featuredmedia":[{"embeddable":true,"href":"https:\/\/sfashionaccessories.com\/index.php?rest_route=\/wp\/v2\/media\/19048"}],"wp:attachment":[{"href":"https:\/\/sfashionaccessories.com\/index.php?rest_route=%2Fwp%2Fv2%2Fmedia&parent=19047"}],"wp:term":[{"taxonomy":"product_brand","embeddable":true,"href":"https:\/\/sfashionaccessories.com\/index.php?rest_route=%2Fwp%2Fv2%2Fproduct_brand&post=19047"},{"taxonomy":"product_cat","embeddable":true,"href":"https:\/\/sfashionaccessories.com\/index.php?rest_route=%2Fwp%2Fv2%2Fproduct_cat&post=19047"},{"taxonomy":"product_tag","embeddable":true,"href":"https:\/\/sfashionaccessories.com\/index.php?rest_route=%2Fwp%2Fv2%2Fproduct_tag&post=19047"}],"curies":[{"name":"wp","href":"https:\/\/api.w.org\/{rel}","templated":true}]}}