{"id":19070,"date":"2024-10-11T12:20:39","date_gmt":"2024-10-11T03:20:39","guid":{"rendered":"https:\/\/sfashionaccessories.com\/?post_type=product&#038;p=19070"},"modified":"2024-10-11T13:23:49","modified_gmt":"2024-10-11T04:23:49","slug":"macacao-risca-de-giz-caramelo-em-alfaiataria","status":"publish","type":"product","link":"https:\/\/sfashionaccessories.com\/?product=macacao-risca-de-giz-caramelo-em-alfaiataria","title":{"rendered":"Macac\u00e3o Risca De Giz Caramelo Em Alfaiataria"},"content":{"rendered":"<p>Macac\u00e3o risca de giz caramelo, modelagem justa, modelo pantalona, decote frente quadrado, bolso faca, comprimento longo, fechamento em z\u00edper, material tecido de alfaiataria.\u00a0 \u00a0( Nao acompanha o cinto )<\/p>\n<p>Modelagem:Justa<br \/>\nModelo:Pantalona<br \/>\nDecote frente:Quadrado<br \/>\nDecote costas:Quadrado<br \/>\nComplemento:Bolso faca;<br \/>\nComprimento:Longo<br \/>\nFechamento:Em z\u00edper<br \/>\nMaterial:Tecido de Alfaiataria<br \/>\nComposi\u00e7\u00e3o Material:98% Poli\u00e9ster, 2% Viscose<\/p>\n","protected":false},"excerpt":{"rendered":"<p>Macac\u00e3o risca de giz caramelo, modelagem justa, modelo pantalona, decote frente quadrado, bolso faca, comprimento longo, fechamento em z\u00edper, material tecido de alfaiataria.\u00a0 \u00a0( Nao acompanha o cinto ) Modelagem:Justa Modelo:Pantalona Decote frente:Quadrado Decote costas:Quadrado Complemento:Bolso faca; Comprimento:Longo Fechamento:Em z\u00edper Material:Tecido de Alfaiataria Composi\u00e7\u00e3o Material:98% Poli\u00e9ster, 2% Viscose<\/p>\n","protected":false},"featured_media":19071,"comment_status":"open","ping_status":"closed","template":"","meta":{"_kadence_starter_templates_imported_post":false},"product_brand":[],"product_cat":[827,308,750],"product_tag":[828,464,188],"class_list":{"0":"post-19070","1":"product","2":"type-product","3":"status-publish","4":"has-post-thumbnail","6":"product_cat-alfaiataria","7":"product_cat-macacao","8":"product_cat-quintess","9":"product_tag-alfaiataria","10":"product_tag-macacao","11":"product_tag-moda-feminina","13":"first","14":"instock","15":"sale","16":"shipping-taxable","17":"purchasable","18":"product-type-variable"},"_links":{"self":[{"href":"https:\/\/sfashionaccessories.com\/index.php?rest_route=\/wp\/v2\/product\/19070","targetHints":{"allow":["GET"]}}],"collection":[{"href":"https:\/\/sfashionaccessories.com\/index.php?rest_route=\/wp\/v2\/product"}],"about":[{"href":"https:\/\/sfashionaccessories.com\/index.php?rest_route=\/wp\/v2\/types\/product"}],"replies":[{"embeddable":true,"href":"https:\/\/sfashionaccessories.com\/index.php?rest_route=%2Fwp%2Fv2%2Fcomments&post=19070"}],"wp:featuredmedia":[{"embeddable":true,"href":"https:\/\/sfashionaccessories.com\/index.php?rest_route=\/wp\/v2\/media\/19071"}],"wp:attachment":[{"href":"https:\/\/sfashionaccessories.com\/index.php?rest_route=%2Fwp%2Fv2%2Fmedia&parent=19070"}],"wp:term":[{"taxonomy":"product_brand","embeddable":true,"href":"https:\/\/sfashionaccessories.com\/index.php?rest_route=%2Fwp%2Fv2%2Fproduct_brand&post=19070"},{"taxonomy":"product_cat","embeddable":true,"href":"https:\/\/sfashionaccessories.com\/index.php?rest_route=%2Fwp%2Fv2%2Fproduct_cat&post=19070"},{"taxonomy":"product_tag","embeddable":true,"href":"https:\/\/sfashionaccessories.com\/index.php?rest_route=%2Fwp%2Fv2%2Fproduct_tag&post=19070"}],"curies":[{"name":"wp","href":"https:\/\/api.w.org\/{rel}","templated":true}]}}