{"id":19100,"date":"2025-07-29T13:02:28","date_gmt":"2025-07-29T04:02:28","guid":{"rendered":"https:\/\/sfashionaccessories.com\/?post_type=product&#038;p=19100"},"modified":"2025-08-25T20:45:55","modified_gmt":"2025-08-25T11:45:55","slug":"quintess-macacao-telha-em-crepe-plano-3685660","status":"publish","type":"product","link":"https:\/\/sfashionaccessories.com\/?product=quintess-macacao-telha-em-crepe-plano-3685660","title":{"rendered":"Quintess &#8211; Macac\u00e3o Telha em Crepe Plano 3685660"},"content":{"rendered":"<div class=\"sc-gVLVqr sc-BngTV jZKjmq\">\n<div class=\"sc-cBdUnI dWbVaE\">\n<p class=\"sc-kpOJdX hVohYA\">Quintess &#8211; Macac\u00e3o Telha em Crepe Plano<\/p>\n<\/div>\n<\/div>\n<h2 class=\"sc-gzVnrw lrNY\">Detalhes<\/h2>\n<div class=\"sc-gVLVqr sc-BngTV jZKjmq\">\n<div class=\"sc-cBdUnI dWbVaE\">\n<p class=\"sc-kpOJdX buHKHr\">Modelagem: Solta<\/p>\n<p class=\"sc-kpOJdX buHKHr\">Decote frente: Transpassado<\/p>\n<p class=\"sc-kpOJdX buHKHr\">Comprimento da manga: Curta<\/p>\n<p class=\"sc-kpOJdX buHKHr\">Complemento: Bolso;<\/p>\n<p class=\"sc-kpOJdX buHKHr\">Comprimento: Tradicional<\/p>\n<p class=\"sc-kpOJdX buHKHr\">Fechamento: Em bot\u00e3o e z\u00edper<\/p>\n<p class=\"sc-kpOJdX buHKHr\">Material: Crepe Plano<\/p>\n<p class=\"sc-kpOJdX buHKHr\">Esta\u00e7\u00e3o: Ano Inteiro<\/p>\n<p class=\"sc-kpOJdX buHKHr\">Composi\u00e7\u00e3o Material: 90% Poli\u00e9ster, 10% Elastano<\/p>\n<\/div>\n<\/div>\n","protected":false},"excerpt":{"rendered":"<p>Quintess &#8211; Macac\u00e3o Telha em Crepe Plano Detalhes Modelagem: Solta Decote frente: Transpassado Comprimento da manga: Curta Complemento: Bolso; Comprimento: Tradicional Fechamento: Em bot\u00e3o e z\u00edper Material: Crepe Plano Esta\u00e7\u00e3o: Ano Inteiro Composi\u00e7\u00e3o Material: 90% Poli\u00e9ster, 10% Elastano<\/p>\n","protected":false},"featured_media":19104,"comment_status":"open","ping_status":"closed","template":"","meta":{"_kadence_starter_templates_imported_post":false},"product_brand":[],"product_cat":[293,308,750],"product_tag":[464,188,908],"class_list":{"0":"post-19100","1":"product","2":"type-product","3":"status-publish","4":"has-post-thumbnail","6":"product_cat-feminino","7":"product_cat-macacao","8":"product_cat-quintess","9":"product_tag-macacao","10":"product_tag-moda-feminina","11":"product_tag-quintess","13":"first","14":"instock","15":"sale","16":"shipping-taxable","17":"purchasable","18":"product-type-variable"},"_links":{"self":[{"href":"https:\/\/sfashionaccessories.com\/index.php?rest_route=\/wp\/v2\/product\/19100","targetHints":{"allow":["GET"]}}],"collection":[{"href":"https:\/\/sfashionaccessories.com\/index.php?rest_route=\/wp\/v2\/product"}],"about":[{"href":"https:\/\/sfashionaccessories.com\/index.php?rest_route=\/wp\/v2\/types\/product"}],"replies":[{"embeddable":true,"href":"https:\/\/sfashionaccessories.com\/index.php?rest_route=%2Fwp%2Fv2%2Fcomments&post=19100"}],"wp:featuredmedia":[{"embeddable":true,"href":"https:\/\/sfashionaccessories.com\/index.php?rest_route=\/wp\/v2\/media\/19104"}],"wp:attachment":[{"href":"https:\/\/sfashionaccessories.com\/index.php?rest_route=%2Fwp%2Fv2%2Fmedia&parent=19100"}],"wp:term":[{"taxonomy":"product_brand","embeddable":true,"href":"https:\/\/sfashionaccessories.com\/index.php?rest_route=%2Fwp%2Fv2%2Fproduct_brand&post=19100"},{"taxonomy":"product_cat","embeddable":true,"href":"https:\/\/sfashionaccessories.com\/index.php?rest_route=%2Fwp%2Fv2%2Fproduct_cat&post=19100"},{"taxonomy":"product_tag","embeddable":true,"href":"https:\/\/sfashionaccessories.com\/index.php?rest_route=%2Fwp%2Fv2%2Fproduct_tag&post=19100"}],"curies":[{"name":"wp","href":"https:\/\/api.w.org\/{rel}","templated":true}]}}