{"id":19108,"date":"2024-10-11T14:17:40","date_gmt":"2024-10-11T05:17:40","guid":{"rendered":"https:\/\/sfashionaccessories.com\/?post_type=product&#038;p=19108"},"modified":"2026-03-07T13:15:42","modified_gmt":"2026-03-07T04:15:42","slug":"quintess-blusa-preto-em-malha-de-viscose-3688886","status":"publish","type":"product","link":"https:\/\/sfashionaccessories.com\/?product=quintess-blusa-preto-em-malha-de-viscose-3688886","title":{"rendered":"Quintess &#8211; Blusa Preto em Malha de Viscose-3688886"},"content":{"rendered":"<div class=\"sc-gVLVqr sc-BngTV jZKjmq\">\n<div class=\"sc-cBdUnI dWbVaE\">\n<h2 class=\"sc-gzVnrw lrNY\">Descri\u00e7\u00e3o<\/h2>\n<p class=\"sc-kpOJdX hVohYA\">Blusa elegante de malha de viscose com elastano, perfeita para qualquer ocasi\u00e3o.<\/p>\n<p class=\"sc-kpOJdX hVohYA\">Combina bem com jeans ou saias para um look chique e confort\u00e1vel.<\/p>\n<\/div>\n<\/div>\n<h2 class=\"sc-gzVnrw lrNY\">Detalhes<\/h2>\n<div class=\"sc-gVLVqr sc-BngTV jZKjmq\">\n<div class=\"sc-cBdUnI dWbVaE\">\n<p class=\"sc-kpOJdX buHKHr\">Modelagem: Solta<\/p>\n<p class=\"sc-kpOJdX buHKHr\">Decote frente: Redondo<\/p>\n<p class=\"sc-kpOJdX buHKHr\">Comprimento da manga: Curta<\/p>\n<p class=\"sc-kpOJdX buHKHr\">Modelo da manga: Ajustada<\/p>\n<p class=\"sc-kpOJdX buHKHr\">Complemento: Sobreposi\u00e7\u00e3o;<\/p>\n<p class=\"sc-kpOJdX buHKHr\">Comprimento: B\u00e1sico<\/p>\n<p class=\"sc-kpOJdX buHKHr\">Material: Malha de Viscose com Elastano<\/p>\n<p class=\"sc-kpOJdX buHKHr\">Esta\u00e7\u00e3o: Ano Inteiro<\/p>\n<p class=\"sc-kpOJdX buHKHr\">Situa\u00e7\u00e3o de Uso: Aposta segura<\/p>\n<p class=\"sc-kpOJdX buHKHr\">Composi\u00e7\u00e3o Material: 96% Viscose, 4% Elastano<\/p>\n<\/div>\n<\/div>\n","protected":false},"excerpt":{"rendered":"<p>Descri\u00e7\u00e3o Blusa elegante de malha de viscose com elastano, perfeita para qualquer ocasi\u00e3o. Combina bem com jeans ou saias para um look chique e confort\u00e1vel. Detalhes Modelagem: Solta Decote frente: Redondo Comprimento da manga: Curta Modelo da manga: Ajustada Complemento: Sobreposi\u00e7\u00e3o; Comprimento: B\u00e1sico Material: Malha de Viscose com Elastano Esta\u00e7\u00e3o: Ano Inteiro Situa\u00e7\u00e3o de Uso: [&hellip;]<\/p>\n","protected":false},"featured_media":19113,"comment_status":"open","ping_status":"closed","template":"","meta":{"_kadence_starter_templates_imported_post":false},"product_brand":[],"product_cat":[43,293,750],"product_tag":[135,188,908],"class_list":{"0":"post-19108","1":"product","2":"type-product","3":"status-publish","4":"has-post-thumbnail","6":"product_cat-blusas-camisetas-femininas","7":"product_cat-feminino","8":"product_cat-quintess","9":"product_tag-blusa","10":"product_tag-moda-feminina","11":"product_tag-quintess","13":"first","14":"instock","15":"shipping-taxable","16":"purchasable","17":"product-type-variable"},"_links":{"self":[{"href":"https:\/\/sfashionaccessories.com\/index.php?rest_route=\/wp\/v2\/product\/19108","targetHints":{"allow":["GET"]}}],"collection":[{"href":"https:\/\/sfashionaccessories.com\/index.php?rest_route=\/wp\/v2\/product"}],"about":[{"href":"https:\/\/sfashionaccessories.com\/index.php?rest_route=\/wp\/v2\/types\/product"}],"replies":[{"embeddable":true,"href":"https:\/\/sfashionaccessories.com\/index.php?rest_route=%2Fwp%2Fv2%2Fcomments&post=19108"}],"wp:featuredmedia":[{"embeddable":true,"href":"https:\/\/sfashionaccessories.com\/index.php?rest_route=\/wp\/v2\/media\/19113"}],"wp:attachment":[{"href":"https:\/\/sfashionaccessories.com\/index.php?rest_route=%2Fwp%2Fv2%2Fmedia&parent=19108"}],"wp:term":[{"taxonomy":"product_brand","embeddable":true,"href":"https:\/\/sfashionaccessories.com\/index.php?rest_route=%2Fwp%2Fv2%2Fproduct_brand&post=19108"},{"taxonomy":"product_cat","embeddable":true,"href":"https:\/\/sfashionaccessories.com\/index.php?rest_route=%2Fwp%2Fv2%2Fproduct_cat&post=19108"},{"taxonomy":"product_tag","embeddable":true,"href":"https:\/\/sfashionaccessories.com\/index.php?rest_route=%2Fwp%2Fv2%2Fproduct_tag&post=19108"}],"curies":[{"name":"wp","href":"https:\/\/api.w.org\/{rel}","templated":true}]}}