{"id":19127,"date":"2024-10-11T15:01:28","date_gmt":"2024-10-11T06:01:28","guid":{"rendered":"https:\/\/sfashionaccessories.com\/?post_type=product&#038;p=19127"},"modified":"2024-10-11T15:01:28","modified_gmt":"2024-10-11T06:01:28","slug":"blusa-gola-padre-off-white-bonprix","status":"publish","type":"product","link":"https:\/\/sfashionaccessories.com\/?product=blusa-gola-padre-off-white-bonprix","title":{"rendered":"Blusa Gola Padre Off White-bonprix"},"content":{"rendered":"<p>Blusa, em malha crepe. Possui gola padre, bot\u00f5es frente, manga longa, el\u00e1stico nos punhos.<\/p>\n<p class=\"sc-kpOJdX buHKHr\">Comprimento da manga: Longa<\/p>\n<p class=\"sc-kpOJdX buHKHr\">Modelo da manga: Com punho<\/p>\n<p class=\"sc-kpOJdX buHKHr\">Decote frente: Gola padre<\/p>\n<p class=\"sc-kpOJdX buHKHr\">Complemento: El\u00e1stico; el\u00e1stico nos punhos<\/p>\n<p class=\"sc-kpOJdX buHKHr\">Fechamento: Bot\u00f5es<\/p>\n","protected":false},"excerpt":{"rendered":"<p>Blusa, em malha crepe. Possui gola padre, bot\u00f5es frente, manga longa, el\u00e1stico nos punhos. Comprimento da manga: Longa Modelo da manga: Com punho Decote frente: Gola padre Complemento: El\u00e1stico; el\u00e1stico nos punhos Fechamento: Bot\u00f5es<\/p>\n","protected":false},"featured_media":19128,"comment_status":"open","ping_status":"closed","template":"","meta":{"_kadence_starter_templates_imported_post":false},"product_brand":[],"product_cat":[43,153],"product_tag":[135,911,188],"class_list":{"0":"post-19127","1":"product","2":"type-product","3":"status-publish","4":"has-post-thumbnail","6":"product_cat-blusas-camisetas-femininas","7":"product_cat-casual","8":"product_tag-blusa","9":"product_tag-bonprix","10":"product_tag-moda-feminina","12":"first","13":"instock","14":"shipping-taxable","15":"purchasable","16":"product-type-variable"},"_links":{"self":[{"href":"https:\/\/sfashionaccessories.com\/index.php?rest_route=\/wp\/v2\/product\/19127","targetHints":{"allow":["GET"]}}],"collection":[{"href":"https:\/\/sfashionaccessories.com\/index.php?rest_route=\/wp\/v2\/product"}],"about":[{"href":"https:\/\/sfashionaccessories.com\/index.php?rest_route=\/wp\/v2\/types\/product"}],"replies":[{"embeddable":true,"href":"https:\/\/sfashionaccessories.com\/index.php?rest_route=%2Fwp%2Fv2%2Fcomments&post=19127"}],"wp:featuredmedia":[{"embeddable":true,"href":"https:\/\/sfashionaccessories.com\/index.php?rest_route=\/wp\/v2\/media\/19128"}],"wp:attachment":[{"href":"https:\/\/sfashionaccessories.com\/index.php?rest_route=%2Fwp%2Fv2%2Fmedia&parent=19127"}],"wp:term":[{"taxonomy":"product_brand","embeddable":true,"href":"https:\/\/sfashionaccessories.com\/index.php?rest_route=%2Fwp%2Fv2%2Fproduct_brand&post=19127"},{"taxonomy":"product_cat","embeddable":true,"href":"https:\/\/sfashionaccessories.com\/index.php?rest_route=%2Fwp%2Fv2%2Fproduct_cat&post=19127"},{"taxonomy":"product_tag","embeddable":true,"href":"https:\/\/sfashionaccessories.com\/index.php?rest_route=%2Fwp%2Fv2%2Fproduct_tag&post=19127"}],"curies":[{"name":"wp","href":"https:\/\/api.w.org\/{rel}","templated":true}]}}