{"id":19153,"date":"2024-10-11T18:01:31","date_gmt":"2024-10-11T09:01:31","guid":{"rendered":"https:\/\/sfashionaccessories.com\/?post_type=product&#038;p=19153"},"modified":"2026-03-28T13:56:56","modified_gmt":"2026-03-28T04:56:56","slug":"creme-para-pentear-advance-techniques-argan","status":"publish","type":"product","link":"https:\/\/sfashionaccessories.com\/?product=creme-para-pentear-advance-techniques-argan","title":{"rendered":"Creme Para Pentear Advance Techniques Argan"},"content":{"rendered":"<p>O Creme para Pentear Condicionante com \u00d3leo de Argan Advance Techniques Nutri\u00e7\u00e3o Completa,<\/p>\n<p>desenvolvido pelo Avon Hair Institute New York, proporciona 48h de redu\u00e7\u00e3o de volume e frizz, deixando os cabelos macios, com brilho e f\u00e1ceis de pentear.<\/p>\n<p>Cabelos controlados e disciplinados por muito mais tempo!<\/p>\n","protected":false},"excerpt":{"rendered":"<p>O Creme para Pentear Condicionante com \u00d3leo de Argan Advance Techniques Nutri\u00e7\u00e3o Completa, desenvolvido pelo Avon Hair Institute New York, proporciona 48h de redu\u00e7\u00e3o de volume e frizz, deixando os cabelos macios, com brilho e f\u00e1ceis de pentear. Cabelos controlados e disciplinados por muito mais tempo!<\/p>\n","protected":false},"featured_media":19155,"comment_status":"open","ping_status":"closed","template":"","meta":{"_kadence_starter_templates_imported_post":false},"product_brand":[],"product_cat":[548,204,206,607,700],"product_tag":[549,476,479],"class_list":{"0":"post-19153","1":"product","2":"type-product","3":"status-publish","4":"has-post-thumbnail","6":"product_cat-avon","7":"product_cat-matizador-sampoo-condicionador-hidratante","8":"product_cat-cosmeticos-cremes-hidradantesperfumes","9":"product_cat-hidratantes-cremes-avon","10":"product_cat-leave-in","11":"product_tag-avon","12":"product_tag-cabelos","13":"product_tag-leave-in","15":"first","16":"instock","17":"shipping-taxable","18":"purchasable","19":"product-type-simple"},"_links":{"self":[{"href":"https:\/\/sfashionaccessories.com\/index.php?rest_route=\/wp\/v2\/product\/19153","targetHints":{"allow":["GET"]}}],"collection":[{"href":"https:\/\/sfashionaccessories.com\/index.php?rest_route=\/wp\/v2\/product"}],"about":[{"href":"https:\/\/sfashionaccessories.com\/index.php?rest_route=\/wp\/v2\/types\/product"}],"replies":[{"embeddable":true,"href":"https:\/\/sfashionaccessories.com\/index.php?rest_route=%2Fwp%2Fv2%2Fcomments&post=19153"}],"wp:featuredmedia":[{"embeddable":true,"href":"https:\/\/sfashionaccessories.com\/index.php?rest_route=\/wp\/v2\/media\/19155"}],"wp:attachment":[{"href":"https:\/\/sfashionaccessories.com\/index.php?rest_route=%2Fwp%2Fv2%2Fmedia&parent=19153"}],"wp:term":[{"taxonomy":"product_brand","embeddable":true,"href":"https:\/\/sfashionaccessories.com\/index.php?rest_route=%2Fwp%2Fv2%2Fproduct_brand&post=19153"},{"taxonomy":"product_cat","embeddable":true,"href":"https:\/\/sfashionaccessories.com\/index.php?rest_route=%2Fwp%2Fv2%2Fproduct_cat&post=19153"},{"taxonomy":"product_tag","embeddable":true,"href":"https:\/\/sfashionaccessories.com\/index.php?rest_route=%2Fwp%2Fv2%2Fproduct_tag&post=19153"}],"curies":[{"name":"wp","href":"https:\/\/api.w.org\/{rel}","templated":true}]}}