{"id":19180,"date":"2024-10-11T19:44:34","date_gmt":"2024-10-11T10:44:34","guid":{"rendered":"https:\/\/sfashionaccessories.com\/?post_type=product&#038;p=19180"},"modified":"2024-10-11T19:44:34","modified_gmt":"2024-10-11T10:44:34","slug":"colar-com-elos-lisos-e-grossos-folheado-em-ouro-18k","status":"publish","type":"product","link":"https:\/\/sfashionaccessories.com\/?product=colar-com-elos-lisos-e-grossos-folheado-em-ouro-18k","title":{"rendered":"Colar com Elos Lisos e Grossos folheado em ouro 18k"},"content":{"rendered":"<p>Tradicional e muito estiloso, esse colar \u00e9 perfeito para compor seus looks das mais diversas formas! Possui caracter\u00edsticas \u00fanicas que o fazem totalmente especial! Esse \u00e9 um colar de corrente tradicional de elo grosso folheado em ouro 18k! Detalhes maravilhosos que voc\u00ea n\u00e3o pode ficar sem!<\/p>\n<p>Dados t\u00e9cnicos:<br \/>\nCorrente: 50 cm + 4 cm extensor<br \/>\nLargura: 1 cm<br \/>\nEspessura: 0,2 mm<br \/>\nPeso: 0,019<\/p>\n","protected":false},"excerpt":{"rendered":"<p>Tradicional e muito estiloso, esse colar \u00e9 perfeito para compor seus looks das mais diversas formas! Possui caracter\u00edsticas \u00fanicas que o fazem totalmente especial! Esse \u00e9 um colar de corrente tradicional de elo grosso folheado em ouro 18k! Detalhes maravilhosos que voc\u00ea n\u00e3o pode ficar sem! Dados t\u00e9cnicos: Corrente: 50 cm + 4 cm extensor [&hellip;]<\/p>\n","protected":false},"featured_media":19183,"comment_status":"open","ping_status":"closed","template":"","meta":{"_kadence_starter_templates_imported_post":false},"product_brand":[],"product_cat":[15,200,373,209],"product_tag":[182,374,728,232],"class_list":{"0":"post-19180","1":"product","2":"type-product","3":"status-publish","4":"has-post-thumbnail","6":"product_cat-padrao","7":"product_cat-acessorios-bijuterias-semi-joias","8":"product_cat-colares","9":"product_cat-semi-joias","10":"product_tag-acessorios","11":"product_tag-colar","12":"product_tag-gargantilha","13":"product_tag-semi-joias","15":"first","16":"instock","17":"shipping-taxable","18":"purchasable","19":"product-type-simple"},"_links":{"self":[{"href":"https:\/\/sfashionaccessories.com\/index.php?rest_route=\/wp\/v2\/product\/19180","targetHints":{"allow":["GET"]}}],"collection":[{"href":"https:\/\/sfashionaccessories.com\/index.php?rest_route=\/wp\/v2\/product"}],"about":[{"href":"https:\/\/sfashionaccessories.com\/index.php?rest_route=\/wp\/v2\/types\/product"}],"replies":[{"embeddable":true,"href":"https:\/\/sfashionaccessories.com\/index.php?rest_route=%2Fwp%2Fv2%2Fcomments&post=19180"}],"wp:featuredmedia":[{"embeddable":true,"href":"https:\/\/sfashionaccessories.com\/index.php?rest_route=\/wp\/v2\/media\/19183"}],"wp:attachment":[{"href":"https:\/\/sfashionaccessories.com\/index.php?rest_route=%2Fwp%2Fv2%2Fmedia&parent=19180"}],"wp:term":[{"taxonomy":"product_brand","embeddable":true,"href":"https:\/\/sfashionaccessories.com\/index.php?rest_route=%2Fwp%2Fv2%2Fproduct_brand&post=19180"},{"taxonomy":"product_cat","embeddable":true,"href":"https:\/\/sfashionaccessories.com\/index.php?rest_route=%2Fwp%2Fv2%2Fproduct_cat&post=19180"},{"taxonomy":"product_tag","embeddable":true,"href":"https:\/\/sfashionaccessories.com\/index.php?rest_route=%2Fwp%2Fv2%2Fproduct_tag&post=19180"}],"curies":[{"name":"wp","href":"https:\/\/api.w.org\/{rel}","templated":true}]}}