{"id":19207,"date":"2024-10-12T14:15:04","date_gmt":"2024-10-12T05:15:04","guid":{"rendered":"https:\/\/sfashionaccessories.com\/?post_type=product&#038;p=19207"},"modified":"2025-09-21T18:40:56","modified_gmt":"2025-09-21T09:40:56","slug":"esmalte-gel-avon-power-stay-9g","status":"publish","type":"product","link":"https:\/\/sfashionaccessories.com\/?product=esmalte-gel-avon-power-stay-9g","title":{"rendered":"ESMALTE GEL AVON POWER STAY 9g"},"content":{"rendered":"<p>Novo esmalte Avon Power Stay gel. F\u00f3rmula que mant\u00e9m a cor e o brilho por mais tempo, e o efeito gel que voc\u00ea j\u00e1 conhece agora ainda mais Power.<\/p>\n<p>Cores de alto impacto que permanecem intactas durante todo o dia com a tecnologia exclusiva Color Lock: cobertura perfeita em gel em uma \u00fanica camada e alta fixa\u00e7\u00e3o de cor.<\/p>\n<p>O esmalte que veio pra ficar, para uma mulher Power como voc\u00ea.<\/p>\n<p>24 cores intensas para todos os estilos, na tend\u00eancia. Esmaltes com tantas op\u00e7\u00f5es de cor em acabamento gel, s\u00f3 na Avon!<\/p>\n<p>Efeito 3D volumizador, unha com cor mais uniforme com 8 dias de dura\u00e7\u00e3o de cor e brilho intenso. N\u00e3o mancha as unhas e \u00e9 f\u00e1cil de aplicar. Unhas de sal\u00e3o em casa, sem precisar de luz UV.<\/p>\n<p>Acabamento em gel de qualidade de sal\u00e3o que \u00e9 forte o suficiente para passar no teste mais dif\u00edcil.<\/p>\n<p>F\u00f3rmula 12-free enriquecida com extrato de algas para ainda mais cor e brilho por mais tempo.<\/p>\n<p>Novo Efeito 3D volumizador, brilho extremo e cobertura perfeitamente uniforme que dura mais do que nunca* sem necessidade de l\u00e2mpada UV!<\/p>\n<p>*Comparado com o esmalte AVON PRO GEL ESMALTE COR E BRILHO.<\/p>\n","protected":false},"excerpt":{"rendered":"<p>Novo esmalte Avon Power Stay gel. F\u00f3rmula que mant\u00e9m a cor e o brilho por mais tempo, e o efeito gel que voc\u00ea j\u00e1 conhece agora ainda mais Power. Cores de alto impacto que permanecem intactas durante todo o dia com a tecnologia exclusiva Color Lock: cobertura perfeita em gel em uma \u00fanica camada e [&hellip;]<\/p>\n","protected":false},"featured_media":19219,"comment_status":"open","ping_status":"closed","template":"","meta":{"_kadence_starter_templates_imported_post":false},"product_brand":[],"product_cat":[548,206,912],"product_tag":[549,272,850],"class_list":{"0":"post-19207","1":"product","2":"type-product","3":"status-publish","4":"has-post-thumbnail","6":"product_cat-avon","7":"product_cat-cosmeticos-cremes-hidradantesperfumes","8":"product_cat-esmalte","9":"product_tag-avon","10":"product_tag-cosmeticos","11":"product_tag-esmaltes","13":"first","14":"instock","15":"shipping-taxable","16":"purchasable","17":"product-type-variable"},"_links":{"self":[{"href":"https:\/\/sfashionaccessories.com\/index.php?rest_route=\/wp\/v2\/product\/19207","targetHints":{"allow":["GET"]}}],"collection":[{"href":"https:\/\/sfashionaccessories.com\/index.php?rest_route=\/wp\/v2\/product"}],"about":[{"href":"https:\/\/sfashionaccessories.com\/index.php?rest_route=\/wp\/v2\/types\/product"}],"replies":[{"embeddable":true,"href":"https:\/\/sfashionaccessories.com\/index.php?rest_route=%2Fwp%2Fv2%2Fcomments&post=19207"}],"wp:featuredmedia":[{"embeddable":true,"href":"https:\/\/sfashionaccessories.com\/index.php?rest_route=\/wp\/v2\/media\/19219"}],"wp:attachment":[{"href":"https:\/\/sfashionaccessories.com\/index.php?rest_route=%2Fwp%2Fv2%2Fmedia&parent=19207"}],"wp:term":[{"taxonomy":"product_brand","embeddable":true,"href":"https:\/\/sfashionaccessories.com\/index.php?rest_route=%2Fwp%2Fv2%2Fproduct_brand&post=19207"},{"taxonomy":"product_cat","embeddable":true,"href":"https:\/\/sfashionaccessories.com\/index.php?rest_route=%2Fwp%2Fv2%2Fproduct_cat&post=19207"},{"taxonomy":"product_tag","embeddable":true,"href":"https:\/\/sfashionaccessories.com\/index.php?rest_route=%2Fwp%2Fv2%2Fproduct_tag&post=19207"}],"curies":[{"name":"wp","href":"https:\/\/api.w.org\/{rel}","templated":true}]}}