{"id":19223,"date":"2024-10-12T14:13:58","date_gmt":"2024-10-12T05:13:58","guid":{"rendered":"https:\/\/sfashionaccessories.com\/?post_type=product&#038;p=19223"},"modified":"2024-10-13T11:10:26","modified_gmt":"2024-10-13T02:10:26","slug":"cobertura-brilhante-para-esmalte-avon-power-stay-9g","status":"publish","type":"product","link":"https:\/\/sfashionaccessories.com\/?product=cobertura-brilhante-para-esmalte-avon-power-stay-9g","title":{"rendered":"COBERTURA BRILHANTE PARA ESMALTE AVON POWER STAY 9G"},"content":{"rendered":"<p>Destaque o brilho de suas unhas com a novo Cobertura Brilhante Gel Power Stay! Criado para\u00a0ser aplicado sobre o Esmalte Gel Power Stay, sua f\u00f3rmula estende a dura\u00e7\u00e3o e apar\u00eancia de\u00a0unhas feitas pelo dobro do tempo!<\/p>\n<p>MAIS PROTE\u00c7\u00c3O<\/p>\n<p>Aplique ap\u00f3s esmalta\u00e7\u00e3o para finaliza\u00e7\u00e3o garantindo prote\u00e7\u00e3o extra que reduz ainda mais a\u00a0descama\u00e7\u00e3o do esmalte.<\/p>\n<p>DURA\u00c7\u00c3O DOBRADA<\/p>\n<p>Estende a dura\u00e7\u00e3o e apar\u00eancia de unhas feitas pelo dobro do tempo.<\/p>\n<p>EFEITO GLOSS<\/p>\n<p>Acabamento perfeito com efeito gloss para unhas com brilho extra.<\/p>\n","protected":false},"excerpt":{"rendered":"<p>Destaque o brilho de suas unhas com a novo Cobertura Brilhante Gel Power Stay! Criado para\u00a0ser aplicado sobre o Esmalte Gel Power Stay, sua f\u00f3rmula estende a dura\u00e7\u00e3o e apar\u00eancia de\u00a0unhas feitas pelo dobro do tempo! MAIS PROTE\u00c7\u00c3O Aplique ap\u00f3s esmalta\u00e7\u00e3o para finaliza\u00e7\u00e3o garantindo prote\u00e7\u00e3o extra que reduz ainda mais a\u00a0descama\u00e7\u00e3o do esmalte. DURA\u00c7\u00c3O DOBRADA [&hellip;]<\/p>\n","protected":false},"featured_media":19225,"comment_status":"open","ping_status":"closed","template":"","meta":{"_kadence_starter_templates_imported_post":false},"product_brand":[],"product_cat":[548,916,206,912],"product_tag":[549,272,850],"class_list":{"0":"post-19223","1":"product","2":"type-product","3":"status-publish","4":"has-post-thumbnail","6":"product_cat-avon","7":"product_cat-cobertura-para-esmalte","8":"product_cat-cosmeticos-cremes-hidradantesperfumes","9":"product_cat-esmalte","10":"product_tag-avon","11":"product_tag-cosmeticos","12":"product_tag-esmaltes","14":"first","15":"instock","16":"shipping-taxable","17":"purchasable","18":"product-type-simple"},"_links":{"self":[{"href":"https:\/\/sfashionaccessories.com\/index.php?rest_route=\/wp\/v2\/product\/19223","targetHints":{"allow":["GET"]}}],"collection":[{"href":"https:\/\/sfashionaccessories.com\/index.php?rest_route=\/wp\/v2\/product"}],"about":[{"href":"https:\/\/sfashionaccessories.com\/index.php?rest_route=\/wp\/v2\/types\/product"}],"replies":[{"embeddable":true,"href":"https:\/\/sfashionaccessories.com\/index.php?rest_route=%2Fwp%2Fv2%2Fcomments&post=19223"}],"wp:featuredmedia":[{"embeddable":true,"href":"https:\/\/sfashionaccessories.com\/index.php?rest_route=\/wp\/v2\/media\/19225"}],"wp:attachment":[{"href":"https:\/\/sfashionaccessories.com\/index.php?rest_route=%2Fwp%2Fv2%2Fmedia&parent=19223"}],"wp:term":[{"taxonomy":"product_brand","embeddable":true,"href":"https:\/\/sfashionaccessories.com\/index.php?rest_route=%2Fwp%2Fv2%2Fproduct_brand&post=19223"},{"taxonomy":"product_cat","embeddable":true,"href":"https:\/\/sfashionaccessories.com\/index.php?rest_route=%2Fwp%2Fv2%2Fproduct_cat&post=19223"},{"taxonomy":"product_tag","embeddable":true,"href":"https:\/\/sfashionaccessories.com\/index.php?rest_route=%2Fwp%2Fv2%2Fproduct_tag&post=19223"}],"curies":[{"name":"wp","href":"https:\/\/api.w.org\/{rel}","templated":true}]}}