{"id":19242,"date":"2025-12-25T17:24:19","date_gmt":"2025-12-25T08:24:19","guid":{"rendered":"https:\/\/sfashionaccessories.com\/?post_type=product&#038;p=19242"},"modified":"2026-03-08T12:30:40","modified_gmt":"2026-03-08T03:30:40","slug":"kit-com-3-calcinhas-biquini-demillus-53300","status":"publish","type":"product","link":"https:\/\/sfashionaccessories.com\/?product=kit-com-3-calcinhas-biquini-demillus-53300","title":{"rendered":"Kit com 3 Calcinhas Biqu\u00edni Demillus (K53300\/C53300)"},"content":{"rendered":"<p><b>Caracter\u00edsticas:<\/b><\/p>\n<ul>\n<li>Kit com 3 calcinhas adulto<\/li>\n<li>Modelo biqu\u00edni<\/li>\n<li>Em microfibra el\u00e1stica, leve e macia<\/li>\n<li>2 pe\u00e7as lisas e 1 estampada<\/li>\n<li>Laterais largas<\/li>\n<\/ul>\n<p><b>Composi\u00e7\u00e3o:<\/b><\/p>\n<ul>\n<li>90% Poliamida e 10% Elastano<\/li>\n<li>Forro 100% Algod\u00e3o<\/li>\n<\/ul>\n","protected":false},"excerpt":{"rendered":"<p>Caracter\u00edsticas: Kit com 3 calcinhas adulto Modelo biqu\u00edni Em microfibra el\u00e1stica, leve e macia 2 pe\u00e7as lisas e 1 estampada Laterais largas Composi\u00e7\u00e3o: 90% Poliamida e 10% Elastano Forro 100% Algod\u00e3o<\/p>\n","protected":false},"featured_media":24771,"comment_status":"open","ping_status":"closed","template":"","meta":{"_kadence_starter_templates_imported_post":false},"product_brand":[],"product_cat":[215,268,293,788],"product_tag":[348,266,444],"class_list":{"0":"post-19242","1":"product","2":"type-product","3":"status-publish","4":"has-post-thumbnail","6":"product_cat-calcinhas-tangas-fio-dental","7":"product_cat-demillus","8":"product_cat-feminino","9":"product_cat-kit","10":"product_tag-calcinha","11":"product_tag-demillus","12":"product_tag-kit","14":"first","15":"instock","16":"shipping-taxable","17":"purchasable","18":"product-type-variable"},"_links":{"self":[{"href":"https:\/\/sfashionaccessories.com\/index.php?rest_route=\/wp\/v2\/product\/19242","targetHints":{"allow":["GET"]}}],"collection":[{"href":"https:\/\/sfashionaccessories.com\/index.php?rest_route=\/wp\/v2\/product"}],"about":[{"href":"https:\/\/sfashionaccessories.com\/index.php?rest_route=\/wp\/v2\/types\/product"}],"replies":[{"embeddable":true,"href":"https:\/\/sfashionaccessories.com\/index.php?rest_route=%2Fwp%2Fv2%2Fcomments&post=19242"}],"wp:featuredmedia":[{"embeddable":true,"href":"https:\/\/sfashionaccessories.com\/index.php?rest_route=\/wp\/v2\/media\/24771"}],"wp:attachment":[{"href":"https:\/\/sfashionaccessories.com\/index.php?rest_route=%2Fwp%2Fv2%2Fmedia&parent=19242"}],"wp:term":[{"taxonomy":"product_brand","embeddable":true,"href":"https:\/\/sfashionaccessories.com\/index.php?rest_route=%2Fwp%2Fv2%2Fproduct_brand&post=19242"},{"taxonomy":"product_cat","embeddable":true,"href":"https:\/\/sfashionaccessories.com\/index.php?rest_route=%2Fwp%2Fv2%2Fproduct_cat&post=19242"},{"taxonomy":"product_tag","embeddable":true,"href":"https:\/\/sfashionaccessories.com\/index.php?rest_route=%2Fwp%2Fv2%2Fproduct_tag&post=19242"}],"curies":[{"name":"wp","href":"https:\/\/api.w.org\/{rel}","templated":true}]}}