{"id":19303,"date":"2024-10-22T18:37:52","date_gmt":"2024-10-22T09:37:52","guid":{"rendered":"https:\/\/sfashionaccessories.com\/?post_type=product&#038;p=19303"},"modified":"2025-10-30T20:14:33","modified_gmt":"2025-10-30T11:14:33","slug":"ekos-frescor-com-aromatico-de-maracuja-natureza-dos-sonhos-150-ml","status":"publish","type":"product","link":"https:\/\/sfashionaccessories.com\/?product=ekos-frescor-com-aromatico-de-maracuja-natureza-dos-sonhos-150-ml","title":{"rendered":"LAN\u00c7AMENTO- Ekos Frescor com Arom\u00e1tico de Maracuj\u00e1 Natureza dos Sonhos 150 ml"},"content":{"rendered":"<div class=\"bg-white px-6 rounded-semi overflow-hidden\" data-state=\"open\" data-orientation=\"vertical\">\n<div id=\"radix-:r1:\" class=\"overflow-hidden text-sm transition-all data-[state=closed]:animate-accordion-up data-[state=open]:animate-accordion-down border-t-[1px]\" role=\"region\" data-state=\"open\" aria-labelledby=\"radix-:r0:\" data-orientation=\"vertical\">\n<div class=\"pt-4 pb-6 flex flex-col gap-2\">\n<div class=\"relative flex\">\n<div class=\"flex gap-2 items-center\"><span class=\"text-sm font-bold\">\u00c0 noite o maracuj\u00e1 tamb\u00e9m sonha.<\/span><\/div>\n<\/div>\n<div class=\"relative flex\">\n<div class=\"flex gap-2 items-center\"><span class=\"text-sm\">Ekos Frescor com Arom\u00e1tico de Maracuj\u00e1 \u00e9 o Desodorante Col\u00f4nia da nossa nova linha Natureza dos Sonhos. uma fragr\u00e2ncia feita com extrato arom\u00e1tico do maracuj\u00e1 noturno. colhido sob o c\u00e9u estrelado, o maracuj\u00e1 revela notas olfativas surpreendentes: o frescor c\u00edtrico do orvalho da madrugada se mistura a notas de flores envolventes e madeiras misteriosas.<\/span><\/div>\n<\/div>\n<\/div>\n<\/div>\n<\/div>\n<div class=\"bg-white px-6 rounded-semi overflow-hidden\" data-state=\"closed\" data-orientation=\"vertical\">\n<div id=\"chevron\" class=\"text-center flex items-center justify-center\">\n<div class=\"relative flex\">\n<div><\/div>\n<div class=\"flex gap-2 items-center\"><span class=\"text-sm\">fam\u00edlia olfativa<\/span>:\u00a0<span class=\"text-sm font-medium\">c\u00edtrico<\/span><\/div>\n<\/div>\n<div class=\"relative flex\">\n<div class=\"flex gap-2 items-center\">\n<div class=\"bg-gray-100 rounded-full p-1\" aria-hidden=\"true\">\n<div class=\"text-center flex items-center justify-center\"><\/div>\n<\/div>\n<p><span class=\"text-sm\">notas de fundo<\/span>:\u00a0<span class=\"text-sm font-medium\">cedro, musk, musgo, guaiaco, patchouli, cade, \u00e2mbar e elemi.<\/span><\/p>\n<\/div>\n<\/div>\n<div class=\"relative flex\">\n<div class=\"flex gap-2 items-center\">\n<div class=\"bg-gray-100 rounded-full p-1\" aria-hidden=\"true\">\n<div class=\"text-center flex items-center justify-center\"><\/div>\n<\/div>\n<p><span class=\"text-sm\">notas de corpo<\/span>:\u00a0<span class=\"text-sm font-medium\">rosa, violeta, jasmim, petigrain, flor de laranjeira e mate.<\/span><\/p>\n<\/div>\n<\/div>\n<div class=\"relative flex\">\n<div class=\"flex gap-2 items-center\">\n<div class=\"bg-gray-100 rounded-full p-1\" aria-hidden=\"true\">\n<div class=\"text-center flex items-center justify-center\"><\/div>\n<\/div>\n<p><span class=\"text-sm\">notas de topo<\/span>:\u00a0<span class=\"text-sm font-medium\">bergamota, lim\u00e3o, mandarina, laranja, neroli, gengibre, galbano, pimenta-preta, mel\u00e3o, cardamomo, alecrim, maracuj\u00e1 noturno, poejo, capim lim\u00e3o e pataqueira.<\/span><\/p>\n<\/div>\n<\/div>\n<div class=\"relative flex\">\n<div class=\"flex gap-2 items-center\">\n<div class=\"bg-gray-100 rounded-full p-1\" aria-hidden=\"true\">\n<div class=\"text-center flex items-center justify-center\"><\/div>\n<\/div>\n<p><span class=\"text-sm\">fragr\u00e2ncia<\/span>:\u00a0<span class=\"text-sm font-medium\">maracuj\u00e1<\/span><\/p>\n<\/div>\n<\/div>\n<div class=\"relative flex\">\n<div class=\"flex gap-2 items-center\">\n<div class=\"bg-gray-100 rounded-full p-1\" aria-hidden=\"true\">\n<div class=\"text-center flex items-center justify-center\"><\/div>\n<\/div>\n<p><span class=\"text-sm\">ocasi\u00e3o<\/span>:\u00a0<span class=\"text-sm font-medium\">dia-a-dia, p\u00f3s banho<\/span><\/p>\n<\/div>\n<\/div>\n<div class=\"relative flex\">\n<div class=\"flex gap-2 items-center\">\n<div class=\"bg-gray-100 rounded-full p-1\" aria-hidden=\"true\">\n<div class=\"text-center flex items-center justify-center\"><\/div>\n<\/div>\n<p><span class=\"text-sm\">subfam\u00edlia<\/span>:\u00a0<span class=\"text-sm font-medium\">floral<\/span><\/p>\n<\/div>\n<\/div>\n<\/div>\n<\/div>\n","protected":false},"excerpt":{"rendered":"<p>\u00c0 noite o maracuj\u00e1 tamb\u00e9m sonha. Ekos Frescor com Arom\u00e1tico de Maracuj\u00e1 \u00e9 o Desodorante Col\u00f4nia da nossa nova linha Natureza dos Sonhos. uma fragr\u00e2ncia feita com extrato arom\u00e1tico do maracuj\u00e1 noturno. colhido sob o c\u00e9u estrelado, o maracuj\u00e1 revela notas olfativas surpreendentes: o frescor c\u00edtrico do orvalho da madrugada se mistura a notas de [&hellip;]<\/p>\n","protected":false},"featured_media":19306,"comment_status":"open","ping_status":"closed","template":"","meta":{"_kadence_starter_templates_imported_post":false},"product_brand":[],"product_cat":[713,206,203,231],"product_tag":[342,272,234],"class_list":{"0":"post-19303","1":"product","2":"type-product","3":"status-publish","4":"has-post-thumbnail","6":"product_cat-colonia","7":"product_cat-cosmeticos-cremes-hidradantesperfumes","8":"product_cat-natura-creme-oleo-sabonete-perfume","9":"product_cat-perfumes-natura","10":"product_tag-colonia","11":"product_tag-cosmeticos","12":"product_tag-natura","14":"first","15":"outofstock","16":"sale","17":"shipping-taxable","18":"purchasable","19":"product-type-simple"},"_links":{"self":[{"href":"https:\/\/sfashionaccessories.com\/index.php?rest_route=\/wp\/v2\/product\/19303","targetHints":{"allow":["GET"]}}],"collection":[{"href":"https:\/\/sfashionaccessories.com\/index.php?rest_route=\/wp\/v2\/product"}],"about":[{"href":"https:\/\/sfashionaccessories.com\/index.php?rest_route=\/wp\/v2\/types\/product"}],"replies":[{"embeddable":true,"href":"https:\/\/sfashionaccessories.com\/index.php?rest_route=%2Fwp%2Fv2%2Fcomments&post=19303"}],"wp:featuredmedia":[{"embeddable":true,"href":"https:\/\/sfashionaccessories.com\/index.php?rest_route=\/wp\/v2\/media\/19306"}],"wp:attachment":[{"href":"https:\/\/sfashionaccessories.com\/index.php?rest_route=%2Fwp%2Fv2%2Fmedia&parent=19303"}],"wp:term":[{"taxonomy":"product_brand","embeddable":true,"href":"https:\/\/sfashionaccessories.com\/index.php?rest_route=%2Fwp%2Fv2%2Fproduct_brand&post=19303"},{"taxonomy":"product_cat","embeddable":true,"href":"https:\/\/sfashionaccessories.com\/index.php?rest_route=%2Fwp%2Fv2%2Fproduct_cat&post=19303"},{"taxonomy":"product_tag","embeddable":true,"href":"https:\/\/sfashionaccessories.com\/index.php?rest_route=%2Fwp%2Fv2%2Fproduct_tag&post=19303"}],"curies":[{"name":"wp","href":"https:\/\/api.w.org\/{rel}","templated":true}]}}