{"id":19322,"date":"2024-10-22T22:23:43","date_gmt":"2024-10-22T13:23:43","guid":{"rendered":"https:\/\/sfashionaccessories.com\/?post_type=product&#038;p=19322"},"modified":"2025-10-22T10:15:22","modified_gmt":"2025-10-22T01:15:22","slug":"calca-linho-sawary-wide-leg-277766","status":"publish","type":"product","link":"https:\/\/sfashionaccessories.com\/?product=calca-linho-sawary-wide-leg-277766","title":{"rendered":"LAN\u00c7AMENTO- Cal\u00e7a Linho Sawary Wide Leg &#8211; 277766"},"content":{"rendered":"<div class=\"vtex-rich-text-0-x-container vtex-rich-text-0-x-container--pdp-accordion-title flex tl items-start justify-start t-body c-on-base\">\n<div class=\"vtex-rich-text-0-x-wrapper vtex-rich-text-0-x-wrapper--pdp-accordion-title\">\n<p class=\"lh-copy vtex-rich-text-0-x-paragraph vtex-rich-text-0-x-paragraph--pdp-accordion-title\">Detalhes<\/p>\n<\/div>\n<\/div>\n<div class=\"vtex-rich-text-0-x-container vtex-rich-text-0-x-container--accordion-minus flex tl items-start justify-start t-body c-on-base\">\n<div class=\"vtex-rich-text-0-x-wrapper vtex-rich-text-0-x-wrapper--accordion-minus\">Cal\u00e7a linho feminina de modelagem wide leg, com caimento mais solto ao corpo.<\/div>\n<div class=\"vtex-rich-text-0-x-wrapper vtex-rich-text-0-x-wrapper--accordion-minus\">Cintura alta Fechamento com bot\u00e3o e z\u00edper Bolsos frontais e laterais e bolsos traseiros funcionais Barra com acabamento simples<\/div>\n<div class=\"vtex-rich-text-0-x-wrapper vtex-rich-text-0-x-wrapper--accordion-minus\">Tecido: linho<\/div>\n<div class=\"vtex-rich-text-0-x-wrapper vtex-rich-text-0-x-wrapper--accordion-minus\">Tipo de lavagem: Color Cor: Bege<\/div>\n<div>\n<div class=\"vtex-rich-text-0-x-container vtex-rich-text-0-x-container--pdp-accordion-title flex tl items-start justify-start t-body c-on-base\">\n<div class=\"vtex-rich-text-0-x-wrapper vtex-rich-text-0-x-wrapper--pdp-accordion-title\"><\/div>\n<\/div>\n<div id=\"id-kfr6s9\" class=\"vtex-disclosure-layout-1-x-content vtex-disclosure-layout-1-x-content--visible\">\n<div class=\"vtex-store-components-3-x-specificationsTableContainer mt9 mt0-l pl8-l\">\n<div class=\"vtex-store-components-3-x-container relative\">\n<div class=\"vtex-store-components-3-x-content h-auto\"><\/div>\n<\/div>\n<\/div>\n<\/div>\n<\/div>\n<\/div>\n","protected":false},"excerpt":{"rendered":"<p>Detalhes Cal\u00e7a linho feminina de modelagem wide leg, com caimento mais solto ao corpo. Cintura alta Fechamento com bot\u00e3o e z\u00edper Bolsos frontais e laterais e bolsos traseiros funcionais Barra com acabamento simples Tecido: linho Tipo de lavagem: Color Cor: Bege<\/p>\n","protected":false},"featured_media":19323,"comment_status":"open","ping_status":"closed","template":"","meta":{"_kadence_starter_templates_imported_post":false},"product_brand":[],"product_cat":[508,499,259],"product_tag":[242,917,256],"class_list":{"0":"post-19322","1":"product","2":"type-product","3":"status-publish","4":"has-post-thumbnail","6":"product_cat-calcas-femininas","7":"product_cat-medidas-calcas-e-shorts-feminino-sawary","8":"product_cat-sawary","9":"product_tag-calcas-femininas","10":"product_tag-linho","11":"product_tag-sawary","13":"first","14":"instock","15":"sale","16":"shipping-taxable","17":"purchasable","18":"product-type-variable"},"_links":{"self":[{"href":"https:\/\/sfashionaccessories.com\/index.php?rest_route=\/wp\/v2\/product\/19322","targetHints":{"allow":["GET"]}}],"collection":[{"href":"https:\/\/sfashionaccessories.com\/index.php?rest_route=\/wp\/v2\/product"}],"about":[{"href":"https:\/\/sfashionaccessories.com\/index.php?rest_route=\/wp\/v2\/types\/product"}],"replies":[{"embeddable":true,"href":"https:\/\/sfashionaccessories.com\/index.php?rest_route=%2Fwp%2Fv2%2Fcomments&post=19322"}],"wp:featuredmedia":[{"embeddable":true,"href":"https:\/\/sfashionaccessories.com\/index.php?rest_route=\/wp\/v2\/media\/19323"}],"wp:attachment":[{"href":"https:\/\/sfashionaccessories.com\/index.php?rest_route=%2Fwp%2Fv2%2Fmedia&parent=19322"}],"wp:term":[{"taxonomy":"product_brand","embeddable":true,"href":"https:\/\/sfashionaccessories.com\/index.php?rest_route=%2Fwp%2Fv2%2Fproduct_brand&post=19322"},{"taxonomy":"product_cat","embeddable":true,"href":"https:\/\/sfashionaccessories.com\/index.php?rest_route=%2Fwp%2Fv2%2Fproduct_cat&post=19322"},{"taxonomy":"product_tag","embeddable":true,"href":"https:\/\/sfashionaccessories.com\/index.php?rest_route=%2Fwp%2Fv2%2Fproduct_tag&post=19322"}],"curies":[{"name":"wp","href":"https:\/\/api.w.org\/{rel}","templated":true}]}}