{"id":19368,"date":"2024-12-01T14:44:00","date_gmt":"2024-12-01T05:44:00","guid":{"rendered":"https:\/\/sfashionaccessories.com\/?post_type=product&#038;p=19368"},"modified":"2025-12-31T10:06:14","modified_gmt":"2025-12-31T01:06:14","slug":"jaqueta-resinada-sawary-276717","status":"publish","type":"product","link":"https:\/\/sfashionaccessories.com\/?product=jaqueta-resinada-sawary-276717","title":{"rendered":"Jaqueta Resinada Sawary &#8211; 276717"},"content":{"rendered":"<div class=\"vtex-rich-text-0-x-container vtex-rich-text-0-x-container--pdp-accordion-title flex tl items-start justify-start t-body c-on-base\">\n<div class=\"vtex-rich-text-0-x-wrapper vtex-rich-text-0-x-wrapper--pdp-accordion-title\">\n<p class=\"lh-copy vtex-rich-text-0-x-paragraph vtex-rich-text-0-x-paragraph--pdp-accordion-title\">Detalhes<\/p>\n<\/div>\n<\/div>\n<div class=\"vtex-rich-text-0-x-container vtex-rich-text-0-x-container--accordion-minus flex tl items-start justify-start t-body c-on-base\">\n<div class=\"vtex-rich-text-0-x-wrapper vtex-rich-text-0-x-wrapper--accordion-minus\"><\/div>\n<\/div>\n<div id=\"id-cjha8l\" class=\"vtex-disclosure-layout-1-x-content vtex-disclosure-layout-1-x-content--visible\">\n<div class=\"vtex-store-components-3-x-productDescriptionContainer\">\n<div class=\"vtex-store-components-3-x-productDescriptionText c-muted-1\">\n<div>Jaqueta Resinada. Modelagem vers\u00e1til e atemporal Comprimento longo Fechamento com bot\u00e3o met\u00e1lico Dois bolsos frontais funcionais Jaqueta Tipo de lavagem: Color Cor: Preto<\/div>\n<\/div>\n<\/div>\n<\/div>\n","protected":false},"excerpt":{"rendered":"<p>Detalhes Jaqueta Resinada. Modelagem vers\u00e1til e atemporal Comprimento longo Fechamento com bot\u00e3o met\u00e1lico Dois bolsos frontais funcionais Jaqueta Tipo de lavagem: Color Cor: Preto<\/p>\n","protected":false},"featured_media":19373,"comment_status":"open","ping_status":"closed","template":"","meta":{"_kadence_starter_templates_imported_post":false},"product_brand":[],"product_cat":[172,580,293,212,499,259],"product_tag":[449,428,188,256],"class_list":{"0":"post-19368","1":"product","2":"type-product","3":"status-publish","4":"has-post-thumbnail","6":"product_cat-blusas-tops-e-camisetas","7":"product_cat-destaques","8":"product_cat-feminino","9":"product_cat-jaquetas-casacos-blusas","10":"product_cat-medidas-calcas-e-shorts-feminino-sawary","11":"product_cat-sawary","12":"product_tag-casaco","13":"product_tag-jaqueta","14":"product_tag-moda-feminina","15":"product_tag-sawary","17":"first","18":"instock","19":"sale","20":"shipping-taxable","21":"purchasable","22":"product-type-variable"},"_links":{"self":[{"href":"https:\/\/sfashionaccessories.com\/index.php?rest_route=\/wp\/v2\/product\/19368","targetHints":{"allow":["GET"]}}],"collection":[{"href":"https:\/\/sfashionaccessories.com\/index.php?rest_route=\/wp\/v2\/product"}],"about":[{"href":"https:\/\/sfashionaccessories.com\/index.php?rest_route=\/wp\/v2\/types\/product"}],"replies":[{"embeddable":true,"href":"https:\/\/sfashionaccessories.com\/index.php?rest_route=%2Fwp%2Fv2%2Fcomments&post=19368"}],"wp:featuredmedia":[{"embeddable":true,"href":"https:\/\/sfashionaccessories.com\/index.php?rest_route=\/wp\/v2\/media\/19373"}],"wp:attachment":[{"href":"https:\/\/sfashionaccessories.com\/index.php?rest_route=%2Fwp%2Fv2%2Fmedia&parent=19368"}],"wp:term":[{"taxonomy":"product_brand","embeddable":true,"href":"https:\/\/sfashionaccessories.com\/index.php?rest_route=%2Fwp%2Fv2%2Fproduct_brand&post=19368"},{"taxonomy":"product_cat","embeddable":true,"href":"https:\/\/sfashionaccessories.com\/index.php?rest_route=%2Fwp%2Fv2%2Fproduct_cat&post=19368"},{"taxonomy":"product_tag","embeddable":true,"href":"https:\/\/sfashionaccessories.com\/index.php?rest_route=%2Fwp%2Fv2%2Fproduct_tag&post=19368"}],"curies":[{"name":"wp","href":"https:\/\/api.w.org\/{rel}","templated":true}]}}