{"id":19465,"date":"2026-01-30T08:57:47","date_gmt":"2026-01-29T23:57:47","guid":{"rendered":"https:\/\/sfashionaccessories.com\/?post_type=product&#038;p=19465"},"modified":"2026-02-03T18:38:10","modified_gmt":"2026-02-03T09:38:10","slug":"calca-jeans-feminina-com-strass-premium-collection-c528-01","status":"publish","type":"product","link":"https:\/\/sfashionaccessories.com\/?product=calca-jeans-feminina-com-strass-premium-collection-c528-01","title":{"rendered":"Cal\u00e7a Jeans Feminina com strass Models Premium Collection &#8211; C528-01"},"content":{"rendered":"<p>Essa peca e o maior sucesso, uma uni\u00e3o de estilo, conforto e qualidade. Aquela cal\u00e7a com cheia de estilo e com aquele caimento perfeito. Alem disso nossas cal\u00e7as jeans e conhecida por sua durabilidade e conforto, tonando-a uma escolha pratica e funcional para o\u00a0 dia a dia. Ela ainda permite infinitas combina\u00e7oes de looks, sendo um item basico e versatil que combina com qualquer personalidade.<\/p>\n","protected":false},"excerpt":{"rendered":"<p>Essa peca e o maior sucesso, uma uni\u00e3o de estilo, conforto e qualidade. Aquela cal\u00e7a com cheia de estilo e com aquele caimento perfeito. Alem disso nossas cal\u00e7as jeans e conhecida por sua durabilidade e conforto, tonando-a uma escolha pratica e funcional para o\u00a0 dia a dia. Ela ainda permite infinitas combina\u00e7oes de looks, sendo [&hellip;]<\/p>\n","protected":false},"featured_media":19466,"comment_status":"open","ping_status":"closed","template":"","meta":{"_kadence_starter_templates_imported_post":false},"product_brand":[],"product_cat":[465,508,580,527,883,525],"product_tag":[470,188,526],"class_list":{"0":"post-19465","1":"product","2":"type-product","3":"status-publish","4":"has-post-thumbnail","6":"product_cat-anuncios","7":"product_cat-calcas-femininas","8":"product_cat-destaques","9":"product_cat-jeans","10":"product_cat-medidas-calcas-e-shorts-feminino-models","11":"product_cat-models-jeans","12":"product_tag-calcas-jeans","13":"product_tag-moda-feminina","14":"product_tag-models","16":"first","17":"instock","18":"sale","19":"shipping-taxable","20":"purchasable","21":"product-type-variable"},"_links":{"self":[{"href":"https:\/\/sfashionaccessories.com\/index.php?rest_route=\/wp\/v2\/product\/19465","targetHints":{"allow":["GET"]}}],"collection":[{"href":"https:\/\/sfashionaccessories.com\/index.php?rest_route=\/wp\/v2\/product"}],"about":[{"href":"https:\/\/sfashionaccessories.com\/index.php?rest_route=\/wp\/v2\/types\/product"}],"replies":[{"embeddable":true,"href":"https:\/\/sfashionaccessories.com\/index.php?rest_route=%2Fwp%2Fv2%2Fcomments&post=19465"}],"wp:featuredmedia":[{"embeddable":true,"href":"https:\/\/sfashionaccessories.com\/index.php?rest_route=\/wp\/v2\/media\/19466"}],"wp:attachment":[{"href":"https:\/\/sfashionaccessories.com\/index.php?rest_route=%2Fwp%2Fv2%2Fmedia&parent=19465"}],"wp:term":[{"taxonomy":"product_brand","embeddable":true,"href":"https:\/\/sfashionaccessories.com\/index.php?rest_route=%2Fwp%2Fv2%2Fproduct_brand&post=19465"},{"taxonomy":"product_cat","embeddable":true,"href":"https:\/\/sfashionaccessories.com\/index.php?rest_route=%2Fwp%2Fv2%2Fproduct_cat&post=19465"},{"taxonomy":"product_tag","embeddable":true,"href":"https:\/\/sfashionaccessories.com\/index.php?rest_route=%2Fwp%2Fv2%2Fproduct_tag&post=19465"}],"curies":[{"name":"wp","href":"https:\/\/api.w.org\/{rel}","templated":true}]}}