{"id":19484,"date":"2026-01-29T17:07:10","date_gmt":"2026-01-29T08:07:10","guid":{"rendered":"https:\/\/sfashionaccessories.com\/?post_type=product&#038;p=19484"},"modified":"2026-01-30T12:13:56","modified_gmt":"2026-01-30T03:13:56","slug":"calca-jeans-feminina-premium-collection-c473-02","status":"publish","type":"product","link":"https:\/\/sfashionaccessories.com\/?product=calca-jeans-feminina-premium-collection-c473-02","title":{"rendered":"Cal\u00e7a Models Jeans Feminina Premium Collection &#8211; C473-02"},"content":{"rendered":"<p>Voc\u00eas j\u00e1 conhecem nossas cal\u00e7as jeans? S\u00e3o o maior sucesso, uma uni\u00e3o de estilo, conforto e qualidade. Aquela cal\u00e7a com cheia de estilo e com aquele caimento perfeito. Alem disso nossas cal\u00e7as jeans e conhecida por sua durabilidade e conforto, tonando-a uma escolha pratica e funcional para o\u00a0 dia a dia. Ela ainda permite infinitas combina\u00e7oes de looks, sendo um item basico e versatil que combina com qualquer personalidade.<\/p>\n<p>COMPOSI\u00c7\u00c3O<\/p>\n<p>96%Algod\u00e3o \/ 04%Elastano<\/p>\n","protected":false},"excerpt":{"rendered":"<p>Voc\u00eas j\u00e1 conhecem nossas cal\u00e7as jeans? S\u00e3o o maior sucesso, uma uni\u00e3o de estilo, conforto e qualidade. Aquela cal\u00e7a com cheia de estilo e com aquele caimento perfeito. Alem disso nossas cal\u00e7as jeans e conhecida por sua durabilidade e conforto, tonando-a uma escolha pratica e funcional para o\u00a0 dia a dia. Ela ainda permite infinitas [&hellip;]<\/p>\n","protected":false},"featured_media":19505,"comment_status":"open","ping_status":"closed","template":"","meta":{"_kadence_starter_templates_imported_post":false},"product_brand":[],"product_cat":[465,508,293,527,883,525],"product_tag":[242,395,134,526],"class_list":{"0":"post-19484","1":"product","2":"type-product","3":"status-publish","4":"has-post-thumbnail","6":"product_cat-anuncios","7":"product_cat-calcas-femininas","8":"product_cat-feminino","9":"product_cat-jeans","10":"product_cat-medidas-calcas-e-shorts-feminino-models","11":"product_cat-models-jeans","12":"product_tag-calcas-femininas","13":"product_tag-feminino","14":"product_tag-jeans","15":"product_tag-models","17":"first","18":"instock","19":"sale","20":"shipping-taxable","21":"purchasable","22":"product-type-variable"},"_links":{"self":[{"href":"https:\/\/sfashionaccessories.com\/index.php?rest_route=\/wp\/v2\/product\/19484","targetHints":{"allow":["GET"]}}],"collection":[{"href":"https:\/\/sfashionaccessories.com\/index.php?rest_route=\/wp\/v2\/product"}],"about":[{"href":"https:\/\/sfashionaccessories.com\/index.php?rest_route=\/wp\/v2\/types\/product"}],"replies":[{"embeddable":true,"href":"https:\/\/sfashionaccessories.com\/index.php?rest_route=%2Fwp%2Fv2%2Fcomments&post=19484"}],"wp:featuredmedia":[{"embeddable":true,"href":"https:\/\/sfashionaccessories.com\/index.php?rest_route=\/wp\/v2\/media\/19505"}],"wp:attachment":[{"href":"https:\/\/sfashionaccessories.com\/index.php?rest_route=%2Fwp%2Fv2%2Fmedia&parent=19484"}],"wp:term":[{"taxonomy":"product_brand","embeddable":true,"href":"https:\/\/sfashionaccessories.com\/index.php?rest_route=%2Fwp%2Fv2%2Fproduct_brand&post=19484"},{"taxonomy":"product_cat","embeddable":true,"href":"https:\/\/sfashionaccessories.com\/index.php?rest_route=%2Fwp%2Fv2%2Fproduct_cat&post=19484"},{"taxonomy":"product_tag","embeddable":true,"href":"https:\/\/sfashionaccessories.com\/index.php?rest_route=%2Fwp%2Fv2%2Fproduct_tag&post=19484"}],"curies":[{"name":"wp","href":"https:\/\/api.w.org\/{rel}","templated":true}]}}