{"id":19492,"date":"2025-08-27T15:06:35","date_gmt":"2025-08-27T06:06:35","guid":{"rendered":"https:\/\/sfashionaccessories.com\/?post_type=product&#038;p=19492"},"modified":"2026-01-29T19:53:01","modified_gmt":"2026-01-29T10:53:01","slug":"calca-jeans-feminina-premium-collection-wide-leg-c505-01","status":"publish","type":"product","link":"https:\/\/sfashionaccessories.com\/?product=calca-jeans-feminina-premium-collection-wide-leg-c505-01","title":{"rendered":"Cal\u00e7a Models Jeans Feminina Premium Collection Wide Leg &#8211; C505-01"},"content":{"rendered":"<p>A Cal\u00e7a Jeans Wide Leg da Models \u00e9 feita em jeans Premium com modelagem Confort\u00a0e cintura alta. Wide leg jeans (jeans de perna larga, em portugu\u00eas) cal\u00e7a com modelagem mais ampla na barra \u00e9 menos exagerada do que a cl\u00e1ssica pantalona. A pe\u00e7a\u00a0tem dois bolsos na parte frontal.<\/p>\n<p>Modelagem Confort.<\/p>\n<p><strong>Composi\u00e7\u00e3o:<\/strong><br \/>\nLisa<br \/>\n99% Algod\u00e3o \/ 1% Elastano<\/p>\n","protected":false},"excerpt":{"rendered":"<p>A Cal\u00e7a Jeans Wide Leg da Models \u00e9 feita em jeans Premium com modelagem Confort\u00a0e cintura alta. Wide leg jeans (jeans de perna larga, em portugu\u00eas) cal\u00e7a com modelagem mais ampla na barra \u00e9 menos exagerada do que a cl\u00e1ssica pantalona. A pe\u00e7a\u00a0tem dois bolsos na parte frontal. Modelagem Confort. Composi\u00e7\u00e3o: Lisa 99% Algod\u00e3o \/ [&hellip;]<\/p>\n","protected":false},"featured_media":19493,"comment_status":"open","ping_status":"closed","template":"","meta":{"_kadence_starter_templates_imported_post":false},"product_brand":[],"product_cat":[508,293,527,883,525],"product_tag":[242,395,134,526],"class_list":{"0":"post-19492","1":"product","2":"type-product","3":"status-publish","4":"has-post-thumbnail","6":"product_cat-calcas-femininas","7":"product_cat-feminino","8":"product_cat-jeans","9":"product_cat-medidas-calcas-e-shorts-feminino-models","10":"product_cat-models-jeans","11":"product_tag-calcas-femininas","12":"product_tag-feminino","13":"product_tag-jeans","14":"product_tag-models","16":"first","17":"instock","18":"sale","19":"shipping-taxable","20":"purchasable","21":"product-type-variable"},"_links":{"self":[{"href":"https:\/\/sfashionaccessories.com\/index.php?rest_route=\/wp\/v2\/product\/19492","targetHints":{"allow":["GET"]}}],"collection":[{"href":"https:\/\/sfashionaccessories.com\/index.php?rest_route=\/wp\/v2\/product"}],"about":[{"href":"https:\/\/sfashionaccessories.com\/index.php?rest_route=\/wp\/v2\/types\/product"}],"replies":[{"embeddable":true,"href":"https:\/\/sfashionaccessories.com\/index.php?rest_route=%2Fwp%2Fv2%2Fcomments&post=19492"}],"wp:featuredmedia":[{"embeddable":true,"href":"https:\/\/sfashionaccessories.com\/index.php?rest_route=\/wp\/v2\/media\/19493"}],"wp:attachment":[{"href":"https:\/\/sfashionaccessories.com\/index.php?rest_route=%2Fwp%2Fv2%2Fmedia&parent=19492"}],"wp:term":[{"taxonomy":"product_brand","embeddable":true,"href":"https:\/\/sfashionaccessories.com\/index.php?rest_route=%2Fwp%2Fv2%2Fproduct_brand&post=19492"},{"taxonomy":"product_cat","embeddable":true,"href":"https:\/\/sfashionaccessories.com\/index.php?rest_route=%2Fwp%2Fv2%2Fproduct_cat&post=19492"},{"taxonomy":"product_tag","embeddable":true,"href":"https:\/\/sfashionaccessories.com\/index.php?rest_route=%2Fwp%2Fv2%2Fproduct_tag&post=19492"}],"curies":[{"name":"wp","href":"https:\/\/api.w.org\/{rel}","templated":true}]}}