{"id":19510,"date":"2024-11-03T18:53:30","date_gmt":"2024-11-03T09:53:30","guid":{"rendered":"https:\/\/sfashionaccessories.com\/?post_type=product&#038;p=19510"},"modified":"2025-06-04T16:12:25","modified_gmt":"2025-06-04T07:12:25","slug":"make-b-o-boticario-glossy-vermelho-raspberry-batom-36g","status":"publish","type":"product","link":"https:\/\/sfashionaccessories.com\/?product=make-b-o-boticario-glossy-vermelho-raspberry-batom-36g","title":{"rendered":"Make B. o Botic\u00e1rio Glossy Vermelho Raspberry &#8211; Batom 3,6g"},"content":{"rendered":"<p>Batom com efeito cremoso.\u00a0<strong>o Botic\u00e1rio Make B.<\/strong>\u00a0promove 4x mais cor, al\u00e9m de hidratar intensamente os l\u00e1bios por 48h.<\/p>\n<p>O\u00a0<strong>Batom Cremoso o Botic\u00e1rio Make B.\u00a0<\/strong>disp\u00f5e de tecnologia e performance digna de uma dermomake para tratar seus l\u00e1bios com qualidade e seguran\u00e7a. Com uma embalagem linda e pr\u00e1tica, \u00e9 refil\u00e1vel, conferindo sustentabilidade e praticidade. Al\u00e9m disso, possui f\u00e1cil aplica\u00e7\u00e3o, proporcionando um efeito deslizante na pele, sem craquelar, Tamb\u00e9m confere volume e preenchimento para os l\u00e1bios, com dura\u00e7\u00e3o de at\u00e9 oito horas, sem contar a prote\u00e7\u00e3o FPS 25.<\/p>\n","protected":false},"excerpt":{"rendered":"<p>Batom com efeito cremoso.\u00a0o Botic\u00e1rio Make B.\u00a0promove 4x mais cor, al\u00e9m de hidratar intensamente os l\u00e1bios por 48h. O\u00a0Batom Cremoso o Botic\u00e1rio Make B.\u00a0disp\u00f5e de tecnologia e performance digna de uma dermomake para tratar seus l\u00e1bios com qualidade e seguran\u00e7a. Com uma embalagem linda e pr\u00e1tica, \u00e9 refil\u00e1vel, conferindo sustentabilidade e praticidade. Al\u00e9m disso, possui [&hellip;]<\/p>\n","protected":false},"featured_media":19514,"comment_status":"open","ping_status":"closed","template":"","meta":{"_kadence_starter_templates_imported_post":false},"product_brand":[],"product_cat":[609,206,205,282],"product_tag":[611,272,676,284],"class_list":{"0":"post-19510","1":"product","2":"type-product","3":"status-publish","4":"has-post-thumbnail","6":"product_cat-batom","7":"product_cat-cosmeticos-cremes-hidradantesperfumes","8":"product_cat-baton-po-brush-maquiagem","9":"product_cat-o-boticario","10":"product_tag-batom","11":"product_tag-cosmeticos","12":"product_tag-maquiagem","13":"product_tag-o-boticario","15":"first","16":"instock","17":"shipping-taxable","18":"purchasable","19":"product-type-variable"},"_links":{"self":[{"href":"https:\/\/sfashionaccessories.com\/index.php?rest_route=\/wp\/v2\/product\/19510","targetHints":{"allow":["GET"]}}],"collection":[{"href":"https:\/\/sfashionaccessories.com\/index.php?rest_route=\/wp\/v2\/product"}],"about":[{"href":"https:\/\/sfashionaccessories.com\/index.php?rest_route=\/wp\/v2\/types\/product"}],"replies":[{"embeddable":true,"href":"https:\/\/sfashionaccessories.com\/index.php?rest_route=%2Fwp%2Fv2%2Fcomments&post=19510"}],"wp:featuredmedia":[{"embeddable":true,"href":"https:\/\/sfashionaccessories.com\/index.php?rest_route=\/wp\/v2\/media\/19514"}],"wp:attachment":[{"href":"https:\/\/sfashionaccessories.com\/index.php?rest_route=%2Fwp%2Fv2%2Fmedia&parent=19510"}],"wp:term":[{"taxonomy":"product_brand","embeddable":true,"href":"https:\/\/sfashionaccessories.com\/index.php?rest_route=%2Fwp%2Fv2%2Fproduct_brand&post=19510"},{"taxonomy":"product_cat","embeddable":true,"href":"https:\/\/sfashionaccessories.com\/index.php?rest_route=%2Fwp%2Fv2%2Fproduct_cat&post=19510"},{"taxonomy":"product_tag","embeddable":true,"href":"https:\/\/sfashionaccessories.com\/index.php?rest_route=%2Fwp%2Fv2%2Fproduct_tag&post=19510"}],"curies":[{"name":"wp","href":"https:\/\/api.w.org\/{rel}","templated":true}]}}