{"id":19535,"date":"2024-11-03T20:17:44","date_gmt":"2024-11-03T11:17:44","guid":{"rendered":"https:\/\/sfashionaccessories.com\/?post_type=product&#038;p=19535"},"modified":"2026-03-31T12:43:08","modified_gmt":"2026-03-31T03:43:08","slug":"batom-terracota-to-ousada-finerrimo-quem-disse-berenice","status":"publish","type":"product","link":"https:\/\/sfashionaccessories.com\/?product=batom-terracota-to-ousada-finerrimo-quem-disse-berenice","title":{"rendered":"Batom Terracota T\u00f4 Ousada Fin\u00e9rrimo Quem Disse Berenice"},"content":{"rendered":"<p>Imagine um batom que seca r\u00e1pido mas n\u00e3o resseca seus l\u00e1bios, e ainda fica com voc\u00ea o dia todo, enquanto hidrata?O Batom L\u00edquido Terracota T\u00f4 Ousada Fin\u00e9rrimo \u00e9 a evolu\u00e7\u00e3o em forma de batom. Com uma textura fina e ultraconfort\u00e1vel, possui cobertura mate fin\u00e9rrima e em 30 segundos: passou, secou, sem ressecar. Afinal, boca sequinha sim, craquelada, jamais!O batom fin\u00e9rrimo entrega s\u00f3 coisa boa:Textura aveludada;Longa Dura\u00e7\u00e3o;N\u00e3o cumula nos vincos da boca;Dermatologicamente e clinicamente testado.Desde a primeira aplica\u00e7\u00e3o, voc\u00ea perceber\u00e1 seus l\u00e1bios ultrapigmentados com a cor terracota, que vai te deixar ousada para qualquer ocasi\u00e3o, seja um momento especial ou um rol\u00ea de \u00faltima hora com os amigos.Al\u00e9m disso, o batom l\u00edquido Quem Disse Berenice? vem com um poderoso complexo de Vitaminas (B, E, F) para manter seus l\u00e1bios hidratados e vitaminados.S\u00f3 Quem Disse Berenice? mesmo para criar um batom que \u00e9 uma verdadeira evolu\u00e7\u00e3o quando o assunto \u00e9 te deixar fin\u00e9rrima.<\/p>\n","protected":false},"excerpt":{"rendered":"<p>Imagine um batom que seca r\u00e1pido mas n\u00e3o resseca seus l\u00e1bios, e ainda fica com voc\u00ea o dia todo, enquanto hidrata?O Batom L\u00edquido Terracota T\u00f4 Ousada Fin\u00e9rrimo \u00e9 a evolu\u00e7\u00e3o em forma de batom. Com uma textura fina e ultraconfort\u00e1vel, possui cobertura mate fin\u00e9rrima e em 30 segundos: passou, secou, sem ressecar. Afinal, boca sequinha [&hellip;]<\/p>\n","protected":false},"featured_media":19539,"comment_status":"open","ping_status":"closed","template":"","meta":{"_kadence_starter_templates_imported_post":false},"product_brand":[],"product_cat":[609,206,205,835],"product_tag":[611,610,272,676,918],"class_list":{"0":"post-19535","1":"product","2":"type-product","3":"status-publish","4":"has-post-thumbnail","6":"product_cat-batom","7":"product_cat-cosmeticos-cremes-hidradantesperfumes","8":"product_cat-baton-po-brush-maquiagem","9":"product_cat-quem-disse-berenice","10":"product_tag-batom","11":"product_tag-batom-liquido","12":"product_tag-cosmeticos","13":"product_tag-maquiagem","14":"product_tag-quem-disse-berenice","16":"first","17":"outofstock","18":"shipping-taxable","19":"purchasable","20":"product-type-simple"},"_links":{"self":[{"href":"https:\/\/sfashionaccessories.com\/index.php?rest_route=\/wp\/v2\/product\/19535","targetHints":{"allow":["GET"]}}],"collection":[{"href":"https:\/\/sfashionaccessories.com\/index.php?rest_route=\/wp\/v2\/product"}],"about":[{"href":"https:\/\/sfashionaccessories.com\/index.php?rest_route=\/wp\/v2\/types\/product"}],"replies":[{"embeddable":true,"href":"https:\/\/sfashionaccessories.com\/index.php?rest_route=%2Fwp%2Fv2%2Fcomments&post=19535"}],"wp:featuredmedia":[{"embeddable":true,"href":"https:\/\/sfashionaccessories.com\/index.php?rest_route=\/wp\/v2\/media\/19539"}],"wp:attachment":[{"href":"https:\/\/sfashionaccessories.com\/index.php?rest_route=%2Fwp%2Fv2%2Fmedia&parent=19535"}],"wp:term":[{"taxonomy":"product_brand","embeddable":true,"href":"https:\/\/sfashionaccessories.com\/index.php?rest_route=%2Fwp%2Fv2%2Fproduct_brand&post=19535"},{"taxonomy":"product_cat","embeddable":true,"href":"https:\/\/sfashionaccessories.com\/index.php?rest_route=%2Fwp%2Fv2%2Fproduct_cat&post=19535"},{"taxonomy":"product_tag","embeddable":true,"href":"https:\/\/sfashionaccessories.com\/index.php?rest_route=%2Fwp%2Fv2%2Fproduct_tag&post=19535"}],"curies":[{"name":"wp","href":"https:\/\/api.w.org\/{rel}","templated":true}]}}