{"id":19561,"date":"2024-11-05T19:09:20","date_gmt":"2024-11-05T10:09:20","guid":{"rendered":"https:\/\/sfashionaccessories.com\/?post_type=product&#038;p=19561"},"modified":"2025-03-18T23:53:16","modified_gmt":"2025-03-18T14:53:16","slug":"desodorante-spray-kaiak-o2-masculino-100-ml-natura","status":"publish","type":"product","link":"https:\/\/sfashionaccessories.com\/?product=desodorante-spray-kaiak-o2-masculino-100-ml-natura","title":{"rendered":"Desodorante Spray Kaiak O2 Masculino 100 ml &#8211; Natura"},"content":{"rendered":"<div class=\"relative flex\">\n<div class=\"flex gap-2 items-center\"><span class=\"text-sm font-bold\">Sensa\u00e7\u00e3o de frescor e bem-estar para o corpo todo com fragr\u00e2ncias inspiradas nos maiores sucessos da Perfumaria Natura.<\/span><\/div>\n<\/div>\n<div class=\"relative flex\">\n<div class=\"flex gap-2 items-center\">\n<p>N\u00e3o h\u00e1 nada melhor que a sensa\u00e7\u00e3o de bem-estar e frescor que voc\u00ea sente quando se cuida. O Desodorante Corporal Kaiak O2 Masculino foi desenvolvido para manter voc\u00ea protegido e perfumado ao longo do dia, com fragr\u00e2ncia inspirada em um dos maiores sucessos da perfumaria Natura. Sua f\u00f3rmula combina tecnologia desodorante que protege contra os odores da transpira\u00e7\u00e3o com perfuma\u00e7\u00e3o que \u00e9 perfeita para o seu dia a dia. Sensa\u00e7\u00e3o de frescor e bem-estar para o corpo todo. Este produto possui refil.<\/p>\n<p>&nbsp;<\/p>\n<p><strong>Benef\u00edcios<\/strong><\/p>\n<p><strong>\u2022<\/strong>\u00a0Perfuma o corpo todo.<\/p>\n<p><strong>\u2022<\/strong>\u00a0Protege contra os odores da transpira\u00e7\u00e3o.<\/p>\n<p><strong>\u2022<\/strong>\u00a0Produto sem sal de alum\u00ednio.<\/p>\n<p><strong>\u2022<\/strong>\u00a0Embalagem leve e pr\u00e1tica com trava na tampa, para levar para onde for e usar quando quiser.<\/p>\n<p><strong>\u2022<\/strong>\u00a0Fragr\u00e2ncia de sucesso da Perfumaria Natura.<\/p>\n<p><strong>\u2022<\/strong>\u00a0Produto vegano.<\/p>\n<\/div>\n<\/div>\n","protected":false},"excerpt":{"rendered":"<p>Sensa\u00e7\u00e3o de frescor e bem-estar para o corpo todo com fragr\u00e2ncias inspiradas nos maiores sucessos da Perfumaria Natura. N\u00e3o h\u00e1 nada melhor que a sensa\u00e7\u00e3o de bem-estar e frescor que voc\u00ea sente quando se cuida. O Desodorante Corporal Kaiak O2 Masculino foi desenvolvido para manter voc\u00ea protegido e perfumado ao longo do dia, com fragr\u00e2ncia [&hellip;]<\/p>\n","protected":false},"featured_media":19562,"comment_status":"open","ping_status":"closed","template":"","meta":{"_kadence_starter_templates_imported_post":false},"product_brand":[],"product_cat":[15,713,206,213,294,203],"product_tag":[239,572,234],"class_list":{"0":"post-19561","1":"product","2":"type-product","3":"status-publish","4":"has-post-thumbnail","6":"product_cat-padrao","7":"product_cat-colonia","8":"product_cat-cosmeticos-cremes-hidradantesperfumes","9":"product_cat-desodorantes-anti-transpirantes","10":"product_cat-masculino","11":"product_cat-natura-creme-oleo-sabonete-perfume","12":"product_tag-desodorante","13":"product_tag-masculino","14":"product_tag-natura","16":"first","17":"outofstock","18":"shipping-taxable","19":"purchasable","20":"product-type-simple"},"_links":{"self":[{"href":"https:\/\/sfashionaccessories.com\/index.php?rest_route=\/wp\/v2\/product\/19561","targetHints":{"allow":["GET"]}}],"collection":[{"href":"https:\/\/sfashionaccessories.com\/index.php?rest_route=\/wp\/v2\/product"}],"about":[{"href":"https:\/\/sfashionaccessories.com\/index.php?rest_route=\/wp\/v2\/types\/product"}],"replies":[{"embeddable":true,"href":"https:\/\/sfashionaccessories.com\/index.php?rest_route=%2Fwp%2Fv2%2Fcomments&post=19561"}],"wp:featuredmedia":[{"embeddable":true,"href":"https:\/\/sfashionaccessories.com\/index.php?rest_route=\/wp\/v2\/media\/19562"}],"wp:attachment":[{"href":"https:\/\/sfashionaccessories.com\/index.php?rest_route=%2Fwp%2Fv2%2Fmedia&parent=19561"}],"wp:term":[{"taxonomy":"product_brand","embeddable":true,"href":"https:\/\/sfashionaccessories.com\/index.php?rest_route=%2Fwp%2Fv2%2Fproduct_brand&post=19561"},{"taxonomy":"product_cat","embeddable":true,"href":"https:\/\/sfashionaccessories.com\/index.php?rest_route=%2Fwp%2Fv2%2Fproduct_cat&post=19561"},{"taxonomy":"product_tag","embeddable":true,"href":"https:\/\/sfashionaccessories.com\/index.php?rest_route=%2Fwp%2Fv2%2Fproduct_tag&post=19561"}],"curies":[{"name":"wp","href":"https:\/\/api.w.org\/{rel}","templated":true}]}}