{"id":19570,"date":"2024-11-05T19:59:46","date_gmt":"2024-11-05T10:59:46","guid":{"rendered":"https:\/\/sfashionaccessories.com\/?post_type=product&#038;p=19570"},"modified":"2025-01-20T21:10:23","modified_gmt":"2025-01-20T12:10:23","slug":"nativa-spa-ameixa-dourada-o-boticario-creme-esfoliante-corporal-200g","status":"publish","type":"product","link":"https:\/\/sfashionaccessories.com\/?product=nativa-spa-ameixa-dourada-o-boticario-creme-esfoliante-corporal-200g","title":{"rendered":"Nativa SPA Ameixa Dourada o Botic\u00e1rio &#8211; Creme Esfoliante Corporal 200g"},"content":{"rendered":"<p>Creme esfoliante corporal. Com 3 tipos de part\u00edculas diferentes,\u00a0<strong>Nativa SPA Ameixa Dourada o Botic\u00e1rio<\/strong>\u00a0proporciona esfolia\u00e7\u00e3o potente que hidrata enquanto esfolia.<\/p>\n<p>O\u00a0<strong>Creme Esfoliante Corporal Nativa SPA Ameixa Dourada o Botic\u00e1rio<\/strong>\u00a0remove as impurezas e c\u00e9lulas mortas, deixando a sensa\u00e7\u00e3o de pele renovada e radiante. Ideal para o momento do banho, promove uma explos\u00e3o de fragr\u00e2ncia, brilhante e energizante, marcada pela sucul\u00eancia da Ameixa Dourada e notas cremosas e confort\u00e1veis que trazem sensualidade e radi\u00e2ncia. O resultado \u00e9 uma pele perfumada na medida certa, durante e ap\u00f3s o uso.<\/p>\n<p>&nbsp;<\/p>\n<p><strong>Nativa SPA\u00a0<\/strong>apresenta uma nova faceta da ameixa em sua vers\u00e3o mais sofisticada e dourada como o sol: a\u00a0<strong>Ameixa Dourada<\/strong>. Com a energia do amarelo em uma embalagem vibrante com pl\u00e1stico 100% vegetal e uma fragr\u00e2ncia energizante e sensual, essa linha \u00e9 ideal para a mulher que quer se sentir dourada por dentro: com um brilho que irradia e se destaca na multid\u00e3o, al\u00e9m de poderosa, livre e radiante, para viver a vida com intensidade<\/p>\n","protected":false},"excerpt":{"rendered":"<p>Creme esfoliante corporal. Com 3 tipos de part\u00edculas diferentes,\u00a0Nativa SPA Ameixa Dourada o Botic\u00e1rio\u00a0proporciona esfolia\u00e7\u00e3o potente que hidrata enquanto esfolia. O\u00a0Creme Esfoliante Corporal Nativa SPA Ameixa Dourada o Botic\u00e1rio\u00a0remove as impurezas e c\u00e9lulas mortas, deixando a sensa\u00e7\u00e3o de pele renovada e radiante. Ideal para o momento do banho, promove uma explos\u00e3o de fragr\u00e2ncia, brilhante e [&hellip;]<\/p>\n","protected":false},"featured_media":19571,"comment_status":"open","ping_status":"closed","template":"","meta":{"_kadence_starter_templates_imported_post":false},"product_brand":[],"product_cat":[206,322,540,282],"product_tag":[195,541,284],"class_list":{"0":"post-19570","1":"product","2":"type-product","3":"status-publish","4":"has-post-thumbnail","6":"product_cat-cosmeticos-cremes-hidradantesperfumes","7":"product_cat-cremes-hidratantes-oleos","8":"product_cat-esfoliante","9":"product_cat-o-boticario","10":"product_tag-creme-hidratante","11":"product_tag-esfoliante","12":"product_tag-o-boticario","14":"first","15":"outofstock","16":"sale","17":"shipping-taxable","18":"purchasable","19":"product-type-simple"},"_links":{"self":[{"href":"https:\/\/sfashionaccessories.com\/index.php?rest_route=\/wp\/v2\/product\/19570","targetHints":{"allow":["GET"]}}],"collection":[{"href":"https:\/\/sfashionaccessories.com\/index.php?rest_route=\/wp\/v2\/product"}],"about":[{"href":"https:\/\/sfashionaccessories.com\/index.php?rest_route=\/wp\/v2\/types\/product"}],"replies":[{"embeddable":true,"href":"https:\/\/sfashionaccessories.com\/index.php?rest_route=%2Fwp%2Fv2%2Fcomments&post=19570"}],"wp:featuredmedia":[{"embeddable":true,"href":"https:\/\/sfashionaccessories.com\/index.php?rest_route=\/wp\/v2\/media\/19571"}],"wp:attachment":[{"href":"https:\/\/sfashionaccessories.com\/index.php?rest_route=%2Fwp%2Fv2%2Fmedia&parent=19570"}],"wp:term":[{"taxonomy":"product_brand","embeddable":true,"href":"https:\/\/sfashionaccessories.com\/index.php?rest_route=%2Fwp%2Fv2%2Fproduct_brand&post=19570"},{"taxonomy":"product_cat","embeddable":true,"href":"https:\/\/sfashionaccessories.com\/index.php?rest_route=%2Fwp%2Fv2%2Fproduct_cat&post=19570"},{"taxonomy":"product_tag","embeddable":true,"href":"https:\/\/sfashionaccessories.com\/index.php?rest_route=%2Fwp%2Fv2%2Fproduct_tag&post=19570"}],"curies":[{"name":"wp","href":"https:\/\/api.w.org\/{rel}","templated":true}]}}