{"id":19597,"date":"2024-11-15T13:16:28","date_gmt":"2024-11-15T04:16:28","guid":{"rendered":"https:\/\/sfashionaccessories.com\/?post_type=product&#038;p=19597"},"modified":"2025-06-03T16:56:35","modified_gmt":"2025-06-03T07:56:35","slug":"batom-cremoso-vermelho-intense-pop-36g","status":"publish","type":"product","link":"https:\/\/sfashionaccessories.com\/?product=batom-cremoso-vermelho-intense-pop-36g","title":{"rendered":"Batom Cremoso Vermelho Intense Pop 3,6g"},"content":{"rendered":"<p class=\"product-description-name\">Batom Cremoso Rosa Malva Intense Pop!<span style=\"font-size: 16px;\">\u00a0\u00e9 a \u00faltima tend\u00eancia da moda quando o assunto \u00e9 make. Em\u00a0<\/span>edi\u00e7\u00e3o limitada,<span style=\"font-size: 16px;\">\u00a0a\u00a0<\/span>cor vermelha\u00a0<span style=\"font-size: 16px;\">entrega um\u00a0<\/span>tom vermelho<span style=\"font-size: 16px;\">\u00a0moderno e uniforme j\u00e1 na primeira aplica\u00e7\u00e3o, com uma textura cremosa super confort\u00e1vel e f\u00e1cil de aplicar.<\/span><\/p>\n<div class=\"product-description-content reset-allow-bold\">\n<p>Confira mais\u00a0 benef\u00edcios e se apaixone:<\/p>\n<p>\u2022 L\u00e1bios Hidratados<\/p>\n<p>\u2022 Cor Intensa<\/p>\n<p>\u2022 Alta Cobertura<\/p>\n<p>\u2022 Desliza confortavelmente.<\/p>\n<\/div>\n","protected":false},"excerpt":{"rendered":"<p>Batom Cremoso Rosa Malva Intense Pop!\u00a0\u00e9 a \u00faltima tend\u00eancia da moda quando o assunto \u00e9 make. Em\u00a0edi\u00e7\u00e3o limitada,\u00a0a\u00a0cor vermelha\u00a0entrega um\u00a0tom vermelho\u00a0moderno e uniforme j\u00e1 na primeira aplica\u00e7\u00e3o, com uma textura cremosa super confort\u00e1vel e f\u00e1cil de aplicar. Confira mais\u00a0 benef\u00edcios e se apaixone: \u2022 L\u00e1bios Hidratados \u2022 Cor Intensa \u2022 Alta Cobertura \u2022 Desliza confortavelmente.<\/p>\n","protected":false},"featured_media":19613,"comment_status":"open","ping_status":"closed","template":"","meta":{"_kadence_starter_templates_imported_post":false},"product_brand":[],"product_cat":[609,206,205,282],"product_tag":[611,272,676,284],"class_list":{"0":"post-19597","1":"product","2":"type-product","3":"status-publish","4":"has-post-thumbnail","6":"product_cat-batom","7":"product_cat-cosmeticos-cremes-hidradantesperfumes","8":"product_cat-baton-po-brush-maquiagem","9":"product_cat-o-boticario","10":"product_tag-batom","11":"product_tag-cosmeticos","12":"product_tag-maquiagem","13":"product_tag-o-boticario","15":"first","16":"instock","17":"shipping-taxable","18":"purchasable","19":"product-type-variable"},"_links":{"self":[{"href":"https:\/\/sfashionaccessories.com\/index.php?rest_route=\/wp\/v2\/product\/19597","targetHints":{"allow":["GET"]}}],"collection":[{"href":"https:\/\/sfashionaccessories.com\/index.php?rest_route=\/wp\/v2\/product"}],"about":[{"href":"https:\/\/sfashionaccessories.com\/index.php?rest_route=\/wp\/v2\/types\/product"}],"replies":[{"embeddable":true,"href":"https:\/\/sfashionaccessories.com\/index.php?rest_route=%2Fwp%2Fv2%2Fcomments&post=19597"}],"wp:featuredmedia":[{"embeddable":true,"href":"https:\/\/sfashionaccessories.com\/index.php?rest_route=\/wp\/v2\/media\/19613"}],"wp:attachment":[{"href":"https:\/\/sfashionaccessories.com\/index.php?rest_route=%2Fwp%2Fv2%2Fmedia&parent=19597"}],"wp:term":[{"taxonomy":"product_brand","embeddable":true,"href":"https:\/\/sfashionaccessories.com\/index.php?rest_route=%2Fwp%2Fv2%2Fproduct_brand&post=19597"},{"taxonomy":"product_cat","embeddable":true,"href":"https:\/\/sfashionaccessories.com\/index.php?rest_route=%2Fwp%2Fv2%2Fproduct_cat&post=19597"},{"taxonomy":"product_tag","embeddable":true,"href":"https:\/\/sfashionaccessories.com\/index.php?rest_route=%2Fwp%2Fv2%2Fproduct_tag&post=19597"}],"curies":[{"name":"wp","href":"https:\/\/api.w.org\/{rel}","templated":true}]}}