{"id":19615,"date":"2024-11-07T17:40:03","date_gmt":"2024-11-07T08:40:03","guid":{"rendered":"https:\/\/sfashionaccessories.com\/?post_type=product&#038;p=19615"},"modified":"2025-01-18T17:38:24","modified_gmt":"2025-01-18T08:38:24","slug":"nativa-spa-pitaya-hidratante-corporal-o-boticario-400-ml","status":"publish","type":"product","link":"https:\/\/sfashionaccessories.com\/?product=nativa-spa-pitaya-hidratante-corporal-o-boticario-400-ml","title":{"rendered":"Nativa Spa Pitaya Hidratante Corporal O Botic\u00e1rio 400 ml"},"content":{"rendered":"<p>A Lo\u00e7\u00e3o Hidratante Desodorante Corporal Nativa SP Pitaya entrega hidrata\u00e7\u00e3o intensa e um cheiro irresist\u00edvel para a pele.<\/p>\n<p>Formulado com \u00d3leo de Quinoa, auxilia na produ\u00e7\u00e3o do col\u00e1geno da pele, al\u00e9m de contar com a fragr\u00e2ncia incr\u00edvel de Pitaya.<\/p>\n<p>A fragr\u00e2ncia da lo\u00e7\u00e3o corporal desodoriza a pele com a combina\u00e7\u00e3o ideal da Pitaya, Framboesa e P\u00e9talas de Rosa.<\/p>\n<p>Essa mistura traz para sua rotina de autocuidado um Floral Frutal irresist\u00edvel.<\/p>\n<p>Benef\u00edcios:<\/p>\n<p>96% de ingredientes naturais; Pele macia e com aspecto saud\u00e1vel; Previne a perda de elasticidade da pele;<\/p>\n<p>Aumenta em 77% a produ\u00e7\u00e3o de col\u00e1geno da pele.<\/p>\n<p>&nbsp;<\/p>\n<p>Cont\u00e9m:400 ml<\/p>\n","protected":false},"excerpt":{"rendered":"<p>A Lo\u00e7\u00e3o Hidratante Desodorante Corporal Nativa SP Pitaya entrega hidrata\u00e7\u00e3o intensa e um cheiro irresist\u00edvel para a pele. Formulado com \u00d3leo de Quinoa, auxilia na produ\u00e7\u00e3o do col\u00e1geno da pele, al\u00e9m de contar com a fragr\u00e2ncia incr\u00edvel de Pitaya. A fragr\u00e2ncia da lo\u00e7\u00e3o corporal desodoriza a pele com a combina\u00e7\u00e3o ideal da Pitaya, Framboesa e [&hellip;]<\/p>\n","protected":false},"featured_media":19619,"comment_status":"open","ping_status":"closed","template":"","meta":{"_kadence_starter_templates_imported_post":false},"product_brand":[],"product_cat":[206,296,282],"product_tag":[272,195,284],"class_list":{"0":"post-19615","1":"product","2":"type-product","3":"status-publish","4":"has-post-thumbnail","6":"product_cat-cosmeticos-cremes-hidradantesperfumes","7":"product_cat-hidratantes-cremes","8":"product_cat-o-boticario","9":"product_tag-cosmeticos","10":"product_tag-creme-hidratante","11":"product_tag-o-boticario","13":"first","14":"outofstock","15":"sale","16":"shipping-taxable","17":"purchasable","18":"product-type-simple"},"_links":{"self":[{"href":"https:\/\/sfashionaccessories.com\/index.php?rest_route=\/wp\/v2\/product\/19615","targetHints":{"allow":["GET"]}}],"collection":[{"href":"https:\/\/sfashionaccessories.com\/index.php?rest_route=\/wp\/v2\/product"}],"about":[{"href":"https:\/\/sfashionaccessories.com\/index.php?rest_route=\/wp\/v2\/types\/product"}],"replies":[{"embeddable":true,"href":"https:\/\/sfashionaccessories.com\/index.php?rest_route=%2Fwp%2Fv2%2Fcomments&post=19615"}],"wp:featuredmedia":[{"embeddable":true,"href":"https:\/\/sfashionaccessories.com\/index.php?rest_route=\/wp\/v2\/media\/19619"}],"wp:attachment":[{"href":"https:\/\/sfashionaccessories.com\/index.php?rest_route=%2Fwp%2Fv2%2Fmedia&parent=19615"}],"wp:term":[{"taxonomy":"product_brand","embeddable":true,"href":"https:\/\/sfashionaccessories.com\/index.php?rest_route=%2Fwp%2Fv2%2Fproduct_brand&post=19615"},{"taxonomy":"product_cat","embeddable":true,"href":"https:\/\/sfashionaccessories.com\/index.php?rest_route=%2Fwp%2Fv2%2Fproduct_cat&post=19615"},{"taxonomy":"product_tag","embeddable":true,"href":"https:\/\/sfashionaccessories.com\/index.php?rest_route=%2Fwp%2Fv2%2Fproduct_tag&post=19615"}],"curies":[{"name":"wp","href":"https:\/\/api.w.org\/{rel}","templated":true}]}}