{"id":19739,"date":"2024-11-12T22:40:04","date_gmt":"2024-11-12T13:40:04","guid":{"rendered":"https:\/\/sfashionaccessories.com\/?post_type=product&#038;p=19739"},"modified":"2025-12-19T15:29:01","modified_gmt":"2025-12-19T06:29:01","slug":"cueca-mash-boxer-microfibra-sem-costura-711-01-c-2","status":"publish","type":"product","link":"https:\/\/sfashionaccessories.com\/?product=cueca-mash-boxer-microfibra-sem-costura-711-01-c-2","title":{"rendered":"Cueca Mash Boxer Microfibra Sem Costura 711.01 C\/2"},"content":{"rendered":"<div id=\"product-wrapper\" class=\"product-wrapper\">\n<div class=\"product-tabs\">\n<div class=\"tabs-content\">\n<div id=\"descricao\" class=\"tab rte description-ab active\">\n<p><span style=\"font-family: Arial; font-size: small;\">Desenvolvida com a avan\u00e7ada tecnologia sem costura, esta cueca elimina as costuras tradicionais, reduzindo pontos de fric\u00e7\u00e3o e oferecendo um ajuste suave e perfeito;<br \/>\nCont\u00e9m microfuros em seu tecido que auxiliam na respira\u00e7\u00e3o da pele;<br \/>\nSeu c\u00f3s \u00e9 personalizado com o nome da marca, garantindo um toque de estilo \u00fanico;<br \/>\nO kit cont\u00e9m 2 cuecas feitas para proporcionar flexibilidade e liberdade de movimentos;<br \/>\nPerfeita para acompanhar voc\u00ea em todas as atividades, mantendo-o sempre confort\u00e1vel e confiante;<br \/>\nGaranta o \u00f3timo custo\/benef\u00edcio que este kit oferece!<\/span><\/p>\n<p><span style=\"font-family: Arial; font-size: small;\">Composi\u00e7\u00e3o:<br \/>\n93% Poliamida<br \/>\n6% Elastano<br \/>\n1% Polipropileno<\/span><\/p>\n<\/div>\n<\/div>\n<\/div>\n<\/div>\n<div class=\"section-product-related\">\n<div class=\"container\">\n<div class=\"section-header\"><\/div>\n<\/div>\n<\/div>\n","protected":false},"excerpt":{"rendered":"<p>Desenvolvida com a avan\u00e7ada tecnologia sem costura, esta cueca elimina as costuras tradicionais, reduzindo pontos de fric\u00e7\u00e3o e oferecendo um ajuste suave e perfeito; Cont\u00e9m microfuros em seu tecido que auxiliam na respira\u00e7\u00e3o da pele; Seu c\u00f3s \u00e9 personalizado com o nome da marca, garantindo um toque de estilo \u00fanico; O kit cont\u00e9m 2 cuecas [&hellip;]<\/p>\n","protected":false},"featured_media":19742,"comment_status":"open","ping_status":"closed","template":"","meta":{"_kadence_starter_templates_imported_post":false},"product_brand":[],"product_cat":[571,788,29,294,731],"product_tag":[573,936,572,732],"class_list":{"0":"post-19739","1":"product","2":"type-product","3":"status-publish","4":"has-post-thumbnail","6":"product_cat-cuecas","7":"product_cat-kit","8":"product_cat-lingeries","9":"product_cat-masculino","10":"product_cat-mash","11":"product_tag-cuecas","12":"product_tag-fashion","13":"product_tag-masculino","14":"product_tag-mash","16":"first","17":"instock","18":"shipping-taxable","19":"purchasable","20":"product-type-variable"},"_links":{"self":[{"href":"https:\/\/sfashionaccessories.com\/index.php?rest_route=\/wp\/v2\/product\/19739","targetHints":{"allow":["GET"]}}],"collection":[{"href":"https:\/\/sfashionaccessories.com\/index.php?rest_route=\/wp\/v2\/product"}],"about":[{"href":"https:\/\/sfashionaccessories.com\/index.php?rest_route=\/wp\/v2\/types\/product"}],"replies":[{"embeddable":true,"href":"https:\/\/sfashionaccessories.com\/index.php?rest_route=%2Fwp%2Fv2%2Fcomments&post=19739"}],"wp:featuredmedia":[{"embeddable":true,"href":"https:\/\/sfashionaccessories.com\/index.php?rest_route=\/wp\/v2\/media\/19742"}],"wp:attachment":[{"href":"https:\/\/sfashionaccessories.com\/index.php?rest_route=%2Fwp%2Fv2%2Fmedia&parent=19739"}],"wp:term":[{"taxonomy":"product_brand","embeddable":true,"href":"https:\/\/sfashionaccessories.com\/index.php?rest_route=%2Fwp%2Fv2%2Fproduct_brand&post=19739"},{"taxonomy":"product_cat","embeddable":true,"href":"https:\/\/sfashionaccessories.com\/index.php?rest_route=%2Fwp%2Fv2%2Fproduct_cat&post=19739"},{"taxonomy":"product_tag","embeddable":true,"href":"https:\/\/sfashionaccessories.com\/index.php?rest_route=%2Fwp%2Fv2%2Fproduct_tag&post=19739"}],"curies":[{"name":"wp","href":"https:\/\/api.w.org\/{rel}","templated":true}]}}