{"id":19795,"date":"2024-11-16T16:21:30","date_gmt":"2024-11-16T07:21:30","guid":{"rendered":"https:\/\/sfashionaccessories.com\/?post_type=product&#038;p=19795"},"modified":"2026-03-22T16:05:27","modified_gmt":"2026-03-22T07:05:27","slug":"camisa-manga-longa-transpassada-endless","status":"publish","type":"product","link":"https:\/\/sfashionaccessories.com\/?product=camisa-manga-longa-transpassada-endless","title":{"rendered":"Camisa Manga Longa Transpassada Endless"},"content":{"rendered":"<div class=\"vtex-flex-layout-0-x-flexRow vtex-flex-layout-0-x-flexRow--container__description-pdp\">\n<div class=\"flex mt0 mb0 pt0 pb0 justify-start vtex-flex-layout-0-x-flexRowContent vtex-flex-layout-0-x-flexRowContent--container__description-pdp items-stretch w-100\">\n<div class=\"pr0 flex\">\n<div class=\"vtex-store-components-3-x-productDescriptionContainer\">\n<h2 class=\"vtex-store-components-3-x-productDescriptionTitle t-heading-5 mb5 mt0\">Descri\u00e7\u00e3o do produto<\/h2>\n<div class=\"vtex-store-components-3-x-productDescriptionText c-muted-1\">\n<div>A camisa feminina Endless \u00e9 feita de Air Viscose Slub Prime. Possui decote em formato de V com acabamento em pesponto, gola dupla, frente dupla transpassada com pregas na barra. Nas costas, detalhe de recorte com pesponto e el\u00e1stico na barra pra melhor ajuste e conforto. Manga longa com fechamento por bot\u00f5es nos punhos. \u00c9 um item confort\u00e1vel e estiloso para o outono e inverno<\/div>\n<\/div>\n<\/div>\n<\/div>\n<\/div>\n<\/div>\n<div>\n<div class=\"rovitex-apps-0-x-containerComposition\">\n<h4 class=\"rovitex-apps-0-x-titleComposition\">Composi\u00e7\u00e3o:<\/h4>\n<div class=\"rovitex-apps-0-x-textComposition\">\n<p>PECA TOTAL 2% ELASTANO 98% VISCOSE<\/p>\n<h4 class=\"rovitex-apps-0-x-accordionTitleSpecificationCustom\">Medidas do Produto<\/h4>\n<div class=\"rovitex-apps-0-x-accordionTextContainerSpecificationCustom\">\n<p>Medidas aproximadas da frente da pe\u00e7a:<\/p>\n<p>Comprimento P: 43 cm | M: 45 cm | G: 47 cm | GG: 49 cm<\/p>\n<p>Largura P: 50 cm | M: 52 cm | G: 54 cm | GG: 56 cm<\/p>\n<p>Comprimento manga P: 52,50 cm | M: 53,50 cm | G: 54,50 cm | GG: 55,50 cm<\/p>\n<p>Pe\u00e7a medida de lateral a lateral. Sugerimos comparar com alguma pe\u00e7a sua.<\/p>\n<\/div>\n<\/div>\n<\/div>\n<\/div>\n","protected":false},"excerpt":{"rendered":"<p>Descri\u00e7\u00e3o do produto A camisa feminina Endless \u00e9 feita de Air Viscose Slub Prime. Possui decote em formato de V com acabamento em pesponto, gola dupla, frente dupla transpassada com pregas na barra. Nas costas, detalhe de recorte com pesponto e el\u00e1stico na barra pra melhor ajuste e conforto. Manga longa com fechamento por bot\u00f5es [&hellip;]<\/p>\n","protected":false},"featured_media":19815,"comment_status":"open","ping_status":"closed","template":"","meta":{"_kadence_starter_templates_imported_post":false},"product_brand":[],"product_cat":[172,43,580,293],"product_tag":[135,936,395,188],"class_list":{"0":"post-19795","1":"product","2":"type-product","3":"status-publish","4":"has-post-thumbnail","6":"product_cat-blusas-tops-e-camisetas","7":"product_cat-blusas-camisetas-femininas","8":"product_cat-destaques","9":"product_cat-feminino","10":"product_tag-blusa","11":"product_tag-fashion","12":"product_tag-feminino","13":"product_tag-moda-feminina","15":"first","16":"instock","17":"sale","18":"shipping-taxable","19":"purchasable","20":"product-type-variable"},"_links":{"self":[{"href":"https:\/\/sfashionaccessories.com\/index.php?rest_route=\/wp\/v2\/product\/19795","targetHints":{"allow":["GET"]}}],"collection":[{"href":"https:\/\/sfashionaccessories.com\/index.php?rest_route=\/wp\/v2\/product"}],"about":[{"href":"https:\/\/sfashionaccessories.com\/index.php?rest_route=\/wp\/v2\/types\/product"}],"replies":[{"embeddable":true,"href":"https:\/\/sfashionaccessories.com\/index.php?rest_route=%2Fwp%2Fv2%2Fcomments&post=19795"}],"wp:featuredmedia":[{"embeddable":true,"href":"https:\/\/sfashionaccessories.com\/index.php?rest_route=\/wp\/v2\/media\/19815"}],"wp:attachment":[{"href":"https:\/\/sfashionaccessories.com\/index.php?rest_route=%2Fwp%2Fv2%2Fmedia&parent=19795"}],"wp:term":[{"taxonomy":"product_brand","embeddable":true,"href":"https:\/\/sfashionaccessories.com\/index.php?rest_route=%2Fwp%2Fv2%2Fproduct_brand&post=19795"},{"taxonomy":"product_cat","embeddable":true,"href":"https:\/\/sfashionaccessories.com\/index.php?rest_route=%2Fwp%2Fv2%2Fproduct_cat&post=19795"},{"taxonomy":"product_tag","embeddable":true,"href":"https:\/\/sfashionaccessories.com\/index.php?rest_route=%2Fwp%2Fv2%2Fproduct_tag&post=19795"}],"curies":[{"name":"wp","href":"https:\/\/api.w.org\/{rel}","templated":true}]}}