{"id":19838,"date":"2025-02-03T10:03:08","date_gmt":"2025-02-03T01:03:08","guid":{"rendered":"https:\/\/sfashionaccessories.com\/?post_type=product&#038;p=19838"},"modified":"2025-10-14T11:02:07","modified_gmt":"2025-10-14T02:02:07","slug":"presente-natura-homem-emocione-trio-de-sabonetes","status":"publish","type":"product","link":"https:\/\/sfashionaccessories.com\/?product=presente-natura-homem-emocione-trio-de-sabonetes","title":{"rendered":"Presente Natura Homem Emocione Trio de Sabonetes"},"content":{"rendered":"<div class=\"relative flex\">\n<div class=\"flex gap-2 items-center\"><span class=\"text-sm font-bold\">Presente para emocionar e n\u00e3o deixar ningu\u00e9m de fora.<\/span><\/div>\n<\/div>\n<div class=\"relative flex\">\n<div class=\"flex gap-2 items-center\">\n<p>Para garantir que todos sintam-se lembrados, escolha o Presente Natura Homem Emocion.e Trio de Sabonetes. S\u00e3o tr\u00eas sabonetes de 110 g cada, formulados com manteiga de cacau e glicerina vegetal para um barbear suave e confort\u00e1vel, com f\u00e1cil deslize da l\u00e2mina. Limpa sem ressecar a pele e perfuma o corpo todo com seu aroma amadeirado. Para deixar esse presente ainda mais especial, ele vem em uma caixa com\u00a0 uma fita metalizada estampada.<\/p>\n<p>&nbsp;<\/p>\n<p><strong>Conte\u00fado:<\/strong><\/p>\n<p>1 Caixa especial de sabonetes com 3 unidades de 110 g cada.<\/p>\n<\/div>\n<\/div>\n","protected":false},"excerpt":{"rendered":"<p>Presente para emocionar e n\u00e3o deixar ningu\u00e9m de fora. Para garantir que todos sintam-se lembrados, escolha o Presente Natura Homem Emocion.e Trio de Sabonetes. S\u00e3o tr\u00eas sabonetes de 110 g cada, formulados com manteiga de cacau e glicerina vegetal para um barbear suave e confort\u00e1vel, com f\u00e1cil deslize da l\u00e2mina. Limpa sem ressecar a pele [&hellip;]<\/p>\n","protected":false},"featured_media":19840,"comment_status":"open","ping_status":"closed","template":"","meta":{"_kadence_starter_templates_imported_post":false},"product_brand":[],"product_cat":[206,294,203],"product_tag":[272,572,234,191],"class_list":{"0":"post-19838","1":"product","2":"type-product","3":"status-publish","4":"has-post-thumbnail","6":"product_cat-cosmeticos-cremes-hidradantesperfumes","7":"product_cat-masculino","8":"product_cat-natura-creme-oleo-sabonete-perfume","9":"product_tag-cosmeticos","10":"product_tag-masculino","11":"product_tag-natura","12":"product_tag-sabonete","14":"first","15":"outofstock","16":"sale","17":"shipping-taxable","18":"purchasable","19":"product-type-simple"},"_links":{"self":[{"href":"https:\/\/sfashionaccessories.com\/index.php?rest_route=\/wp\/v2\/product\/19838","targetHints":{"allow":["GET"]}}],"collection":[{"href":"https:\/\/sfashionaccessories.com\/index.php?rest_route=\/wp\/v2\/product"}],"about":[{"href":"https:\/\/sfashionaccessories.com\/index.php?rest_route=\/wp\/v2\/types\/product"}],"replies":[{"embeddable":true,"href":"https:\/\/sfashionaccessories.com\/index.php?rest_route=%2Fwp%2Fv2%2Fcomments&post=19838"}],"wp:featuredmedia":[{"embeddable":true,"href":"https:\/\/sfashionaccessories.com\/index.php?rest_route=\/wp\/v2\/media\/19840"}],"wp:attachment":[{"href":"https:\/\/sfashionaccessories.com\/index.php?rest_route=%2Fwp%2Fv2%2Fmedia&parent=19838"}],"wp:term":[{"taxonomy":"product_brand","embeddable":true,"href":"https:\/\/sfashionaccessories.com\/index.php?rest_route=%2Fwp%2Fv2%2Fproduct_brand&post=19838"},{"taxonomy":"product_cat","embeddable":true,"href":"https:\/\/sfashionaccessories.com\/index.php?rest_route=%2Fwp%2Fv2%2Fproduct_cat&post=19838"},{"taxonomy":"product_tag","embeddable":true,"href":"https:\/\/sfashionaccessories.com\/index.php?rest_route=%2Fwp%2Fv2%2Fproduct_tag&post=19838"}],"curies":[{"name":"wp","href":"https:\/\/api.w.org\/{rel}","templated":true}]}}