{"id":19874,"date":"2024-11-23T16:01:26","date_gmt":"2024-11-23T07:01:26","guid":{"rendered":"https:\/\/sfashionaccessories.com\/?post_type=product&#038;p=19874"},"modified":"2025-12-06T20:25:20","modified_gmt":"2025-12-06T11:25:20","slug":"leau-de-lily-colonia-75ml","status":"publish","type":"product","link":"https:\/\/sfashionaccessories.com\/?product=leau-de-lily-colonia-75ml","title":{"rendered":"L&#8217;eau de Lily Col\u00f4nia 75ml"},"content":{"rendered":"<h2 class=\"product-description-name\">L&#8217;eau de Lily\u00a0 Col\u00f4nia 75ml<\/h2>\n<div class=\"product-description-content reset-allow-bold\">\n<p>Feito especialmente para quem\u00a0j\u00e1\u00a0ama a\u00a0<strong>marca de perfumaria feminina do Botic\u00e1rio\u00a0(ou sempre quis experimentar)\u00a0L&#8217;eau\u00a0de Lily<\/strong>\u00a0\u00e9\u00a0o primeiro desodorante col\u00f4nia de\u00a0Lily. Ele traz\u00a0uma fragr\u00e2ncia sofisticada mais fresca que transborda feminilidade, ideal para\u00a0te acompanhar no\u00a0dia a\u00a0dia.<\/p>\n<p>Inspirado\u00a0na mulher\u00a0que pode ser t\u00e3o\u00a0empoderada\u00a0quanto\u00a0sens\u00edvel,\u00a0<strong>L\u2019eau\u00a0de Lily\u00a0Desodorante Col\u00f4nia<\/strong>\u00a0conta com um toque de frescor e delicadeza\u00a0em uma assinatura floral e marcante.<\/p>\n<p>*8 entre 10 consumidores dizem que L&#8217;eau de Lily \u00e9 uma fragr\u00e2ncia que tem alta fixa\u00e7\u00e3o e deixa\u00a0rastro por onde passa.<\/p>\n<p>Agora voc\u00ea pode sentir\u00a0as facetas\u00a0\u00fanicas\u00a0dessa\u00a0<strong>fragr\u00e2ncia\u00a0feminina\u00a0da fam\u00edlia olfativa Floral\u00a0\u00a0<\/strong>na pele.<\/p>\n<p>L&#8217;eau de Lily, a ess\u00eancia de uma mulher leve e marcante!<\/p>\n<\/div>\n","protected":false},"excerpt":{"rendered":"<p>L&#8217;eau de Lily\u00a0 Col\u00f4nia 75ml Feito especialmente para quem\u00a0j\u00e1\u00a0ama a\u00a0marca de perfumaria feminina do Botic\u00e1rio\u00a0(ou sempre quis experimentar)\u00a0L&#8217;eau\u00a0de Lily\u00a0\u00e9\u00a0o primeiro desodorante col\u00f4nia de\u00a0Lily. Ele traz\u00a0uma fragr\u00e2ncia sofisticada mais fresca que transborda feminilidade, ideal para\u00a0te acompanhar no\u00a0dia a\u00a0dia. Inspirado\u00a0na mulher\u00a0que pode ser t\u00e3o\u00a0empoderada\u00a0quanto\u00a0sens\u00edvel,\u00a0L\u2019eau\u00a0de Lily\u00a0Desodorante Col\u00f4nia\u00a0conta com um toque de frescor e delicadeza\u00a0em uma assinatura floral e [&hellip;]<\/p>\n","protected":false},"featured_media":19875,"comment_status":"open","ping_status":"closed","template":"","meta":{"_kadence_starter_templates_imported_post":false},"product_brand":[],"product_cat":[206,276,278,293,282,251,295],"product_tag":[342,272,502,284,401],"class_list":{"0":"post-19874","1":"product","2":"type-product","3":"status-publish","4":"has-post-thumbnail","6":"product_cat-cosmeticos-cremes-hidradantesperfumes","7":"product_cat-desodorante","8":"product_cat-desodorante-feminino","9":"product_cat-feminino","10":"product_cat-o-boticario","11":"product_cat-perfume-perfumes","12":"product_cat-o-boticario-2","13":"product_tag-colonia","14":"product_tag-cosmeticos","15":"product_tag-desodorante-feminino","16":"product_tag-o-boticario","17":"product_tag-perfumes","19":"first","20":"instock","21":"sale","22":"shipping-taxable","23":"purchasable","24":"product-type-simple"},"_links":{"self":[{"href":"https:\/\/sfashionaccessories.com\/index.php?rest_route=\/wp\/v2\/product\/19874","targetHints":{"allow":["GET"]}}],"collection":[{"href":"https:\/\/sfashionaccessories.com\/index.php?rest_route=\/wp\/v2\/product"}],"about":[{"href":"https:\/\/sfashionaccessories.com\/index.php?rest_route=\/wp\/v2\/types\/product"}],"replies":[{"embeddable":true,"href":"https:\/\/sfashionaccessories.com\/index.php?rest_route=%2Fwp%2Fv2%2Fcomments&post=19874"}],"wp:featuredmedia":[{"embeddable":true,"href":"https:\/\/sfashionaccessories.com\/index.php?rest_route=\/wp\/v2\/media\/19875"}],"wp:attachment":[{"href":"https:\/\/sfashionaccessories.com\/index.php?rest_route=%2Fwp%2Fv2%2Fmedia&parent=19874"}],"wp:term":[{"taxonomy":"product_brand","embeddable":true,"href":"https:\/\/sfashionaccessories.com\/index.php?rest_route=%2Fwp%2Fv2%2Fproduct_brand&post=19874"},{"taxonomy":"product_cat","embeddable":true,"href":"https:\/\/sfashionaccessories.com\/index.php?rest_route=%2Fwp%2Fv2%2Fproduct_cat&post=19874"},{"taxonomy":"product_tag","embeddable":true,"href":"https:\/\/sfashionaccessories.com\/index.php?rest_route=%2Fwp%2Fv2%2Fproduct_tag&post=19874"}],"curies":[{"name":"wp","href":"https:\/\/api.w.org\/{rel}","templated":true}]}}