{"id":19993,"date":"2024-11-24T12:01:37","date_gmt":"2024-11-24T03:01:37","guid":{"rendered":"https:\/\/sfashionaccessories.com\/?post_type=product&#038;p=19993"},"modified":"2026-04-19T17:56:12","modified_gmt":"2026-04-19T08:56:12","slug":"calcinha-fio-dental-vanille-demillus-51042","status":"publish","type":"product","link":"https:\/\/sfashionaccessories.com\/?product=calcinha-fio-dental-vanille-demillus-51042","title":{"rendered":"Calcinha Fio-dental Branco Vanille DeMillus 51042"},"content":{"rendered":"<p>Em exclusiva renda el\u00e1stica. Frente em renda el\u00e1stica com leve transpar\u00eancia. Cintura alta e c\u00f3s duplo em microfibra el\u00e1stica light. Costas em tecido duplo, sem costura na bainha. N\u00e3o marca sob a roupa.<\/p>\n","protected":false},"excerpt":{"rendered":"<p>Em exclusiva renda el\u00e1stica. Frente em renda el\u00e1stica com leve transpar\u00eancia. Cintura alta e c\u00f3s duplo em microfibra el\u00e1stica light. Costas em tecido duplo, sem costura na bainha. N\u00e3o marca sob a roupa.<\/p>\n","protected":false},"featured_media":19992,"comment_status":"open","ping_status":"closed","template":"","meta":{"_kadence_starter_templates_imported_post":false},"product_brand":[],"product_cat":[215,268,293,29],"product_tag":[348,266,267],"class_list":{"0":"post-19993","1":"product","2":"type-product","3":"status-publish","4":"has-post-thumbnail","6":"product_cat-calcinhas-tangas-fio-dental","7":"product_cat-demillus","8":"product_cat-feminino","9":"product_cat-lingeries","10":"product_tag-calcinha","11":"product_tag-demillus","12":"product_tag-lingerie","14":"first","15":"instock","16":"shipping-taxable","17":"purchasable","18":"product-type-variable"},"_links":{"self":[{"href":"https:\/\/sfashionaccessories.com\/index.php?rest_route=\/wp\/v2\/product\/19993","targetHints":{"allow":["GET"]}}],"collection":[{"href":"https:\/\/sfashionaccessories.com\/index.php?rest_route=\/wp\/v2\/product"}],"about":[{"href":"https:\/\/sfashionaccessories.com\/index.php?rest_route=\/wp\/v2\/types\/product"}],"replies":[{"embeddable":true,"href":"https:\/\/sfashionaccessories.com\/index.php?rest_route=%2Fwp%2Fv2%2Fcomments&post=19993"}],"wp:featuredmedia":[{"embeddable":true,"href":"https:\/\/sfashionaccessories.com\/index.php?rest_route=\/wp\/v2\/media\/19992"}],"wp:attachment":[{"href":"https:\/\/sfashionaccessories.com\/index.php?rest_route=%2Fwp%2Fv2%2Fmedia&parent=19993"}],"wp:term":[{"taxonomy":"product_brand","embeddable":true,"href":"https:\/\/sfashionaccessories.com\/index.php?rest_route=%2Fwp%2Fv2%2Fproduct_brand&post=19993"},{"taxonomy":"product_cat","embeddable":true,"href":"https:\/\/sfashionaccessories.com\/index.php?rest_route=%2Fwp%2Fv2%2Fproduct_cat&post=19993"},{"taxonomy":"product_tag","embeddable":true,"href":"https:\/\/sfashionaccessories.com\/index.php?rest_route=%2Fwp%2Fv2%2Fproduct_tag&post=19993"}],"curies":[{"name":"wp","href":"https:\/\/api.w.org\/{rel}","templated":true}]}}