{"id":19997,"date":"2024-11-24T14:42:06","date_gmt":"2024-11-24T05:42:06","guid":{"rendered":"https:\/\/sfashionaccessories.com\/?post_type=product&#038;p=19997"},"modified":"2026-02-22T23:12:53","modified_gmt":"2026-02-22T14:12:53","slug":"calcinha-fio-dental-ultraleve-demillus-51467","status":"publish","type":"product","link":"https:\/\/sfashionaccessories.com\/?product=calcinha-fio-dental-ultraleve-demillus-51467","title":{"rendered":"Calcinha Fio-dental Ultraleve DeMillus 51467"},"content":{"rendered":"<p>Em microfibra el\u00e1stica Ultraleve. Cintura baixa. El\u00e1stico suave nas cavas. (Tamanho \u00fanico veste PP ao GR)<\/p>\n","protected":false},"excerpt":{"rendered":"<p>Em microfibra el\u00e1stica Ultraleve. Cintura baixa. El\u00e1stico suave nas cavas. (Tamanho \u00fanico veste PP ao GR)<\/p>\n","protected":false},"featured_media":20002,"comment_status":"open","ping_status":"closed","template":"","meta":{"_kadence_starter_templates_imported_post":false},"product_brand":[],"product_cat":[215,268,293,29],"product_tag":[266,395,267],"class_list":{"0":"post-19997","1":"product","2":"type-product","3":"status-publish","4":"has-post-thumbnail","6":"product_cat-calcinhas-tangas-fio-dental","7":"product_cat-demillus","8":"product_cat-feminino","9":"product_cat-lingeries","10":"product_tag-demillus","11":"product_tag-feminino","12":"product_tag-lingerie","14":"first","15":"instock","16":"shipping-taxable","17":"purchasable","18":"product-type-variable"},"_links":{"self":[{"href":"https:\/\/sfashionaccessories.com\/index.php?rest_route=\/wp\/v2\/product\/19997","targetHints":{"allow":["GET"]}}],"collection":[{"href":"https:\/\/sfashionaccessories.com\/index.php?rest_route=\/wp\/v2\/product"}],"about":[{"href":"https:\/\/sfashionaccessories.com\/index.php?rest_route=\/wp\/v2\/types\/product"}],"replies":[{"embeddable":true,"href":"https:\/\/sfashionaccessories.com\/index.php?rest_route=%2Fwp%2Fv2%2Fcomments&post=19997"}],"wp:featuredmedia":[{"embeddable":true,"href":"https:\/\/sfashionaccessories.com\/index.php?rest_route=\/wp\/v2\/media\/20002"}],"wp:attachment":[{"href":"https:\/\/sfashionaccessories.com\/index.php?rest_route=%2Fwp%2Fv2%2Fmedia&parent=19997"}],"wp:term":[{"taxonomy":"product_brand","embeddable":true,"href":"https:\/\/sfashionaccessories.com\/index.php?rest_route=%2Fwp%2Fv2%2Fproduct_brand&post=19997"},{"taxonomy":"product_cat","embeddable":true,"href":"https:\/\/sfashionaccessories.com\/index.php?rest_route=%2Fwp%2Fv2%2Fproduct_cat&post=19997"},{"taxonomy":"product_tag","embeddable":true,"href":"https:\/\/sfashionaccessories.com\/index.php?rest_route=%2Fwp%2Fv2%2Fproduct_tag&post=19997"}],"curies":[{"name":"wp","href":"https:\/\/api.w.org\/{rel}","templated":true}]}}